{"id":7601,"date":"2018-09-17T21:01:13","date_gmt":"2018-09-17T21:01:13","guid":{"rendered":"https:\/\/www.gites-dordogne-sarlat.fr\/how-to-choose-an-animal-park-dordogne-and-lot\/"},"modified":"2025-01-22T12:53:19","modified_gmt":"2025-01-22T12:53:19","slug":"how-to-choose-an-animal-park-dordogne-and-lot","status":"publish","type":"page","link":"https:\/\/www.gites-dordogne-sarlat.fr\/en\/informations\/discovery-of-perigord-noir\/how-to-choose-an-animal-park-dordogne-and-lot\/","title":{"rendered":"How to choose an animal park : Dordogne and Lot"},"content":{"rendered":"\t\t<div data-elementor-type=\"wp-page\" data-elementor-id=\"7601\" class=\"elementor elementor-7601 elementor-565\" data-elementor-post-type=\"page\">\n\t\t\t\t\t\t<section class=\"elementor-section elementor-top-section elementor-element elementor-element-c9021dc elementor-section-boxed elementor-section-height-default elementor-section-height-default\" data-id=\"c9021dc\" data-element_type=\"section\" data-e-type=\"section\">\n\t\t\t\t\t\t<div class=\"elementor-container elementor-column-gap-default\">\n\t\t\t\t\t<div class=\"elementor-column elementor-col-100 elementor-top-column elementor-element elementor-element-b27f5a5\" data-id=\"b27f5a5\" data-element_type=\"column\" data-e-type=\"column\">\n\t\t\t<div class=\"elementor-widget-wrap elementor-element-populated\">\n\t\t\t\t\t\t<div class=\"elementor-element elementor-element-9e9ac2c elementor-arrows-position-inside elementor-pagination-position-outside elementor-widget elementor-widget-image-carousel\" data-id=\"9e9ac2c\" data-element_type=\"widget\" data-e-type=\"widget\" data-settings=\"{&quot;slides_to_show&quot;:&quot;1&quot;,&quot;navigation&quot;:&quot;both&quot;,&quot;autoplay&quot;:&quot;yes&quot;,&quot;pause_on_hover&quot;:&quot;yes&quot;,&quot;pause_on_interaction&quot;:&quot;yes&quot;,&quot;autoplay_speed&quot;:5000,&quot;infinite&quot;:&quot;yes&quot;,&quot;effect&quot;:&quot;slide&quot;,&quot;speed&quot;:500}\" data-widget_type=\"image-carousel.default\">\n\t\t\t\t\t\t\t<div class=\"elementor-image-carousel-wrapper swiper\" role=\"region\" aria-roledescription=\"carousel\" aria-label=\"Image Carousel\" dir=\"ltr\">\n\t\t\t<div class=\"elementor-image-carousel swiper-wrapper\" aria-live=\"off\">\n\t\t\t\t\t\t\t\t<div class=\"swiper-slide\" role=\"group\" aria-roledescription=\"slide\" aria-label=\"1 of 6\"><figure class=\"swiper-slide-inner\"><img decoding=\"async\" class=\"swiper-slide-image\" src=\"https:\/\/www.gites-dordogne-sarlat.fr\/wp-content\/uploads\/2015\/09\/chevreau.jpg\" alt=\"chevreau\" \/><\/figure><\/div><div class=\"swiper-slide\" role=\"group\" aria-roledescription=\"slide\" aria-label=\"2 of 6\"><figure class=\"swiper-slide-inner\"><img decoding=\"async\" class=\"swiper-slide-image\" src=\"https:\/\/www.gites-dordogne-sarlat.fr\/wp-content\/uploads\/2015\/09\/Aquarium-du-Perigord-Noir-scaled-1-768x512.jpg\" alt=\"Aquarium-du-Perigord-Noir-scaled\" \/><\/figure><\/div><div class=\"swiper-slide\" role=\"group\" aria-roledescription=\"slide\" aria-label=\"3 of 6\"><figure class=\"swiper-slide-inner\"><img decoding=\"async\" class=\"swiper-slide-image\" src=\"https:\/\/www.gites-dordogne-sarlat.fr\/wp-content\/uploads\/2015\/09\/touron.jpg\" alt=\"touron\" \/><\/figure><\/div><div class=\"swiper-slide\" role=\"group\" aria-roledescription=\"slide\" aria-label=\"4 of 6\"><figure class=\"swiper-slide-inner\"><img decoding=\"async\" class=\"swiper-slide-image\" src=\"https:\/\/www.gites-dordogne-sarlat.fr\/wp-content\/uploads\/2015\/09\/ignuana-parc-768x336.jpg\" alt=\"ignuana parc\" \/><\/figure><\/div><div class=\"swiper-slide\" role=\"group\" aria-roledescription=\"slide\" aria-label=\"5 of 6\"><figure class=\"swiper-slide-inner\"><img decoding=\"async\" class=\"swiper-slide-image\" src=\"https:\/\/www.gites-dordogne-sarlat.fr\/wp-content\/uploads\/2015\/09\/loutre-calviac-768x513.jpg\" alt=\"loutre calviac\" \/><\/figure><\/div><div class=\"swiper-slide\" role=\"group\" aria-roledescription=\"slide\" aria-label=\"6 of 6\"><figure class=\"swiper-slide-inner\"><img decoding=\"async\" class=\"swiper-slide-image\" src=\"https:\/\/www.gites-dordogne-sarlat.fr\/wp-content\/uploads\/2015\/09\/calviac-perigord-768x384.jpg\" alt=\"calviac perigord\" \/><\/figure><\/div>\t\t\t<\/div>\n\t\t\t\t\t\t\t\t\t\t\t\t<div class=\"elementor-swiper-button elementor-swiper-button-prev\" role=\"button\" tabindex=\"0\">\n\t\t\t\t\t\t<svg aria-hidden=\"true\" class=\"e-font-icon-svg e-eicon-chevron-left\" viewBox=\"0 0 1000 1000\" xmlns=\"http:\/\/www.w3.org\/2000\/svg\"><path d=\"M646 125C629 125 613 133 604 142L308 442C296 454 292 471 292 487 292 504 296 521 308 533L604 854C617 867 629 875 646 875 663 875 679 871 692 858 704 846 713 829 713 812 713 796 708 779 692 767L438 487 692 225C700 217 708 204 708 187 708 171 704 154 692 142 675 129 663 125 646 125Z\"><\/path><\/svg>\t\t\t\t\t<\/div>\n\t\t\t\t\t<div class=\"elementor-swiper-button elementor-swiper-button-next\" role=\"button\" tabindex=\"0\">\n\t\t\t\t\t\t<svg aria-hidden=\"true\" class=\"e-font-icon-svg e-eicon-chevron-right\" viewBox=\"0 0 1000 1000\" xmlns=\"http:\/\/www.w3.org\/2000\/svg\"><path d=\"M696 533C708 521 713 504 713 487 713 471 708 454 696 446L400 146C388 133 375 125 354 125 338 125 325 129 313 142 300 154 292 171 292 187 292 204 296 221 308 233L563 492 304 771C292 783 288 800 288 817 288 833 296 850 308 863 321 871 338 875 354 875 371 875 388 867 400 854L696 533Z\"><\/path><\/svg>\t\t\t\t\t<\/div>\n\t\t\t\t\n\t\t\t\t\t\t\t\t\t<div class=\"swiper-pagination\"><\/div>\n\t\t\t\t\t\t\t\t\t<\/div>\n\t\t\t\t\t\t<\/div>\n\t\t\t\t\t<\/div>\n\t\t<\/div>\n\t\t\t\t\t<\/div>\n\t\t<\/section>\n\t\t\t\t<section class=\"elementor-section elementor-top-section elementor-element elementor-element-514ef76b elementor-section-boxed elementor-section-height-default elementor-section-height-default\" data-id=\"514ef76b\" data-element_type=\"section\" data-e-type=\"section\">\n\t\t\t\t\t\t<div class=\"elementor-container elementor-column-gap-default\">\n\t\t\t\t\t<div class=\"elementor-column elementor-col-100 elementor-top-column elementor-element elementor-element-134649b8\" data-id=\"134649b8\" data-element_type=\"column\" data-e-type=\"column\">\n\t\t\t<div class=\"elementor-widget-wrap elementor-element-populated\">\n\t\t\t\t\t\t<div class=\"elementor-element elementor-element-36980fcd elementor-widget elementor-widget-text-editor\" data-id=\"36980fcd\" data-element_type=\"widget\" data-e-type=\"widget\" data-widget_type=\"text-editor.default\">\n\t\t\t\t\t\t\t\t\t<div id=\"content-header\">\n<div id=\"titre\">\n<div id=\"content-header\">\n<div id=\"titre\">\n<h1 class=\"title\">Choosing an animal park: Dordogne and Lot, what are the best addresses for family visits!<\/h1>\n<\/div>\n<\/div>\n<div id=\"content-area\">\n<div id=\"node-155\" class=\"node node-type-page\">\n<div class=\"node-inner\">\n<div class=\"content\">\n<div class=\"field-field-img-bandeau\">\n\nThe Dordogne is the ideal destination for family stays. Walks, bike rides, canoes, visits to villages and historic monuments, there is no shortage of activities. And to please your children, don\u2019t hesitate to take them to one of the department\u2019s many animal parks. Zoos, farms, aquariums, reserves, here is our selection of addresses to absolutely visit during your next vacation.   \n\n<\/div>\n<h2>Educational and fun places<\/h2>\nIn these areas dedicated to animals, you can discover rare and protected species while having a pleasant time with your children. In addition, it is a good way to raise awareness of respect for fauna and flora while entertaining them. If they like fish and the seabed, the Aquarium du P\u00e9rigord Noir \u2013 Iguana Parc is the place to be. Indeed, it is the largest private freshwater aquarium in Europe where more than 6,000 fish live in their element in a captivating universe with tropical vegetation around the pools. The change of scenery is immediate! In addition, after admiring the fish, you can take a walk at the Iguana Park where you will see pythons and iguanas. A different place but just as fascinating. If your children prefer dinosaurs, we advise you to take the road to Saint-L\u00e9on-sur-V\u00e9z\u00e8re, in Dordogne and stroll through Le Conquil, an animal park with reconstituted dinosaurs to go back in time for the space of a afternoon.       \n<h2>Places where endangered species are preserved<\/h2>\nIn the Dordogne, you will also find zoological reserves where rare species are protected. 10 km from Sarlat is the magnificent Calviac reserve. On 3 hectares, 200 animals are welcomed (around thirty species). There are lemurs, maned wolves, barn owls, European minks and even Parma wallabies. Here, the objective is not to exhibit species but to protect them by offering them a natural habitat in which they are safe. Another place to see at all costs, the Touron farm in Campsegret, in the heart of the countryside. In around twenty hectares of forest and plain, more than 400 animals from all over the world live. You even have the possibility of approaching them to pet them! Llamas, zebras, goats, deer, 4-horned sheep, and many others populate this farm. Also take advantage of your visit to stroll through the park which is splendid at any time of the year!    \n\n    \n\n<\/div>\n<\/div>\n<\/div>\n<\/div>\n<div><\/div>\n<div><\/div>\n<div><\/div>\n<\/div>\n<\/div>\t\t\t\t\t\t\t\t<\/div>\n\t\t\t\t\t<\/div>\n\t\t<\/div>\n\t\t\t\t\t<\/div>\n\t\t<\/section>\n\t\t\t\t<\/div>\n\t\t","protected":false},"excerpt":{"rendered":"<p>\/*! elementor &#8211; v3.12.2 &#8211; 23-04-2023 *\/<br \/>\n.elementor-widget-image-carousel .swiper,.elementor-widget-image-carousel .swiper-container{position:static}.elementor-widget-image-carousel .swiper-container .swiper-slide figure,.elementor-widget-image-carousel .swiper .swiper-slide figure{line-height:inherit}.elementor-widget-image-carousel .swiper-slide{text-align:center}.elementor-image-carousel-wrapper:not(.swiper-container-initialized) .swiper-slide,.elementor-image-carousel-wrapper:not(.swiper-initialized) .swiper-slide{max-width:calc(100% \/ var(&#8211;e-image-carousel-slides-to-show, 3))}<\/p>\n<p>\n\t\t\t\t\t\t\t\t\t\t\t\tPr\u00e9c\u00e9dent<br \/>\n\t\t\t\t\t\t\t\t\t\t\t\tSuivant<br \/>\nChoosing an animal park: Dordogne and Lot, what are the best addresses for family visits!<br \/>\nThe Dordogne is the ideal destination for family stays. Walks, <\/p>\n","protected":false},"author":2,"featured_media":0,"parent":7677,"menu_order":0,"comment_status":"closed","ping_status":"closed","template":"","meta":{"footnotes":""},"class_list":["post-7601","page","type-page","status-publish","hentry"],"yoast_head":"<!-- This site is optimized with the Yoast SEO plugin v26.0 - https:\/\/yoast.com\/wordpress\/plugins\/seo\/ -->\n<title>Treat your children with these animal park visits!<\/title>\n<meta name=\"description\" content=\"Our children love animals, we love seeing them marvel! Take advantage of one of these parks for an unforgettable day with your family!\" \/>\n<meta name=\"robots\" content=\"index, follow, max-snippet:-1, max-image-preview:large, max-video-preview:-1\" \/>\n<link rel=\"canonical\" href=\"https:\/\/www.gites-dordogne-sarlat.fr\/en\/informations\/discovery-of-perigord-noir\/how-to-choose-an-animal-park-dordogne-and-lot\/\" \/>\n<meta property=\"og:locale\" content=\"en_US\" \/>\n<meta property=\"og:type\" content=\"article\" \/>\n<meta property=\"og:title\" content=\"Treat your children with these animal park visits!\" \/>\n<meta property=\"og:description\" content=\"Our children love animals, we love seeing them marvel! Take advantage of one of these parks for an unforgettable day with your family!\" \/>\n<meta property=\"og:url\" content=\"https:\/\/www.gites-dordogne-sarlat.fr\/en\/informations\/discovery-of-perigord-noir\/how-to-choose-an-animal-park-dordogne-and-lot\/\" \/>\n<meta property=\"og:site_name\" content=\"gites-dordogne-sarlat.fr\" \/>\n<meta property=\"article:modified_time\" content=\"2025-01-22T12:53:19+00:00\" \/>\n<meta property=\"og:image\" content=\"https:\/\/www.gites-dordogne-sarlat.fr\/wp-content\/uploads\/2015\/09\/chevreau.jpg\" \/>\n<meta name=\"twitter:card\" content=\"summary_large_image\" \/>\n<meta name=\"twitter:label1\" content=\"Est. reading time\" \/>\n\t<meta name=\"twitter:data1\" content=\"2 minutes\" \/>\n<script type=\"application\/ld+json\" class=\"yoast-schema-graph\">{\"@context\":\"https:\/\/schema.org\",\"@graph\":[{\"@type\":\"WebPage\",\"@id\":\"https:\/\/www.gites-dordogne-sarlat.fr\/en\/informations\/discovery-of-perigord-noir\/how-to-choose-an-animal-park-dordogne-and-lot\/\",\"url\":\"https:\/\/www.gites-dordogne-sarlat.fr\/en\/informations\/discovery-of-perigord-noir\/how-to-choose-an-animal-park-dordogne-and-lot\/\",\"name\":\"Treat your children with these animal park visits!\",\"isPartOf\":{\"@id\":\"https:\/\/www.gites-dordogne-sarlat.fr\/en\/#website\"},\"primaryImageOfPage\":{\"@id\":\"https:\/\/www.gites-dordogne-sarlat.fr\/en\/informations\/discovery-of-perigord-noir\/how-to-choose-an-animal-park-dordogne-and-lot\/#primaryimage\"},\"image\":{\"@id\":\"https:\/\/www.gites-dordogne-sarlat.fr\/en\/informations\/discovery-of-perigord-noir\/how-to-choose-an-animal-park-dordogne-and-lot\/#primaryimage\"},\"thumbnailUrl\":\"https:\/\/www.gites-dordogne-sarlat.fr\/wp-content\/uploads\/2015\/09\/chevreau.jpg\",\"datePublished\":\"2018-09-17T21:01:13+00:00\",\"dateModified\":\"2025-01-22T12:53:19+00:00\",\"description\":\"Our children love animals, we love seeing them marvel! Take advantage of one of these parks for an unforgettable day with your family!\",\"breadcrumb\":{\"@id\":\"https:\/\/www.gites-dordogne-sarlat.fr\/en\/informations\/discovery-of-perigord-noir\/how-to-choose-an-animal-park-dordogne-and-lot\/#breadcrumb\"},\"inLanguage\":\"en-US\",\"potentialAction\":[{\"@type\":\"ReadAction\",\"target\":[\"https:\/\/www.gites-dordogne-sarlat.fr\/en\/informations\/discovery-of-perigord-noir\/how-to-choose-an-animal-park-dordogne-and-lot\/\"]}]},{\"@type\":\"ImageObject\",\"inLanguage\":\"en-US\",\"@id\":\"https:\/\/www.gites-dordogne-sarlat.fr\/en\/informations\/discovery-of-perigord-noir\/how-to-choose-an-animal-park-dordogne-and-lot\/#primaryimage\",\"url\":\"https:\/\/www.gites-dordogne-sarlat.fr\/wp-content\/uploads\/2015\/09\/chevreau.jpg\",\"contentUrl\":\"https:\/\/www.gites-dordogne-sarlat.fr\/wp-content\/uploads\/2015\/09\/chevreau.jpg\"},{\"@type\":\"BreadcrumbList\",\"@id\":\"https:\/\/www.gites-dordogne-sarlat.fr\/en\/informations\/discovery-of-perigord-noir\/how-to-choose-an-animal-park-dordogne-and-lot\/#breadcrumb\",\"itemListElement\":[{\"@type\":\"ListItem\",\"position\":1,\"name\":\"Accueil\",\"item\":\"https:\/\/www.gites-dordogne-sarlat.fr\/en\/\"},{\"@type\":\"ListItem\",\"position\":2,\"name\":\"Informations\",\"item\":\"https:\/\/www.gites-dordogne-sarlat.fr\/en\/informations\/\"},{\"@type\":\"ListItem\",\"position\":3,\"name\":\"Discovery of P\u00e9rigord Noir\",\"item\":\"https:\/\/www.gites-dordogne-sarlat.fr\/en\/informations\/discovery-of-perigord-noir\/\"},{\"@type\":\"ListItem\",\"position\":4,\"name\":\"How to choose an animal park : Dordogne and Lot\"}]},{\"@type\":\"WebSite\",\"@id\":\"https:\/\/www.gites-dordogne-sarlat.fr\/en\/#website\",\"url\":\"https:\/\/www.gites-dordogne-sarlat.fr\/en\/\",\"name\":\"gites-dordogne-sarlat.fr\",\"description\":\"\",\"potentialAction\":[{\"@type\":\"SearchAction\",\"target\":{\"@type\":\"EntryPoint\",\"urlTemplate\":\"https:\/\/www.gites-dordogne-sarlat.fr\/en\/?s={search_term_string}\"},\"query-input\":{\"@type\":\"PropertyValueSpecification\",\"valueRequired\":true,\"valueName\":\"search_term_string\"}}],\"inLanguage\":\"en-US\"}]}<\/script>\n<!-- \/ Yoast SEO plugin. -->","yoast_head_json":{"title":"Treat your children with these animal park visits!","description":"Our children love animals, we love seeing them marvel! Take advantage of one of these parks for an unforgettable day with your family!","robots":{"index":"index","follow":"follow","max-snippet":"max-snippet:-1","max-image-preview":"max-image-preview:large","max-video-preview":"max-video-preview:-1"},"canonical":"https:\/\/www.gites-dordogne-sarlat.fr\/en\/informations\/discovery-of-perigord-noir\/how-to-choose-an-animal-park-dordogne-and-lot\/","og_locale":"en_US","og_type":"article","og_title":"Treat your children with these animal park visits!","og_description":"Our children love animals, we love seeing them marvel! Take advantage of one of these parks for an unforgettable day with your family!","og_url":"https:\/\/www.gites-dordogne-sarlat.fr\/en\/informations\/discovery-of-perigord-noir\/how-to-choose-an-animal-park-dordogne-and-lot\/","og_site_name":"gites-dordogne-sarlat.fr","article_modified_time":"2025-01-22T12:53:19+00:00","og_image":[{"url":"https:\/\/www.gites-dordogne-sarlat.fr\/wp-content\/uploads\/2015\/09\/chevreau.jpg","type":"","width":"","height":""}],"twitter_card":"summary_large_image","twitter_misc":{"Est. reading time":"2 minutes"},"schema":{"@context":"https:\/\/schema.org","@graph":[{"@type":"WebPage","@id":"https:\/\/www.gites-dordogne-sarlat.fr\/en\/informations\/discovery-of-perigord-noir\/how-to-choose-an-animal-park-dordogne-and-lot\/","url":"https:\/\/www.gites-dordogne-sarlat.fr\/en\/informations\/discovery-of-perigord-noir\/how-to-choose-an-animal-park-dordogne-and-lot\/","name":"Treat your children with these animal park visits!","isPartOf":{"@id":"https:\/\/www.gites-dordogne-sarlat.fr\/en\/#website"},"primaryImageOfPage":{"@id":"https:\/\/www.gites-dordogne-sarlat.fr\/en\/informations\/discovery-of-perigord-noir\/how-to-choose-an-animal-park-dordogne-and-lot\/#primaryimage"},"image":{"@id":"https:\/\/www.gites-dordogne-sarlat.fr\/en\/informations\/discovery-of-perigord-noir\/how-to-choose-an-animal-park-dordogne-and-lot\/#primaryimage"},"thumbnailUrl":"https:\/\/www.gites-dordogne-sarlat.fr\/wp-content\/uploads\/2015\/09\/chevreau.jpg","datePublished":"2018-09-17T21:01:13+00:00","dateModified":"2025-01-22T12:53:19+00:00","description":"Our children love animals, we love seeing them marvel! Take advantage of one of these parks for an unforgettable day with your family!","breadcrumb":{"@id":"https:\/\/www.gites-dordogne-sarlat.fr\/en\/informations\/discovery-of-perigord-noir\/how-to-choose-an-animal-park-dordogne-and-lot\/#breadcrumb"},"inLanguage":"en-US","potentialAction":[{"@type":"ReadAction","target":["https:\/\/www.gites-dordogne-sarlat.fr\/en\/informations\/discovery-of-perigord-noir\/how-to-choose-an-animal-park-dordogne-and-lot\/"]}]},{"@type":"ImageObject","inLanguage":"en-US","@id":"https:\/\/www.gites-dordogne-sarlat.fr\/en\/informations\/discovery-of-perigord-noir\/how-to-choose-an-animal-park-dordogne-and-lot\/#primaryimage","url":"https:\/\/www.gites-dordogne-sarlat.fr\/wp-content\/uploads\/2015\/09\/chevreau.jpg","contentUrl":"https:\/\/www.gites-dordogne-sarlat.fr\/wp-content\/uploads\/2015\/09\/chevreau.jpg"},{"@type":"BreadcrumbList","@id":"https:\/\/www.gites-dordogne-sarlat.fr\/en\/informations\/discovery-of-perigord-noir\/how-to-choose-an-animal-park-dordogne-and-lot\/#breadcrumb","itemListElement":[{"@type":"ListItem","position":1,"name":"Accueil","item":"https:\/\/www.gites-dordogne-sarlat.fr\/en\/"},{"@type":"ListItem","position":2,"name":"Informations","item":"https:\/\/www.gites-dordogne-sarlat.fr\/en\/informations\/"},{"@type":"ListItem","position":3,"name":"Discovery of P\u00e9rigord Noir","item":"https:\/\/www.gites-dordogne-sarlat.fr\/en\/informations\/discovery-of-perigord-noir\/"},{"@type":"ListItem","position":4,"name":"How to choose an animal park : Dordogne and Lot"}]},{"@type":"WebSite","@id":"https:\/\/www.gites-dordogne-sarlat.fr\/en\/#website","url":"https:\/\/www.gites-dordogne-sarlat.fr\/en\/","name":"gites-dordogne-sarlat.fr","description":"","potentialAction":[{"@type":"SearchAction","target":{"@type":"EntryPoint","urlTemplate":"https:\/\/www.gites-dordogne-sarlat.fr\/en\/?s={search_term_string}"},"query-input":{"@type":"PropertyValueSpecification","valueRequired":true,"valueName":"search_term_string"}}],"inLanguage":"en-US"}]}},"_links":{"self":[{"href":"https:\/\/www.gites-dordogne-sarlat.fr\/en\/wp-json\/wp\/v2\/pages\/7601","targetHints":{"allow":["GET"]}}],"collection":[{"href":"https:\/\/www.gites-dordogne-sarlat.fr\/en\/wp-json\/wp\/v2\/pages"}],"about":[{"href":"https:\/\/www.gites-dordogne-sarlat.fr\/en\/wp-json\/wp\/v2\/types\/page"}],"author":[{"embeddable":true,"href":"https:\/\/www.gites-dordogne-sarlat.fr\/en\/wp-json\/wp\/v2\/users\/2"}],"replies":[{"embeddable":true,"href":"https:\/\/www.gites-dordogne-sarlat.fr\/en\/wp-json\/wp\/v2\/comments?post=7601"}],"version-history":[{"count":1,"href":"https:\/\/www.gites-dordogne-sarlat.fr\/en\/wp-json\/wp\/v2\/pages\/7601\/revisions"}],"predecessor-version":[{"id":7602,"href":"https:\/\/www.gites-dordogne-sarlat.fr\/en\/wp-json\/wp\/v2\/pages\/7601\/revisions\/7602"}],"up":[{"embeddable":true,"href":"https:\/\/www.gites-dordogne-sarlat.fr\/en\/wp-json\/wp\/v2\/pages\/7677"}],"wp:attachment":[{"href":"https:\/\/www.gites-dordogne-sarlat.fr\/en\/wp-json\/wp\/v2\/media?parent=7601"}],"curies":[{"name":"wp","href":"https:\/\/api.w.org\/{rel}","templated":true}]}}