{"id":7605,"date":"2018-09-17T20:52:29","date_gmt":"2018-09-17T20:52:29","guid":{"rendered":"https:\/\/www.gites-dordogne-sarlat.fr\/the-dordogne-for-bike-rides\/"},"modified":"2025-01-22T12:53:19","modified_gmt":"2025-01-22T12:53:19","slug":"the-dordogne-for-bike-rides","status":"publish","type":"page","link":"https:\/\/www.gites-dordogne-sarlat.fr\/en\/informations\/discovery-of-perigord-noir\/the-dordogne-for-bike-rides\/","title":{"rendered":"The Dordogne for bike rides"},"content":{"rendered":"\t\t<div data-elementor-type=\"wp-page\" data-elementor-id=\"7605\" class=\"elementor elementor-7605 elementor-552\" data-elementor-post-type=\"page\">\n\t\t\t\t\t\t<section class=\"elementor-section elementor-top-section elementor-element elementor-element-583e701 elementor-section-boxed elementor-section-height-default elementor-section-height-default\" data-id=\"583e701\" data-element_type=\"section\" data-e-type=\"section\">\n\t\t\t\t\t\t<div class=\"elementor-container elementor-column-gap-default\">\n\t\t\t\t\t<div class=\"elementor-column elementor-col-100 elementor-top-column elementor-element elementor-element-1f5fc5c\" data-id=\"1f5fc5c\" data-element_type=\"column\" data-e-type=\"column\">\n\t\t\t<div class=\"elementor-widget-wrap elementor-element-populated\">\n\t\t\t\t\t\t<div class=\"elementor-element elementor-element-bb37db3 elementor-arrows-position-inside elementor-pagination-position-outside elementor-widget elementor-widget-image-carousel\" data-id=\"bb37db3\" data-element_type=\"widget\" data-e-type=\"widget\" data-settings=\"{&quot;slides_to_show&quot;:&quot;1&quot;,&quot;effect&quot;:&quot;fade&quot;,&quot;navigation&quot;:&quot;both&quot;,&quot;autoplay&quot;:&quot;yes&quot;,&quot;pause_on_hover&quot;:&quot;yes&quot;,&quot;pause_on_interaction&quot;:&quot;yes&quot;,&quot;autoplay_speed&quot;:5000,&quot;infinite&quot;:&quot;yes&quot;,&quot;speed&quot;:500}\" data-widget_type=\"image-carousel.default\">\n\t\t\t\t\t\t\t<div class=\"elementor-image-carousel-wrapper swiper\" role=\"region\" aria-roledescription=\"carousel\" aria-label=\"Image Carousel\" dir=\"ltr\">\n\t\t\t<div class=\"elementor-image-carousel swiper-wrapper\" aria-live=\"off\">\n\t\t\t\t\t\t\t\t<div class=\"swiper-slide\" role=\"group\" aria-roledescription=\"slide\" aria-label=\"1 of 8\"><figure class=\"swiper-slide-inner\"><img decoding=\"async\" class=\"swiper-slide-image\" src=\"https:\/\/www.gites-dordogne-sarlat.fr\/wp-content\/uploads\/2015\/09\/IMG_0758-768x512.jpg\" alt=\"groupe cyclo\" \/><\/figure><\/div><div class=\"swiper-slide\" role=\"group\" aria-roledescription=\"slide\" aria-label=\"2 of 8\"><figure class=\"swiper-slide-inner\"><img decoding=\"async\" class=\"swiper-slide-image\" src=\"https:\/\/www.gites-dordogne-sarlat.fr\/wp-content\/uploads\/2015\/09\/velo-768x576.jpg\" alt=\"cyclo groupe\" \/><\/figure><\/div><div class=\"swiper-slide\" role=\"group\" aria-roledescription=\"slide\" aria-label=\"3 of 8\"><figure class=\"swiper-slide-inner\"><img decoding=\"async\" class=\"swiper-slide-image\" src=\"https:\/\/www.gites-dordogne-sarlat.fr\/wp-content\/uploads\/2019\/01\/velo-vitesse-768x576.jpg\" alt=\"D\u00e9couverte \u00e0 v\u00e9lo\" \/><\/figure><\/div><div class=\"swiper-slide\" role=\"group\" aria-roledescription=\"slide\" aria-label=\"4 of 8\"><figure class=\"swiper-slide-inner\"><img decoding=\"async\" class=\"swiper-slide-image\" src=\"https:\/\/www.gites-dordogne-sarlat.fr\/wp-content\/uploads\/2015\/09\/velo-famille-768x576.jpg\" alt=\"velo famille groupe\" \/><\/figure><\/div><div class=\"swiper-slide\" role=\"group\" aria-roledescription=\"slide\" aria-label=\"5 of 8\"><figure class=\"swiper-slide-inner\"><img decoding=\"async\" class=\"swiper-slide-image\" src=\"https:\/\/www.gites-dordogne-sarlat.fr\/wp-content\/uploads\/2015\/09\/Balades-a-velo-768x494.jpg\" alt=\"Balades \u00e0 v\u00e9lo\" \/><\/figure><\/div><div class=\"swiper-slide\" role=\"group\" aria-roledescription=\"slide\" aria-label=\"6 of 8\"><figure class=\"swiper-slide-inner\"><img decoding=\"async\" class=\"swiper-slide-image\" src=\"https:\/\/www.gites-dordogne-sarlat.fr\/wp-content\/uploads\/2015\/09\/terrasse-key-west-coucher-soleil-2-768x432.jpg\" alt=\"terrasse key west soleil velo\" \/><\/figure><\/div><div class=\"swiper-slide\" role=\"group\" aria-roledescription=\"slide\" aria-label=\"7 of 8\"><figure class=\"swiper-slide-inner\"><img decoding=\"async\" class=\"swiper-slide-image\" src=\"https:\/\/www.gites-dordogne-sarlat.fr\/wp-content\/uploads\/2015\/09\/Strava-2-768x432.jpg\" alt=\"Strava cyclo\" \/><\/figure><\/div><div class=\"swiper-slide\" role=\"group\" aria-roledescription=\"slide\" aria-label=\"8 of 8\"><figure class=\"swiper-slide-inner\"><img decoding=\"async\" class=\"swiper-slide-image\" src=\"https:\/\/www.gites-dordogne-sarlat.fr\/wp-content\/uploads\/2015\/09\/Femme-a-velo-768x513.jpg\" alt=\"cyclo femme v\u00e9lo\" \/><\/figure><\/div>\t\t\t<\/div>\n\t\t\t\t\t\t\t\t\t\t\t\t<div class=\"elementor-swiper-button elementor-swiper-button-prev\" role=\"button\" tabindex=\"0\">\n\t\t\t\t\t\t<svg aria-hidden=\"true\" class=\"e-font-icon-svg e-eicon-chevron-left\" viewBox=\"0 0 1000 1000\" xmlns=\"http:\/\/www.w3.org\/2000\/svg\"><path d=\"M646 125C629 125 613 133 604 142L308 442C296 454 292 471 292 487 292 504 296 521 308 533L604 854C617 867 629 875 646 875 663 875 679 871 692 858 704 846 713 829 713 812 713 796 708 779 692 767L438 487 692 225C700 217 708 204 708 187 708 171 704 154 692 142 675 129 663 125 646 125Z\"><\/path><\/svg>\t\t\t\t\t<\/div>\n\t\t\t\t\t<div class=\"elementor-swiper-button elementor-swiper-button-next\" role=\"button\" tabindex=\"0\">\n\t\t\t\t\t\t<svg aria-hidden=\"true\" class=\"e-font-icon-svg e-eicon-chevron-right\" viewBox=\"0 0 1000 1000\" xmlns=\"http:\/\/www.w3.org\/2000\/svg\"><path d=\"M696 533C708 521 713 504 713 487 713 471 708 454 696 446L400 146C388 133 375 125 354 125 338 125 325 129 313 142 300 154 292 171 292 187 292 204 296 221 308 233L563 492 304 771C292 783 288 800 288 817 288 833 296 850 308 863 321 871 338 875 354 875 371 875 388 867 400 854L696 533Z\"><\/path><\/svg>\t\t\t\t\t<\/div>\n\t\t\t\t\n\t\t\t\t\t\t\t\t\t<div class=\"swiper-pagination\"><\/div>\n\t\t\t\t\t\t\t\t\t<\/div>\n\t\t\t\t\t\t<\/div>\n\t\t\t\t\t<\/div>\n\t\t<\/div>\n\t\t\t\t\t<\/div>\n\t\t<\/section>\n\t\t\t\t<section class=\"elementor-section elementor-top-section elementor-element elementor-element-6550cc34 elementor-section-boxed elementor-section-height-default elementor-section-height-default\" data-id=\"6550cc34\" data-element_type=\"section\" data-e-type=\"section\">\n\t\t\t\t\t\t<div class=\"elementor-container elementor-column-gap-default\">\n\t\t\t\t\t<div class=\"elementor-column elementor-col-100 elementor-top-column elementor-element elementor-element-4343e29a\" data-id=\"4343e29a\" data-element_type=\"column\" data-e-type=\"column\">\n\t\t\t<div class=\"elementor-widget-wrap elementor-element-populated\">\n\t\t\t\t\t\t<div class=\"elementor-element elementor-element-4567ecd4 elementor-widget elementor-widget-text-editor\" data-id=\"4567ecd4\" data-element_type=\"widget\" data-e-type=\"widget\" data-widget_type=\"text-editor.default\">\n\t\t\t\t\t\t\t\t\t<div id=\"content-header\">\n<div id=\"titre\">\n<h1 class=\"title\">The Dordogne, the ideal place for beautiful bike rides<\/h1>\n<\/div>\n<\/div>\n<div id=\"content-area\">\n<div id=\"node-160\" class=\"node node-type-page\">\n<div class=\"node-inner\">\n<div class=\"content\">\n<div class=\"field-field-img-bandeau\"><\/div>\nA historic department renowned for its caves, medieval remains and fortified villages, the Dordogne is also a dream destination for cyclists. Indeed, it is full of road circuits and marked trails that you can take by road bike or mountain bike, with family, friends or alone. In addition, by bike, you can admire the landscape, its diversity and enjoy spectacular panoramas while taking a ride in the heart of nature.  \n<h2>Un d\u00e9partement propice \u00e0 la pratique du cyclisme<\/h2>\nWith its greenways, its rather quiet secondary roads and its circuits, the Dordogne offers enthusiasts numerous cycling routes. During your walks, you can contemplate the valley, the castles and take a deep breath of fresh air. Along the waterways, numerous trails have been created. On the other hand, be careful because some routes are in the private domain. So you have to pay attention to the markings so as not to travel on a resident&#8217;s property. Numbers and colors have been assigned to each route. So, with just a glance you can assess the degree of difficulty.      \n<h2>Many routes to discover by bike<\/h2>\nIn the department, cycle tourism is particularly developed. Hikes are organized throughout the year by associations and clubs. But during your stay, nothing prevents you from exploring the Dordogne alone or with your loved ones. For your mountain bike rides, you have the right to use road bikes, paths in the countryside and in the woods and greenways such as that from Sarlat to Cazoules and the one that runs along the Isle valley. Of course, it is also possible to travel on the main roads but you must be extra careful, especially in summer. Finally, if you are looking for original circuits for unforgettable bike rides, do not hesitate to come and see us. We can advise you on routes around the area. We have negotiated rates for you with a professional rental company in our sector.      \n\n\n\n<\/div>\n<\/div>\n<\/div>\n<\/div>\t\t\t\t\t\t\t\t<\/div>\n\t\t\t\t\t<\/div>\n\t\t<\/div>\n\t\t\t\t\t<\/div>\n\t\t<\/section>\n\t\t\t\t<\/div>\n\t\t","protected":false},"excerpt":{"rendered":"<p>\/*! elementor &#8211; v3.12.2 &#8211; 23-04-2023 *\/<br \/>\n.elementor-widget-image-carousel .swiper,.elementor-widget-image-carousel .swiper-container{position:static}.elementor-widget-image-carousel .swiper-container .swiper-slide figure,.elementor-widget-image-carousel .swiper .swiper-slide figure{line-height:inherit}.elementor-widget-image-carousel .swiper-slide{text-align:center}.elementor-image-carousel-wrapper:not(.swiper-container-initialized) .swiper-slide,.elementor-image-carousel-wrapper:not(.swiper-initialized) .swiper-slide{max-width:calc(100% \/ var(&#8211;e-image-carousel-slides-to-show, 3))}<\/p>\n<p>\n\t\t\t\t\t\t\t\t\t\t\t\tPr\u00e9c\u00e9dent<br \/>\n\t\t\t\t\t\t\t\t\t\t\t\tSuivant<br \/>\nThe Dordogne, the ideal place for beautiful bike rides<br \/>\nA historic department renowned for its caves, medieval remains and fortified villages, the Dordogne <\/p>\n","protected":false},"author":2,"featured_media":0,"parent":7677,"menu_order":0,"comment_status":"closed","ping_status":"closed","template":"","meta":{"footnotes":""},"class_list":["post-7605","page","type-page","status-publish","hentry"],"yoast_head":"<!-- This site is optimized with the Yoast SEO plugin v26.0 - https:\/\/yoast.com\/wordpress\/plugins\/seo\/ -->\n<title>Discover the Dordogne by bike<\/title>\n<meta name=\"description\" content=\"The bike, ideal for traveling through the P\u00e9rigord Noir and stopping in front of a landscape or a restaurant! Without forgetting the beautiful architecture...\" \/>\n<meta name=\"robots\" content=\"index, follow, max-snippet:-1, max-image-preview:large, max-video-preview:-1\" \/>\n<link rel=\"canonical\" href=\"https:\/\/www.gites-dordogne-sarlat.fr\/en\/informations\/discovery-of-perigord-noir\/the-dordogne-for-bike-rides\/\" \/>\n<meta property=\"og:locale\" content=\"en_US\" \/>\n<meta property=\"og:type\" content=\"article\" \/>\n<meta property=\"og:title\" content=\"Discover the Dordogne by bike\" \/>\n<meta property=\"og:description\" content=\"The bike, ideal for traveling through the P\u00e9rigord Noir and stopping in front of a landscape or a restaurant! Without forgetting the beautiful architecture...\" \/>\n<meta property=\"og:url\" content=\"https:\/\/www.gites-dordogne-sarlat.fr\/en\/informations\/discovery-of-perigord-noir\/the-dordogne-for-bike-rides\/\" \/>\n<meta property=\"og:site_name\" content=\"gites-dordogne-sarlat.fr\" \/>\n<meta property=\"article:modified_time\" content=\"2025-01-22T12:53:19+00:00\" \/>\n<meta property=\"og:image\" content=\"https:\/\/www.gites-dordogne-sarlat.fr\/wp-content\/uploads\/2015\/09\/IMG_0758-768x512.jpg\" \/>\n<meta name=\"twitter:card\" content=\"summary_large_image\" \/>\n<meta name=\"twitter:label1\" content=\"Est. reading time\" \/>\n\t<meta name=\"twitter:data1\" content=\"2 minutes\" \/>\n<script type=\"application\/ld+json\" class=\"yoast-schema-graph\">{\"@context\":\"https:\/\/schema.org\",\"@graph\":[{\"@type\":\"WebPage\",\"@id\":\"https:\/\/www.gites-dordogne-sarlat.fr\/en\/informations\/discovery-of-perigord-noir\/the-dordogne-for-bike-rides\/\",\"url\":\"https:\/\/www.gites-dordogne-sarlat.fr\/en\/informations\/discovery-of-perigord-noir\/the-dordogne-for-bike-rides\/\",\"name\":\"Discover the Dordogne by bike\",\"isPartOf\":{\"@id\":\"https:\/\/www.gites-dordogne-sarlat.fr\/en\/#website\"},\"primaryImageOfPage\":{\"@id\":\"https:\/\/www.gites-dordogne-sarlat.fr\/en\/informations\/discovery-of-perigord-noir\/the-dordogne-for-bike-rides\/#primaryimage\"},\"image\":{\"@id\":\"https:\/\/www.gites-dordogne-sarlat.fr\/en\/informations\/discovery-of-perigord-noir\/the-dordogne-for-bike-rides\/#primaryimage\"},\"thumbnailUrl\":\"https:\/\/www.gites-dordogne-sarlat.fr\/wp-content\/uploads\/2015\/09\/IMG_0758-768x512.jpg\",\"datePublished\":\"2018-09-17T20:52:29+00:00\",\"dateModified\":\"2025-01-22T12:53:19+00:00\",\"description\":\"The bike, ideal for traveling through the P\u00e9rigord Noir and stopping in front of a landscape or a restaurant! Without forgetting the beautiful architecture...\",\"breadcrumb\":{\"@id\":\"https:\/\/www.gites-dordogne-sarlat.fr\/en\/informations\/discovery-of-perigord-noir\/the-dordogne-for-bike-rides\/#breadcrumb\"},\"inLanguage\":\"en-US\",\"potentialAction\":[{\"@type\":\"ReadAction\",\"target\":[\"https:\/\/www.gites-dordogne-sarlat.fr\/en\/informations\/discovery-of-perigord-noir\/the-dordogne-for-bike-rides\/\"]}]},{\"@type\":\"ImageObject\",\"inLanguage\":\"en-US\",\"@id\":\"https:\/\/www.gites-dordogne-sarlat.fr\/en\/informations\/discovery-of-perigord-noir\/the-dordogne-for-bike-rides\/#primaryimage\",\"url\":\"https:\/\/www.gites-dordogne-sarlat.fr\/wp-content\/uploads\/2015\/09\/IMG_0758-768x512.jpg\",\"contentUrl\":\"https:\/\/www.gites-dordogne-sarlat.fr\/wp-content\/uploads\/2015\/09\/IMG_0758-768x512.jpg\"},{\"@type\":\"BreadcrumbList\",\"@id\":\"https:\/\/www.gites-dordogne-sarlat.fr\/en\/informations\/discovery-of-perigord-noir\/the-dordogne-for-bike-rides\/#breadcrumb\",\"itemListElement\":[{\"@type\":\"ListItem\",\"position\":1,\"name\":\"Accueil\",\"item\":\"https:\/\/www.gites-dordogne-sarlat.fr\/en\/\"},{\"@type\":\"ListItem\",\"position\":2,\"name\":\"Informations\",\"item\":\"https:\/\/www.gites-dordogne-sarlat.fr\/en\/informations\/\"},{\"@type\":\"ListItem\",\"position\":3,\"name\":\"Discovery of P\u00e9rigord Noir\",\"item\":\"https:\/\/www.gites-dordogne-sarlat.fr\/en\/informations\/discovery-of-perigord-noir\/\"},{\"@type\":\"ListItem\",\"position\":4,\"name\":\"The Dordogne for bike rides\"}]},{\"@type\":\"WebSite\",\"@id\":\"https:\/\/www.gites-dordogne-sarlat.fr\/en\/#website\",\"url\":\"https:\/\/www.gites-dordogne-sarlat.fr\/en\/\",\"name\":\"gites-dordogne-sarlat.fr\",\"description\":\"\",\"potentialAction\":[{\"@type\":\"SearchAction\",\"target\":{\"@type\":\"EntryPoint\",\"urlTemplate\":\"https:\/\/www.gites-dordogne-sarlat.fr\/en\/?s={search_term_string}\"},\"query-input\":{\"@type\":\"PropertyValueSpecification\",\"valueRequired\":true,\"valueName\":\"search_term_string\"}}],\"inLanguage\":\"en-US\"}]}<\/script>\n<!-- \/ Yoast SEO plugin. -->","yoast_head_json":{"title":"Discover the Dordogne by bike","description":"The bike, ideal for traveling through the P\u00e9rigord Noir and stopping in front of a landscape or a restaurant! Without forgetting the beautiful architecture...","robots":{"index":"index","follow":"follow","max-snippet":"max-snippet:-1","max-image-preview":"max-image-preview:large","max-video-preview":"max-video-preview:-1"},"canonical":"https:\/\/www.gites-dordogne-sarlat.fr\/en\/informations\/discovery-of-perigord-noir\/the-dordogne-for-bike-rides\/","og_locale":"en_US","og_type":"article","og_title":"Discover the Dordogne by bike","og_description":"The bike, ideal for traveling through the P\u00e9rigord Noir and stopping in front of a landscape or a restaurant! Without forgetting the beautiful architecture...","og_url":"https:\/\/www.gites-dordogne-sarlat.fr\/en\/informations\/discovery-of-perigord-noir\/the-dordogne-for-bike-rides\/","og_site_name":"gites-dordogne-sarlat.fr","article_modified_time":"2025-01-22T12:53:19+00:00","og_image":[{"url":"https:\/\/www.gites-dordogne-sarlat.fr\/wp-content\/uploads\/2015\/09\/IMG_0758-768x512.jpg","type":"","width":"","height":""}],"twitter_card":"summary_large_image","twitter_misc":{"Est. reading time":"2 minutes"},"schema":{"@context":"https:\/\/schema.org","@graph":[{"@type":"WebPage","@id":"https:\/\/www.gites-dordogne-sarlat.fr\/en\/informations\/discovery-of-perigord-noir\/the-dordogne-for-bike-rides\/","url":"https:\/\/www.gites-dordogne-sarlat.fr\/en\/informations\/discovery-of-perigord-noir\/the-dordogne-for-bike-rides\/","name":"Discover the Dordogne by bike","isPartOf":{"@id":"https:\/\/www.gites-dordogne-sarlat.fr\/en\/#website"},"primaryImageOfPage":{"@id":"https:\/\/www.gites-dordogne-sarlat.fr\/en\/informations\/discovery-of-perigord-noir\/the-dordogne-for-bike-rides\/#primaryimage"},"image":{"@id":"https:\/\/www.gites-dordogne-sarlat.fr\/en\/informations\/discovery-of-perigord-noir\/the-dordogne-for-bike-rides\/#primaryimage"},"thumbnailUrl":"https:\/\/www.gites-dordogne-sarlat.fr\/wp-content\/uploads\/2015\/09\/IMG_0758-768x512.jpg","datePublished":"2018-09-17T20:52:29+00:00","dateModified":"2025-01-22T12:53:19+00:00","description":"The bike, ideal for traveling through the P\u00e9rigord Noir and stopping in front of a landscape or a restaurant! Without forgetting the beautiful architecture...","breadcrumb":{"@id":"https:\/\/www.gites-dordogne-sarlat.fr\/en\/informations\/discovery-of-perigord-noir\/the-dordogne-for-bike-rides\/#breadcrumb"},"inLanguage":"en-US","potentialAction":[{"@type":"ReadAction","target":["https:\/\/www.gites-dordogne-sarlat.fr\/en\/informations\/discovery-of-perigord-noir\/the-dordogne-for-bike-rides\/"]}]},{"@type":"ImageObject","inLanguage":"en-US","@id":"https:\/\/www.gites-dordogne-sarlat.fr\/en\/informations\/discovery-of-perigord-noir\/the-dordogne-for-bike-rides\/#primaryimage","url":"https:\/\/www.gites-dordogne-sarlat.fr\/wp-content\/uploads\/2015\/09\/IMG_0758-768x512.jpg","contentUrl":"https:\/\/www.gites-dordogne-sarlat.fr\/wp-content\/uploads\/2015\/09\/IMG_0758-768x512.jpg"},{"@type":"BreadcrumbList","@id":"https:\/\/www.gites-dordogne-sarlat.fr\/en\/informations\/discovery-of-perigord-noir\/the-dordogne-for-bike-rides\/#breadcrumb","itemListElement":[{"@type":"ListItem","position":1,"name":"Accueil","item":"https:\/\/www.gites-dordogne-sarlat.fr\/en\/"},{"@type":"ListItem","position":2,"name":"Informations","item":"https:\/\/www.gites-dordogne-sarlat.fr\/en\/informations\/"},{"@type":"ListItem","position":3,"name":"Discovery of P\u00e9rigord Noir","item":"https:\/\/www.gites-dordogne-sarlat.fr\/en\/informations\/discovery-of-perigord-noir\/"},{"@type":"ListItem","position":4,"name":"The Dordogne for bike rides"}]},{"@type":"WebSite","@id":"https:\/\/www.gites-dordogne-sarlat.fr\/en\/#website","url":"https:\/\/www.gites-dordogne-sarlat.fr\/en\/","name":"gites-dordogne-sarlat.fr","description":"","potentialAction":[{"@type":"SearchAction","target":{"@type":"EntryPoint","urlTemplate":"https:\/\/www.gites-dordogne-sarlat.fr\/en\/?s={search_term_string}"},"query-input":{"@type":"PropertyValueSpecification","valueRequired":true,"valueName":"search_term_string"}}],"inLanguage":"en-US"}]}},"_links":{"self":[{"href":"https:\/\/www.gites-dordogne-sarlat.fr\/en\/wp-json\/wp\/v2\/pages\/7605","targetHints":{"allow":["GET"]}}],"collection":[{"href":"https:\/\/www.gites-dordogne-sarlat.fr\/en\/wp-json\/wp\/v2\/pages"}],"about":[{"href":"https:\/\/www.gites-dordogne-sarlat.fr\/en\/wp-json\/wp\/v2\/types\/page"}],"author":[{"embeddable":true,"href":"https:\/\/www.gites-dordogne-sarlat.fr\/en\/wp-json\/wp\/v2\/users\/2"}],"replies":[{"embeddable":true,"href":"https:\/\/www.gites-dordogne-sarlat.fr\/en\/wp-json\/wp\/v2\/comments?post=7605"}],"version-history":[{"count":1,"href":"https:\/\/www.gites-dordogne-sarlat.fr\/en\/wp-json\/wp\/v2\/pages\/7605\/revisions"}],"predecessor-version":[{"id":7606,"href":"https:\/\/www.gites-dordogne-sarlat.fr\/en\/wp-json\/wp\/v2\/pages\/7605\/revisions\/7606"}],"up":[{"embeddable":true,"href":"https:\/\/www.gites-dordogne-sarlat.fr\/en\/wp-json\/wp\/v2\/pages\/7677"}],"wp:attachment":[{"href":"https:\/\/www.gites-dordogne-sarlat.fr\/en\/wp-json\/wp\/v2\/media?parent=7605"}],"curies":[{"name":"wp","href":"https:\/\/api.w.org\/{rel}","templated":true}]}}