{"id":7607,"date":"2017-06-28T16:36:37","date_gmt":"2017-06-28T16:36:37","guid":{"rendered":"https:\/\/www.gites-dordogne-sarlat.fr\/the-castles-of-perigord-noir\/"},"modified":"2025-01-22T12:53:18","modified_gmt":"2025-01-22T12:53:18","slug":"the-castles-of-perigord-noir","status":"publish","type":"page","link":"https:\/\/www.gites-dordogne-sarlat.fr\/en\/informations\/discovery-of-perigord-noir\/the-castles-of-perigord-noir\/","title":{"rendered":"The castles of P\u00e9rigord Noir"},"content":{"rendered":"\t\t<div data-elementor-type=\"wp-page\" data-elementor-id=\"7607\" class=\"elementor elementor-7607 elementor-477\" data-elementor-post-type=\"page\">\n\t\t\t\t\t\t<section class=\"elementor-section elementor-top-section elementor-element elementor-element-de4370f elementor-section-boxed elementor-section-height-default elementor-section-height-default\" data-id=\"de4370f\" data-element_type=\"section\" data-e-type=\"section\">\n\t\t\t\t\t\t<div class=\"elementor-container elementor-column-gap-default\">\n\t\t\t\t\t<div class=\"elementor-column elementor-col-100 elementor-top-column elementor-element elementor-element-e121e7b\" data-id=\"e121e7b\" data-element_type=\"column\" data-e-type=\"column\">\n\t\t\t<div class=\"elementor-widget-wrap elementor-element-populated\">\n\t\t\t\t\t\t<div class=\"elementor-element elementor-element-c1b28cb elementor-arrows-position-inside elementor-pagination-position-outside elementor-widget elementor-widget-image-carousel\" data-id=\"c1b28cb\" data-element_type=\"widget\" data-e-type=\"widget\" data-settings=\"{&quot;slides_to_show&quot;:&quot;1&quot;,&quot;effect&quot;:&quot;fade&quot;,&quot;navigation&quot;:&quot;both&quot;,&quot;autoplay&quot;:&quot;yes&quot;,&quot;pause_on_hover&quot;:&quot;yes&quot;,&quot;pause_on_interaction&quot;:&quot;yes&quot;,&quot;autoplay_speed&quot;:5000,&quot;infinite&quot;:&quot;yes&quot;,&quot;speed&quot;:500}\" data-widget_type=\"image-carousel.default\">\n\t\t\t\t\t\t\t<div class=\"elementor-image-carousel-wrapper swiper\" role=\"region\" aria-roledescription=\"carousel\" aria-label=\"Image Carousel\" dir=\"ltr\">\n\t\t\t<div class=\"elementor-image-carousel swiper-wrapper\" aria-live=\"off\">\n\t\t\t\t\t\t\t\t<div class=\"swiper-slide\" role=\"group\" aria-roledescription=\"slide\" aria-label=\"1 of 4\"><figure class=\"swiper-slide-inner\"><img decoding=\"async\" class=\"swiper-slide-image\" src=\"https:\/\/www.gites-dordogne-sarlat.fr\/wp-content\/uploads\/2015\/09\/beynac-768x576.jpg\" alt=\"beynac\" \/><\/figure><\/div><div class=\"swiper-slide\" role=\"group\" aria-roledescription=\"slide\" aria-label=\"2 of 4\"><figure class=\"swiper-slide-inner\"><img decoding=\"async\" class=\"swiper-slide-image\" src=\"https:\/\/www.gites-dordogne-sarlat.fr\/wp-content\/uploads\/2015\/09\/castelnaud-768x576.jpg\" alt=\"castelnaud\" \/><\/figure><\/div><div class=\"swiper-slide\" role=\"group\" aria-roledescription=\"slide\" aria-label=\"3 of 4\"><figure class=\"swiper-slide-inner\"><img decoding=\"async\" class=\"swiper-slide-image\" src=\"https:\/\/www.gites-dordogne-sarlat.fr\/wp-content\/uploads\/2015\/09\/Milandes-768x414.png\" alt=\"Milandes\" \/><\/figure><\/div><div class=\"swiper-slide\" role=\"group\" aria-roledescription=\"slide\" aria-label=\"4 of 4\"><figure class=\"swiper-slide-inner\"><img decoding=\"async\" class=\"swiper-slide-image\" src=\"https:\/\/www.gites-dordogne-sarlat.fr\/wp-content\/uploads\/2015\/09\/marqueyssac-jour-768x576.jpg\" alt=\"marqueyssac jour\" \/><\/figure><\/div>\t\t\t<\/div>\n\t\t\t\t\t\t\t\t\t\t\t\t<div class=\"elementor-swiper-button elementor-swiper-button-prev\" role=\"button\" tabindex=\"0\">\n\t\t\t\t\t\t<svg aria-hidden=\"true\" class=\"e-font-icon-svg e-eicon-chevron-left\" viewBox=\"0 0 1000 1000\" xmlns=\"http:\/\/www.w3.org\/2000\/svg\"><path d=\"M646 125C629 125 613 133 604 142L308 442C296 454 292 471 292 487 292 504 296 521 308 533L604 854C617 867 629 875 646 875 663 875 679 871 692 858 704 846 713 829 713 812 713 796 708 779 692 767L438 487 692 225C700 217 708 204 708 187 708 171 704 154 692 142 675 129 663 125 646 125Z\"><\/path><\/svg>\t\t\t\t\t<\/div>\n\t\t\t\t\t<div class=\"elementor-swiper-button elementor-swiper-button-next\" role=\"button\" tabindex=\"0\">\n\t\t\t\t\t\t<svg aria-hidden=\"true\" class=\"e-font-icon-svg e-eicon-chevron-right\" viewBox=\"0 0 1000 1000\" xmlns=\"http:\/\/www.w3.org\/2000\/svg\"><path d=\"M696 533C708 521 713 504 713 487 713 471 708 454 696 446L400 146C388 133 375 125 354 125 338 125 325 129 313 142 300 154 292 171 292 187 292 204 296 221 308 233L563 492 304 771C292 783 288 800 288 817 288 833 296 850 308 863 321 871 338 875 354 875 371 875 388 867 400 854L696 533Z\"><\/path><\/svg>\t\t\t\t\t<\/div>\n\t\t\t\t\n\t\t\t\t\t\t\t\t\t<div class=\"swiper-pagination\"><\/div>\n\t\t\t\t\t\t\t\t\t<\/div>\n\t\t\t\t\t\t<\/div>\n\t\t\t\t\t<\/div>\n\t\t<\/div>\n\t\t\t\t\t<\/div>\n\t\t<\/section>\n\t\t\t\t<section class=\"elementor-section elementor-top-section elementor-element elementor-element-7da665ea elementor-section-boxed elementor-section-height-default elementor-section-height-default\" data-id=\"7da665ea\" data-element_type=\"section\" data-e-type=\"section\">\n\t\t\t\t\t\t<div class=\"elementor-container elementor-column-gap-default\">\n\t\t\t\t\t<div class=\"elementor-column elementor-col-100 elementor-top-column elementor-element elementor-element-57aa21eb\" data-id=\"57aa21eb\" data-element_type=\"column\" data-e-type=\"column\">\n\t\t\t<div class=\"elementor-widget-wrap elementor-element-populated\">\n\t\t\t\t\t\t<div class=\"elementor-element elementor-element-145c1127 elementor-widget elementor-widget-text-editor\" data-id=\"145c1127\" data-element_type=\"widget\" data-e-type=\"widget\" data-widget_type=\"text-editor.default\">\n\t\t\t\t\t\t\t\t\t<div id=\"content-header\">\n<div id=\"titre\">\n<h1 class=\"title\">The P\u00e9rigord Noir, a historical heritage rich in castles!<\/h1>\n<\/div>\n<\/div>\n<div id=\"content-area\">\n<div id=\"node-149\" class=\"node node-type-page\">\n<div class=\"node-inner\">\n<div class=\"content\">\n<div class=\"field-field-img-bandeau\"> <\/div>\n<p>The Dordogne department has an important historical past. Many castles were built in the region, particularly in P\u00e9rigord Noir. Some date from the Middle Ages, others from the Renaissance, offering tourists and locals a wide choice of tourist and wonderful sites to visit. Between fortresses, manor houses, citadels and ancient stately homes, there is something for everyone!<\/p>\n<h2>Splendid monuments to discover<\/h2>\n<p>There are so many castles in the P\u00e9rigord Noir, we cannot afford to list them all. In fact, it is estimated that there are more than 1,000! Most can be visited with the family and depending on the location and the season, activities are also on the program for the visits to help you discover the areas from a more fun angle.<\/p>\n<p>Near our Holiday Village, you will find the Ch\u00e2teaux of Beynac, Castelnaud, Marqueyssac, Fenelon, Sauvebooeuf, Puymartin and that of Milandes. And if you are interested in the Middle Ages, do not hesitate to take a walk in one of the fortified medieval villages nearby, such as Domme and La Roque-Gageac. You will see remains of ancient towers and fortresses for example (and it\u2019s free!).<\/p>\n<h2>An ideal destination for families and history buffs<\/h2>\n<p>In the P\u00e9rigord Noir, many villages have been classified as \u201cMost Beautiful Villages in France\u201d. This is the case of certain small fortified towns mentioned above (Sarlat and Domme), but also of villages housing magnificent castles, such as Castelnaud-la-Chapelle, St Geni\u00e8s and Saint-L\u00e9on-sur-V\u00e9r\u00e8re. Thanks to its rich cultural heritage, this little corner of paradise in the Dordogne is perfect for a family vacation, especially if you love history and legends! There are so many picturesque and historic places to see that you will undoubtedly want to come back to try to visit them all!<\/p>\n<\/div>\n<\/div>\n<\/div>\n<\/div>\n\t\t\t\t\t\t\t\t<\/div>\n\t\t\t\t\t<\/div>\n\t\t<\/div>\n\t\t\t\t\t<\/div>\n\t\t<\/section>\n\t\t\t\t<\/div>\n\t\t","protected":false},"excerpt":{"rendered":"<p>\/*! elementor &#8211; v3.12.2 &#8211; 23-04-2023 *\/<br \/>\n.elementor-widget-image-carousel .swiper,.elementor-widget-image-carousel .swiper-container{position:static}.elementor-widget-image-carousel .swiper-container .swiper-slide figure,.elementor-widget-image-carousel .swiper .swiper-slide figure{line-height:inherit}.elementor-widget-image-carousel .swiper-slide{text-align:center}.elementor-image-carousel-wrapper:not(.swiper-container-initialized) .swiper-slide,.elementor-image-carousel-wrapper:not(.swiper-initialized) .swiper-slide{max-width:calc(100% \/ var(&#8211;e-image-carousel-slides-to-show, 3))}<\/p>\n<p>\n\t\t\t\t\t\t\t\t\t\t\t\tPr\u00e9c\u00e9dent<br \/>\n\t\t\t\t\t\t\t\t\t\t\t\tSuivant<br \/>\nThe P\u00e9rigord Noir, a historical heritage rich in castles!<br \/>\nThe Dordogne department has an important historical past. Many castles were built in the region, particularly in P\u00e9rigord <\/p>\n","protected":false},"author":2,"featured_media":0,"parent":7677,"menu_order":0,"comment_status":"open","ping_status":"closed","template":"","meta":{"footnotes":""},"class_list":["post-7607","page","type-page","status-publish","hentry"],"yoast_head":"<!-- This site is optimized with the Yoast SEO plugin v26.0 - https:\/\/yoast.com\/wordpress\/plugins\/seo\/ -->\n<title>The land of a thousand and one castles<\/title>\n<meta name=\"description\" content=\"An incredible concentration of medieval castles in this region which was the scene of the 100 Years&#039; War\" \/>\n<meta name=\"robots\" content=\"index, follow, max-snippet:-1, max-image-preview:large, max-video-preview:-1\" \/>\n<link rel=\"canonical\" href=\"https:\/\/www.gites-dordogne-sarlat.fr\/en\/informations\/discovery-of-perigord-noir\/the-castles-of-perigord-noir\/\" \/>\n<meta property=\"og:locale\" content=\"en_US\" \/>\n<meta property=\"og:type\" content=\"article\" \/>\n<meta property=\"og:title\" content=\"The land of a thousand and one castles\" \/>\n<meta property=\"og:description\" content=\"An incredible concentration of medieval castles in this region which was the scene of the 100 Years&#039; War\" \/>\n<meta property=\"og:url\" content=\"https:\/\/www.gites-dordogne-sarlat.fr\/en\/informations\/discovery-of-perigord-noir\/the-castles-of-perigord-noir\/\" \/>\n<meta property=\"og:site_name\" content=\"gites-dordogne-sarlat.fr\" \/>\n<meta property=\"article:modified_time\" content=\"2025-01-22T12:53:18+00:00\" \/>\n<meta property=\"og:image\" content=\"https:\/\/www.gites-dordogne-sarlat.fr\/wp-content\/uploads\/2015\/09\/beynac-768x576.jpg\" \/>\n<meta name=\"twitter:card\" content=\"summary_large_image\" \/>\n<meta name=\"twitter:label1\" content=\"Est. reading time\" \/>\n\t<meta name=\"twitter:data1\" content=\"2 minutes\" \/>\n<script type=\"application\/ld+json\" class=\"yoast-schema-graph\">{\"@context\":\"https:\/\/schema.org\",\"@graph\":[{\"@type\":\"WebPage\",\"@id\":\"https:\/\/www.gites-dordogne-sarlat.fr\/en\/informations\/discovery-of-perigord-noir\/the-castles-of-perigord-noir\/\",\"url\":\"https:\/\/www.gites-dordogne-sarlat.fr\/en\/informations\/discovery-of-perigord-noir\/the-castles-of-perigord-noir\/\",\"name\":\"The land of a thousand and one castles\",\"isPartOf\":{\"@id\":\"https:\/\/www.gites-dordogne-sarlat.fr\/en\/#website\"},\"primaryImageOfPage\":{\"@id\":\"https:\/\/www.gites-dordogne-sarlat.fr\/en\/informations\/discovery-of-perigord-noir\/the-castles-of-perigord-noir\/#primaryimage\"},\"image\":{\"@id\":\"https:\/\/www.gites-dordogne-sarlat.fr\/en\/informations\/discovery-of-perigord-noir\/the-castles-of-perigord-noir\/#primaryimage\"},\"thumbnailUrl\":\"https:\/\/www.gites-dordogne-sarlat.fr\/wp-content\/uploads\/2015\/09\/beynac-768x576.jpg\",\"datePublished\":\"2017-06-28T16:36:37+00:00\",\"dateModified\":\"2025-01-22T12:53:18+00:00\",\"description\":\"An incredible concentration of medieval castles in this region which was the scene of the 100 Years' War\",\"breadcrumb\":{\"@id\":\"https:\/\/www.gites-dordogne-sarlat.fr\/en\/informations\/discovery-of-perigord-noir\/the-castles-of-perigord-noir\/#breadcrumb\"},\"inLanguage\":\"en-US\",\"potentialAction\":[{\"@type\":\"ReadAction\",\"target\":[\"https:\/\/www.gites-dordogne-sarlat.fr\/en\/informations\/discovery-of-perigord-noir\/the-castles-of-perigord-noir\/\"]}]},{\"@type\":\"ImageObject\",\"inLanguage\":\"en-US\",\"@id\":\"https:\/\/www.gites-dordogne-sarlat.fr\/en\/informations\/discovery-of-perigord-noir\/the-castles-of-perigord-noir\/#primaryimage\",\"url\":\"https:\/\/www.gites-dordogne-sarlat.fr\/wp-content\/uploads\/2015\/09\/beynac-768x576.jpg\",\"contentUrl\":\"https:\/\/www.gites-dordogne-sarlat.fr\/wp-content\/uploads\/2015\/09\/beynac-768x576.jpg\"},{\"@type\":\"BreadcrumbList\",\"@id\":\"https:\/\/www.gites-dordogne-sarlat.fr\/en\/informations\/discovery-of-perigord-noir\/the-castles-of-perigord-noir\/#breadcrumb\",\"itemListElement\":[{\"@type\":\"ListItem\",\"position\":1,\"name\":\"Accueil\",\"item\":\"https:\/\/www.gites-dordogne-sarlat.fr\/en\/\"},{\"@type\":\"ListItem\",\"position\":2,\"name\":\"Informations\",\"item\":\"https:\/\/www.gites-dordogne-sarlat.fr\/en\/informations\/\"},{\"@type\":\"ListItem\",\"position\":3,\"name\":\"Discovery of P\u00e9rigord Noir\",\"item\":\"https:\/\/www.gites-dordogne-sarlat.fr\/en\/informations\/discovery-of-perigord-noir\/\"},{\"@type\":\"ListItem\",\"position\":4,\"name\":\"The castles of P\u00e9rigord Noir\"}]},{\"@type\":\"WebSite\",\"@id\":\"https:\/\/www.gites-dordogne-sarlat.fr\/en\/#website\",\"url\":\"https:\/\/www.gites-dordogne-sarlat.fr\/en\/\",\"name\":\"gites-dordogne-sarlat.fr\",\"description\":\"\",\"potentialAction\":[{\"@type\":\"SearchAction\",\"target\":{\"@type\":\"EntryPoint\",\"urlTemplate\":\"https:\/\/www.gites-dordogne-sarlat.fr\/en\/?s={search_term_string}\"},\"query-input\":{\"@type\":\"PropertyValueSpecification\",\"valueRequired\":true,\"valueName\":\"search_term_string\"}}],\"inLanguage\":\"en-US\"}]}<\/script>\n<!-- \/ Yoast SEO plugin. -->","yoast_head_json":{"title":"The land of a thousand and one castles","description":"An incredible concentration of medieval castles in this region which was the scene of the 100 Years' War","robots":{"index":"index","follow":"follow","max-snippet":"max-snippet:-1","max-image-preview":"max-image-preview:large","max-video-preview":"max-video-preview:-1"},"canonical":"https:\/\/www.gites-dordogne-sarlat.fr\/en\/informations\/discovery-of-perigord-noir\/the-castles-of-perigord-noir\/","og_locale":"en_US","og_type":"article","og_title":"The land of a thousand and one castles","og_description":"An incredible concentration of medieval castles in this region which was the scene of the 100 Years' War","og_url":"https:\/\/www.gites-dordogne-sarlat.fr\/en\/informations\/discovery-of-perigord-noir\/the-castles-of-perigord-noir\/","og_site_name":"gites-dordogne-sarlat.fr","article_modified_time":"2025-01-22T12:53:18+00:00","og_image":[{"url":"https:\/\/www.gites-dordogne-sarlat.fr\/wp-content\/uploads\/2015\/09\/beynac-768x576.jpg","type":"","width":"","height":""}],"twitter_card":"summary_large_image","twitter_misc":{"Est. reading time":"2 minutes"},"schema":{"@context":"https:\/\/schema.org","@graph":[{"@type":"WebPage","@id":"https:\/\/www.gites-dordogne-sarlat.fr\/en\/informations\/discovery-of-perigord-noir\/the-castles-of-perigord-noir\/","url":"https:\/\/www.gites-dordogne-sarlat.fr\/en\/informations\/discovery-of-perigord-noir\/the-castles-of-perigord-noir\/","name":"The land of a thousand and one castles","isPartOf":{"@id":"https:\/\/www.gites-dordogne-sarlat.fr\/en\/#website"},"primaryImageOfPage":{"@id":"https:\/\/www.gites-dordogne-sarlat.fr\/en\/informations\/discovery-of-perigord-noir\/the-castles-of-perigord-noir\/#primaryimage"},"image":{"@id":"https:\/\/www.gites-dordogne-sarlat.fr\/en\/informations\/discovery-of-perigord-noir\/the-castles-of-perigord-noir\/#primaryimage"},"thumbnailUrl":"https:\/\/www.gites-dordogne-sarlat.fr\/wp-content\/uploads\/2015\/09\/beynac-768x576.jpg","datePublished":"2017-06-28T16:36:37+00:00","dateModified":"2025-01-22T12:53:18+00:00","description":"An incredible concentration of medieval castles in this region which was the scene of the 100 Years' War","breadcrumb":{"@id":"https:\/\/www.gites-dordogne-sarlat.fr\/en\/informations\/discovery-of-perigord-noir\/the-castles-of-perigord-noir\/#breadcrumb"},"inLanguage":"en-US","potentialAction":[{"@type":"ReadAction","target":["https:\/\/www.gites-dordogne-sarlat.fr\/en\/informations\/discovery-of-perigord-noir\/the-castles-of-perigord-noir\/"]}]},{"@type":"ImageObject","inLanguage":"en-US","@id":"https:\/\/www.gites-dordogne-sarlat.fr\/en\/informations\/discovery-of-perigord-noir\/the-castles-of-perigord-noir\/#primaryimage","url":"https:\/\/www.gites-dordogne-sarlat.fr\/wp-content\/uploads\/2015\/09\/beynac-768x576.jpg","contentUrl":"https:\/\/www.gites-dordogne-sarlat.fr\/wp-content\/uploads\/2015\/09\/beynac-768x576.jpg"},{"@type":"BreadcrumbList","@id":"https:\/\/www.gites-dordogne-sarlat.fr\/en\/informations\/discovery-of-perigord-noir\/the-castles-of-perigord-noir\/#breadcrumb","itemListElement":[{"@type":"ListItem","position":1,"name":"Accueil","item":"https:\/\/www.gites-dordogne-sarlat.fr\/en\/"},{"@type":"ListItem","position":2,"name":"Informations","item":"https:\/\/www.gites-dordogne-sarlat.fr\/en\/informations\/"},{"@type":"ListItem","position":3,"name":"Discovery of P\u00e9rigord Noir","item":"https:\/\/www.gites-dordogne-sarlat.fr\/en\/informations\/discovery-of-perigord-noir\/"},{"@type":"ListItem","position":4,"name":"The castles of P\u00e9rigord Noir"}]},{"@type":"WebSite","@id":"https:\/\/www.gites-dordogne-sarlat.fr\/en\/#website","url":"https:\/\/www.gites-dordogne-sarlat.fr\/en\/","name":"gites-dordogne-sarlat.fr","description":"","potentialAction":[{"@type":"SearchAction","target":{"@type":"EntryPoint","urlTemplate":"https:\/\/www.gites-dordogne-sarlat.fr\/en\/?s={search_term_string}"},"query-input":{"@type":"PropertyValueSpecification","valueRequired":true,"valueName":"search_term_string"}}],"inLanguage":"en-US"}]}},"_links":{"self":[{"href":"https:\/\/www.gites-dordogne-sarlat.fr\/en\/wp-json\/wp\/v2\/pages\/7607","targetHints":{"allow":["GET"]}}],"collection":[{"href":"https:\/\/www.gites-dordogne-sarlat.fr\/en\/wp-json\/wp\/v2\/pages"}],"about":[{"href":"https:\/\/www.gites-dordogne-sarlat.fr\/en\/wp-json\/wp\/v2\/types\/page"}],"author":[{"embeddable":true,"href":"https:\/\/www.gites-dordogne-sarlat.fr\/en\/wp-json\/wp\/v2\/users\/2"}],"replies":[{"embeddable":true,"href":"https:\/\/www.gites-dordogne-sarlat.fr\/en\/wp-json\/wp\/v2\/comments?post=7607"}],"version-history":[{"count":1,"href":"https:\/\/www.gites-dordogne-sarlat.fr\/en\/wp-json\/wp\/v2\/pages\/7607\/revisions"}],"predecessor-version":[{"id":7608,"href":"https:\/\/www.gites-dordogne-sarlat.fr\/en\/wp-json\/wp\/v2\/pages\/7607\/revisions\/7608"}],"up":[{"embeddable":true,"href":"https:\/\/www.gites-dordogne-sarlat.fr\/en\/wp-json\/wp\/v2\/pages\/7677"}],"wp:attachment":[{"href":"https:\/\/www.gites-dordogne-sarlat.fr\/en\/wp-json\/wp\/v2\/media?parent=7607"}],"curies":[{"name":"wp","href":"https:\/\/api.w.org\/{rel}","templated":true}]}}