{"id":7681,"date":"2018-09-17T21:00:17","date_gmt":"2018-09-17T21:00:17","guid":{"rendered":"https:\/\/www.gites-dordogne-sarlat.fr\/informations\/discovery-of-perigord-noir\/find-an-unusual-holiday-in-the-dordogne\/"},"modified":"2025-01-22T12:57:19","modified_gmt":"2025-01-22T12:57:19","slug":"find-an-unusual-holiday-in-the-dordogne","status":"publish","type":"page","link":"https:\/\/www.gites-dordogne-sarlat.fr\/en\/informations\/discovery-of-perigord-noir\/find-an-unusual-holiday-in-the-dordogne\/","title":{"rendered":"Find an unusual holiday in the Dordogne"},"content":{"rendered":"\t\t<div data-elementor-type=\"wp-page\" data-elementor-id=\"7681\" class=\"elementor elementor-7681 elementor-563\" data-elementor-post-type=\"page\">\n\t\t\t\t\t\t<section class=\"elementor-section elementor-top-section elementor-element elementor-element-bef4585 elementor-section-boxed elementor-section-height-default elementor-section-height-default\" data-id=\"bef4585\" data-element_type=\"section\" data-e-type=\"section\">\n\t\t\t\t\t\t<div class=\"elementor-container elementor-column-gap-default\">\n\t\t\t\t\t<div class=\"elementor-column elementor-col-100 elementor-top-column elementor-element elementor-element-13b03bb\" data-id=\"13b03bb\" data-element_type=\"column\" data-e-type=\"column\">\n\t\t\t<div class=\"elementor-widget-wrap elementor-element-populated\">\n\t\t\t\t\t\t<div class=\"elementor-element elementor-element-8b70c43 elementor-arrows-position-inside elementor-pagination-position-outside elementor-widget elementor-widget-image-carousel\" data-id=\"8b70c43\" data-element_type=\"widget\" data-e-type=\"widget\" data-settings=\"{&quot;slides_to_show&quot;:&quot;1&quot;,&quot;effect&quot;:&quot;fade&quot;,&quot;navigation&quot;:&quot;both&quot;,&quot;autoplay&quot;:&quot;yes&quot;,&quot;pause_on_hover&quot;:&quot;yes&quot;,&quot;pause_on_interaction&quot;:&quot;yes&quot;,&quot;autoplay_speed&quot;:5000,&quot;infinite&quot;:&quot;yes&quot;,&quot;speed&quot;:500}\" data-widget_type=\"image-carousel.default\">\n\t\t\t\t\t\t\t<div class=\"elementor-image-carousel-wrapper swiper\" role=\"region\" aria-roledescription=\"carousel\" aria-label=\"Image Carousel\" dir=\"ltr\">\n\t\t\t<div class=\"elementor-image-carousel swiper-wrapper\" aria-live=\"off\">\n\t\t\t\t\t\t\t\t<div class=\"swiper-slide\" role=\"group\" aria-roledescription=\"slide\" aria-label=\"1 of 3\"><figure class=\"swiper-slide-inner\"><img decoding=\"async\" class=\"swiper-slide-image\" src=\"https:\/\/www.gites-dordogne-sarlat.fr\/wp-content\/uploads\/2019\/03\/KW24-de-loin-768x489.jpg\" alt=\"Spa privatif\" \/><\/figure><\/div><div class=\"swiper-slide\" role=\"group\" aria-roledescription=\"slide\" aria-label=\"2 of 3\"><figure class=\"swiper-slide-inner\"><img decoding=\"async\" class=\"swiper-slide-image\" src=\"https:\/\/www.gites-dordogne-sarlat.fr\/wp-content\/uploads\/2019\/03\/KW24-768x483.jpg\" alt=\"Salon de jardin\" \/><\/figure><\/div><div class=\"swiper-slide\" role=\"group\" aria-roledescription=\"slide\" aria-label=\"3 of 3\"><figure class=\"swiper-slide-inner\"><img decoding=\"async\" class=\"swiper-slide-image\" src=\"https:\/\/www.gites-dordogne-sarlat.fr\/wp-content\/uploads\/2019\/04\/lovnid.jpg\" alt=\"lovnid\" \/><\/figure><\/div>\t\t\t<\/div>\n\t\t\t\t\t\t\t\t\t\t\t\t<div class=\"elementor-swiper-button elementor-swiper-button-prev\" role=\"button\" tabindex=\"0\">\n\t\t\t\t\t\t<svg aria-hidden=\"true\" class=\"e-font-icon-svg e-eicon-chevron-left\" viewBox=\"0 0 1000 1000\" xmlns=\"http:\/\/www.w3.org\/2000\/svg\"><path d=\"M646 125C629 125 613 133 604 142L308 442C296 454 292 471 292 487 292 504 296 521 308 533L604 854C617 867 629 875 646 875 663 875 679 871 692 858 704 846 713 829 713 812 713 796 708 779 692 767L438 487 692 225C700 217 708 204 708 187 708 171 704 154 692 142 675 129 663 125 646 125Z\"><\/path><\/svg>\t\t\t\t\t<\/div>\n\t\t\t\t\t<div class=\"elementor-swiper-button elementor-swiper-button-next\" role=\"button\" tabindex=\"0\">\n\t\t\t\t\t\t<svg aria-hidden=\"true\" class=\"e-font-icon-svg e-eicon-chevron-right\" viewBox=\"0 0 1000 1000\" xmlns=\"http:\/\/www.w3.org\/2000\/svg\"><path d=\"M696 533C708 521 713 504 713 487 713 471 708 454 696 446L400 146C388 133 375 125 354 125 338 125 325 129 313 142 300 154 292 171 292 187 292 204 296 221 308 233L563 492 304 771C292 783 288 800 288 817 288 833 296 850 308 863 321 871 338 875 354 875 371 875 388 867 400 854L696 533Z\"><\/path><\/svg>\t\t\t\t\t<\/div>\n\t\t\t\t\n\t\t\t\t\t\t\t\t\t<div class=\"swiper-pagination\"><\/div>\n\t\t\t\t\t\t\t\t\t<\/div>\n\t\t\t\t\t\t<\/div>\n\t\t\t\t\t<\/div>\n\t\t<\/div>\n\t\t\t\t\t<\/div>\n\t\t<\/section>\n\t\t\t\t<section class=\"elementor-section elementor-top-section elementor-element elementor-element-104549e elementor-section-boxed elementor-section-height-default elementor-section-height-default\" data-id=\"104549e\" data-element_type=\"section\" data-e-type=\"section\">\n\t\t\t\t\t\t<div class=\"elementor-container elementor-column-gap-default\">\n\t\t\t\t\t<div class=\"elementor-column elementor-col-100 elementor-top-column elementor-element elementor-element-4b44271e\" data-id=\"4b44271e\" data-element_type=\"column\" data-e-type=\"column\">\n\t\t\t<div class=\"elementor-widget-wrap elementor-element-populated\">\n\t\t\t\t\t\t<div class=\"elementor-element elementor-element-cdfb869 elementor-widget elementor-widget-text-editor\" data-id=\"cdfb869\" data-element_type=\"widget\" data-e-type=\"widget\" data-widget_type=\"text-editor.default\">\n\t\t\t\t\t\t\t\t\t<h1>Want an unusual holiday in the Dordogne, how to find your rental?<\/h1>\n<p>You want to book a vacation in the Dordogne&#8230; For a night, a weekend or a week&#8217;s vacation, an unusual accommodation rental will enchant your stay. Quite simply because it&#8217;s original, because there&#8217;s a little thrill linked to the unknown, and because it will leave you with a memory that you won&#8217;t be able to forget, because it will be completely unique! Provided, of course, that you choose your type of accommodation and also the campsite where it is located. Because sometimes behind the unusual can hide unpleasant surprises. So, cabin, yurt, or chalet?     <\/p>\n<h2>Unusual holidays in the Dordogne: what sets them apart from the others?<\/h2>\n<p>The concept is relatively new, but it has quickly been adopted. France and in particular P\u00e9rigord is full of them! This phenomenon is linked to the fact that vacationers are thirsty for new experiences, to be able to experience a natural break in their lives, to almost find themselves in someone else&#8217;s shoes. Small selection:   <\/p>\n<p>-Robin Hood in a treehouse<\/p>\n<p>-Steppe nomad in a yurt<\/p>\n<p>-American Indian in teepee<\/p>\n<p>-Roaming in a trailer<\/p>\n<p>-VIP in its lodge with private spa<\/p>\n<p>-Dreamer of stars for a night in a transparent bubble<\/p>\n<p>-Hobbit in a round buried house<\/p>\n<p>-Or a fisherman in his floating cabin on the calm waters of a lake<\/p>\n<p>The list is long, such is the imagination of rental creators! The important thing is that we leave there with dreams in our heads, great photos in our cameras, and shared memories for a long time. <\/p>\n<h2>As a couple or as a family, the unusual?<\/h2>\n<p>Because the unusual can be shared, it can be discovered together! As a couple, or as a family, of course! <\/p>\n<p>As a couple, whether you&#8217;re romantic or not, it&#8217;s really an opportunity to get out of the daily routine to (re)discover the excitement of being with your lover. (re)discover him or her, perhaps, too. From another angle, in the light of this somewhat magical place.  <\/p>\n<p>And with family&#8230; but what a pleasure to see the eyes shining with happiness of the children who have been given a surprise and who understand, without really daring to believe it, that tonight, they are going to sleep in this cabin right there- high! Children&#8217;s dreams are big, but when they live their dreams, it becomes downright huge! They will never forget, even if they are little, the weekend they spent and which will go down as one of the best memories.  <\/p>\n<p>The unusual is not necessarily just the accommodation, it can also be the theme of the stay. Tourism is moving a lot at the moment and more and more areas are offering themed stays. So don&#8217;t hesitate to choose a transgenerational offer and discover your family in a new light!  <\/p>\n<h2>How not to be \u201chad\u201d?<\/h2>\n<p>Rental ads are sometimes misleading, or don&#8217;t tell everything.<\/p>\n<p>It&#8217;s up to you to prepare for the next family weekend. You have opted for an unusual night in P\u00e9rigord, so you must not go wrong, but how can you choose with all these announcements! The answer is: call to find out! Ask lots of questions, and if the interlocutor is not precise in their answers, or they seem doubtful to you, try your luck elsewhere.   <\/p>\n<p>I&#8217;ll give you some examples:<\/p>\n<p>-you are going to spend a night in a bubble, and ultimately it turns out to be a disastrous experience because the blower motor is right next to it, it is very noisy, and you do not sleep a wink all night ! But not because of the stars that you no longer want to look at&#8230; \u201cFinally, you would have been much better off at the hotel to relax\u201d, you say to yourself, only half-smiling when you see the next day the extent of the damage in the bathroom mirror. <\/p>\n<p>My opinion: you need to know how a bubble works and find out about the sound insulation of the wind tunnel<\/p>\n<p>-you are going for a weekend in a yurt with your 3 children. Upon arrival you understand that it is going to be less idyllic than expected. The yurt is at the bottom of the valley, there is mold on the walls, and in the evening all the sweaters are not enough to warm the troop as the humidity is so high. The next day, all the children cough. Great weekend!    <\/p>\n<p>My opinion: you need to find out where the yurt is located<\/p>\n<p>-you come for a week in a tree house, the photos are enchanting. When you arrive there, you notice that the interior is aging, the shower deteriorated, the bedding exploded, the furniture downright ugly. Phew, end of the dream.  <\/p>\n<p>My opinion: look at the opinions of other customers!<\/p>\n<h2>Where to go in P\u00e9rigord for an unusual weekend?<\/h2>\n<p>The Dordogne, a region richly wooded with magnificent oaks, is well endowed with estates which offer tree houses, for example the Tree Castles at Nojals and Clotte (P\u00e9rigord pourpre), the Treehouses near Sarlat (P\u00e9rigord Noir) or the perched cabins of Moulin de Surier or Bost (P\u00e9rigord Pourpre).<\/p>\n<p>The Pomponaise caravans in Saint Pompont &#8211; or Saint Pompon, it&#8217;s the same! &#8211; (P\u00e9rigord Noir) and the Jeanne cabins (P\u00e9rigord Noir) welcome those who want to stay with their feet on the ground and the cabins of the Bazange pond (P\u00e9rigord Pourpre) those who don&#8217;t leave without their fishing rod.<\/p>\n<p>And then, at Ventoulines in Domme (P\u00e9rigord Noir), a new atypical accommodation is being built: the Lovnid. It is a round wooden room, shaped like a drop of water, which hangs in a tree. A dream night for lovers who will wake up with their eyes to each other and their ears to the sounds of birdsong.  <\/p>\n<p>In the meantime, our Key West and its private spa on the edge of the forest already offers a completely unusual stay.<\/p>\n<p>You see: if there is a department that will make your task easier to prepare for your atypical stay, it is the Dordogne!<\/p><div><br><\/div><div><br><\/div>\t\t\t\t\t\t\t\t<\/div>\n\t\t\t\t\t<\/div>\n\t\t<\/div>\n\t\t\t\t\t<\/div>\n\t\t<\/section>\n\t\t\t\t<\/div>\n\t\t","protected":false},"excerpt":{"rendered":"<p>\/*! elementor &#8211; v3.12.2 &#8211; 23-04-2023 *\/<br \/>\n.elementor-widget-image-carousel .swiper,.elementor-widget-image-carousel .swiper-container{position:static}.elementor-widget-image-carousel .swiper-container .swiper-slide figure,.elementor-widget-image-carousel .swiper .swiper-slide figure{line-height:inherit}.elementor-widget-image-carousel .swiper-slide{text-align:center}.elementor-image-carousel-wrapper:not(.swiper-container-initialized) .swiper-slide,.elementor-image-carousel-wrapper:not(.swiper-initialized) .swiper-slide{max-width:calc(100% \/ var(&#8211;e-image-carousel-slides-to-show, 3))}<\/p>\n<p>\t\t\t\t\t\t\t\t\t\t\t\tPr\u00e9c\u00e9dent<br \/>\n\t\t\t\t\t\t\t\t\t\t\t\tSuivant<br \/>\nWant an unusual holiday in the Dordogne, how to find your rental?<br \/>\nYou want to book a vacation in the Dordogne&#8230; For a night, a weekend or a <\/p>\n","protected":false},"author":2,"featured_media":0,"parent":7677,"menu_order":0,"comment_status":"closed","ping_status":"closed","template":"","meta":{"footnotes":""},"class_list":["post-7681","page","type-page","status-publish","hentry"],"yoast_head":"<!-- This site is optimized with the Yoast SEO plugin v26.0 - https:\/\/yoast.com\/wordpress\/plugins\/seo\/ -->\n<title>Good tips for finding unusual accommodation<\/title>\n<meta name=\"description\" content=\"Unusual, comfortable, innovative accommodation is not that easy to find! Especially at the right price!\" \/>\n<meta name=\"robots\" content=\"index, follow, max-snippet:-1, max-image-preview:large, max-video-preview:-1\" \/>\n<link rel=\"canonical\" href=\"https:\/\/www.gites-dordogne-sarlat.fr\/en\/informations\/discovery-of-perigord-noir\/find-an-unusual-holiday-in-the-dordogne\/\" \/>\n<meta property=\"og:locale\" content=\"en_US\" \/>\n<meta property=\"og:type\" content=\"article\" \/>\n<meta property=\"og:title\" content=\"Good tips for finding unusual accommodation\" \/>\n<meta property=\"og:description\" content=\"Unusual, comfortable, innovative accommodation is not that easy to find! Especially at the right price!\" \/>\n<meta property=\"og:url\" content=\"https:\/\/www.gites-dordogne-sarlat.fr\/en\/informations\/discovery-of-perigord-noir\/find-an-unusual-holiday-in-the-dordogne\/\" \/>\n<meta property=\"og:site_name\" content=\"gites-dordogne-sarlat.fr\" \/>\n<meta property=\"article:modified_time\" content=\"2025-01-22T12:57:19+00:00\" \/>\n<meta property=\"og:image\" content=\"https:\/\/www.gites-dordogne-sarlat.fr\/wp-content\/uploads\/2019\/03\/KW24-de-loin-768x489.jpg\" \/>\n<meta name=\"twitter:card\" content=\"summary_large_image\" \/>\n<meta name=\"twitter:label1\" content=\"Est. reading time\" \/>\n\t<meta name=\"twitter:data1\" content=\"5 minutes\" \/>\n<script type=\"application\/ld+json\" class=\"yoast-schema-graph\">{\"@context\":\"https:\/\/schema.org\",\"@graph\":[{\"@type\":\"WebPage\",\"@id\":\"https:\/\/www.gites-dordogne-sarlat.fr\/en\/informations\/discovery-of-perigord-noir\/find-an-unusual-holiday-in-the-dordogne\/\",\"url\":\"https:\/\/www.gites-dordogne-sarlat.fr\/en\/informations\/discovery-of-perigord-noir\/find-an-unusual-holiday-in-the-dordogne\/\",\"name\":\"Good tips for finding unusual accommodation\",\"isPartOf\":{\"@id\":\"https:\/\/www.gites-dordogne-sarlat.fr\/en\/#website\"},\"primaryImageOfPage\":{\"@id\":\"https:\/\/www.gites-dordogne-sarlat.fr\/en\/informations\/discovery-of-perigord-noir\/find-an-unusual-holiday-in-the-dordogne\/#primaryimage\"},\"image\":{\"@id\":\"https:\/\/www.gites-dordogne-sarlat.fr\/en\/informations\/discovery-of-perigord-noir\/find-an-unusual-holiday-in-the-dordogne\/#primaryimage\"},\"thumbnailUrl\":\"https:\/\/www.gites-dordogne-sarlat.fr\/wp-content\/uploads\/2019\/03\/KW24-de-loin-768x489.jpg\",\"datePublished\":\"2018-09-17T21:00:17+00:00\",\"dateModified\":\"2025-01-22T12:57:19+00:00\",\"description\":\"Unusual, comfortable, innovative accommodation is not that easy to find! Especially at the right price!\",\"breadcrumb\":{\"@id\":\"https:\/\/www.gites-dordogne-sarlat.fr\/en\/informations\/discovery-of-perigord-noir\/find-an-unusual-holiday-in-the-dordogne\/#breadcrumb\"},\"inLanguage\":\"en-US\",\"potentialAction\":[{\"@type\":\"ReadAction\",\"target\":[\"https:\/\/www.gites-dordogne-sarlat.fr\/en\/informations\/discovery-of-perigord-noir\/find-an-unusual-holiday-in-the-dordogne\/\"]}]},{\"@type\":\"ImageObject\",\"inLanguage\":\"en-US\",\"@id\":\"https:\/\/www.gites-dordogne-sarlat.fr\/en\/informations\/discovery-of-perigord-noir\/find-an-unusual-holiday-in-the-dordogne\/#primaryimage\",\"url\":\"https:\/\/www.gites-dordogne-sarlat.fr\/wp-content\/uploads\/2019\/03\/KW24-de-loin-768x489.jpg\",\"contentUrl\":\"https:\/\/www.gites-dordogne-sarlat.fr\/wp-content\/uploads\/2019\/03\/KW24-de-loin-768x489.jpg\"},{\"@type\":\"BreadcrumbList\",\"@id\":\"https:\/\/www.gites-dordogne-sarlat.fr\/en\/informations\/discovery-of-perigord-noir\/find-an-unusual-holiday-in-the-dordogne\/#breadcrumb\",\"itemListElement\":[{\"@type\":\"ListItem\",\"position\":1,\"name\":\"Accueil\",\"item\":\"https:\/\/www.gites-dordogne-sarlat.fr\/en\/\"},{\"@type\":\"ListItem\",\"position\":2,\"name\":\"Informations\",\"item\":\"https:\/\/www.gites-dordogne-sarlat.fr\/en\/informations\/\"},{\"@type\":\"ListItem\",\"position\":3,\"name\":\"Discovery of P\u00e9rigord Noir\",\"item\":\"https:\/\/www.gites-dordogne-sarlat.fr\/en\/informations\/discovery-of-perigord-noir\/\"},{\"@type\":\"ListItem\",\"position\":4,\"name\":\"Find an unusual holiday in the Dordogne\"}]},{\"@type\":\"WebSite\",\"@id\":\"https:\/\/www.gites-dordogne-sarlat.fr\/en\/#website\",\"url\":\"https:\/\/www.gites-dordogne-sarlat.fr\/en\/\",\"name\":\"gites-dordogne-sarlat.fr\",\"description\":\"\",\"potentialAction\":[{\"@type\":\"SearchAction\",\"target\":{\"@type\":\"EntryPoint\",\"urlTemplate\":\"https:\/\/www.gites-dordogne-sarlat.fr\/en\/?s={search_term_string}\"},\"query-input\":{\"@type\":\"PropertyValueSpecification\",\"valueRequired\":true,\"valueName\":\"search_term_string\"}}],\"inLanguage\":\"en-US\"}]}<\/script>\n<!-- \/ Yoast SEO plugin. -->","yoast_head_json":{"title":"Good tips for finding unusual accommodation","description":"Unusual, comfortable, innovative accommodation is not that easy to find! Especially at the right price!","robots":{"index":"index","follow":"follow","max-snippet":"max-snippet:-1","max-image-preview":"max-image-preview:large","max-video-preview":"max-video-preview:-1"},"canonical":"https:\/\/www.gites-dordogne-sarlat.fr\/en\/informations\/discovery-of-perigord-noir\/find-an-unusual-holiday-in-the-dordogne\/","og_locale":"en_US","og_type":"article","og_title":"Good tips for finding unusual accommodation","og_description":"Unusual, comfortable, innovative accommodation is not that easy to find! Especially at the right price!","og_url":"https:\/\/www.gites-dordogne-sarlat.fr\/en\/informations\/discovery-of-perigord-noir\/find-an-unusual-holiday-in-the-dordogne\/","og_site_name":"gites-dordogne-sarlat.fr","article_modified_time":"2025-01-22T12:57:19+00:00","og_image":[{"url":"https:\/\/www.gites-dordogne-sarlat.fr\/wp-content\/uploads\/2019\/03\/KW24-de-loin-768x489.jpg","type":"","width":"","height":""}],"twitter_card":"summary_large_image","twitter_misc":{"Est. reading time":"5 minutes"},"schema":{"@context":"https:\/\/schema.org","@graph":[{"@type":"WebPage","@id":"https:\/\/www.gites-dordogne-sarlat.fr\/en\/informations\/discovery-of-perigord-noir\/find-an-unusual-holiday-in-the-dordogne\/","url":"https:\/\/www.gites-dordogne-sarlat.fr\/en\/informations\/discovery-of-perigord-noir\/find-an-unusual-holiday-in-the-dordogne\/","name":"Good tips for finding unusual accommodation","isPartOf":{"@id":"https:\/\/www.gites-dordogne-sarlat.fr\/en\/#website"},"primaryImageOfPage":{"@id":"https:\/\/www.gites-dordogne-sarlat.fr\/en\/informations\/discovery-of-perigord-noir\/find-an-unusual-holiday-in-the-dordogne\/#primaryimage"},"image":{"@id":"https:\/\/www.gites-dordogne-sarlat.fr\/en\/informations\/discovery-of-perigord-noir\/find-an-unusual-holiday-in-the-dordogne\/#primaryimage"},"thumbnailUrl":"https:\/\/www.gites-dordogne-sarlat.fr\/wp-content\/uploads\/2019\/03\/KW24-de-loin-768x489.jpg","datePublished":"2018-09-17T21:00:17+00:00","dateModified":"2025-01-22T12:57:19+00:00","description":"Unusual, comfortable, innovative accommodation is not that easy to find! Especially at the right price!","breadcrumb":{"@id":"https:\/\/www.gites-dordogne-sarlat.fr\/en\/informations\/discovery-of-perigord-noir\/find-an-unusual-holiday-in-the-dordogne\/#breadcrumb"},"inLanguage":"en-US","potentialAction":[{"@type":"ReadAction","target":["https:\/\/www.gites-dordogne-sarlat.fr\/en\/informations\/discovery-of-perigord-noir\/find-an-unusual-holiday-in-the-dordogne\/"]}]},{"@type":"ImageObject","inLanguage":"en-US","@id":"https:\/\/www.gites-dordogne-sarlat.fr\/en\/informations\/discovery-of-perigord-noir\/find-an-unusual-holiday-in-the-dordogne\/#primaryimage","url":"https:\/\/www.gites-dordogne-sarlat.fr\/wp-content\/uploads\/2019\/03\/KW24-de-loin-768x489.jpg","contentUrl":"https:\/\/www.gites-dordogne-sarlat.fr\/wp-content\/uploads\/2019\/03\/KW24-de-loin-768x489.jpg"},{"@type":"BreadcrumbList","@id":"https:\/\/www.gites-dordogne-sarlat.fr\/en\/informations\/discovery-of-perigord-noir\/find-an-unusual-holiday-in-the-dordogne\/#breadcrumb","itemListElement":[{"@type":"ListItem","position":1,"name":"Accueil","item":"https:\/\/www.gites-dordogne-sarlat.fr\/en\/"},{"@type":"ListItem","position":2,"name":"Informations","item":"https:\/\/www.gites-dordogne-sarlat.fr\/en\/informations\/"},{"@type":"ListItem","position":3,"name":"Discovery of P\u00e9rigord Noir","item":"https:\/\/www.gites-dordogne-sarlat.fr\/en\/informations\/discovery-of-perigord-noir\/"},{"@type":"ListItem","position":4,"name":"Find an unusual holiday in the Dordogne"}]},{"@type":"WebSite","@id":"https:\/\/www.gites-dordogne-sarlat.fr\/en\/#website","url":"https:\/\/www.gites-dordogne-sarlat.fr\/en\/","name":"gites-dordogne-sarlat.fr","description":"","potentialAction":[{"@type":"SearchAction","target":{"@type":"EntryPoint","urlTemplate":"https:\/\/www.gites-dordogne-sarlat.fr\/en\/?s={search_term_string}"},"query-input":{"@type":"PropertyValueSpecification","valueRequired":true,"valueName":"search_term_string"}}],"inLanguage":"en-US"}]}},"_links":{"self":[{"href":"https:\/\/www.gites-dordogne-sarlat.fr\/en\/wp-json\/wp\/v2\/pages\/7681","targetHints":{"allow":["GET"]}}],"collection":[{"href":"https:\/\/www.gites-dordogne-sarlat.fr\/en\/wp-json\/wp\/v2\/pages"}],"about":[{"href":"https:\/\/www.gites-dordogne-sarlat.fr\/en\/wp-json\/wp\/v2\/types\/page"}],"author":[{"embeddable":true,"href":"https:\/\/www.gites-dordogne-sarlat.fr\/en\/wp-json\/wp\/v2\/users\/2"}],"replies":[{"embeddable":true,"href":"https:\/\/www.gites-dordogne-sarlat.fr\/en\/wp-json\/wp\/v2\/comments?post=7681"}],"version-history":[{"count":1,"href":"https:\/\/www.gites-dordogne-sarlat.fr\/en\/wp-json\/wp\/v2\/pages\/7681\/revisions"}],"predecessor-version":[{"id":7682,"href":"https:\/\/www.gites-dordogne-sarlat.fr\/en\/wp-json\/wp\/v2\/pages\/7681\/revisions\/7682"}],"up":[{"embeddable":true,"href":"https:\/\/www.gites-dordogne-sarlat.fr\/en\/wp-json\/wp\/v2\/pages\/7677"}],"wp:attachment":[{"href":"https:\/\/www.gites-dordogne-sarlat.fr\/en\/wp-json\/wp\/v2\/media?parent=7681"}],"curies":[{"name":"wp","href":"https:\/\/api.w.org\/{rel}","templated":true}]}}