{"id":7730,"date":"2019-09-10T12:12:05","date_gmt":"2019-09-10T12:12:05","guid":{"rendered":"https:\/\/www.gites-dordogne-sarlat.fr\/faq-frequently-asked-questions\/rates\/"},"modified":"2025-06-17T16:41:58","modified_gmt":"2025-06-17T16:41:58","slug":"rates","status":"publish","type":"page","link":"https:\/\/www.gites-dordogne-sarlat.fr\/en\/faq-frequently-asked-questions\/rates\/","title":{"rendered":"Rates"},"content":{"rendered":"\t\t<div data-elementor-type=\"wp-page\" data-elementor-id=\"7730\" class=\"elementor elementor-7730 elementor-1321\" data-elementor-post-type=\"page\">\n\t\t\t\t<div class=\"elementor-element elementor-element-2720a3e e-flex e-con-boxed e-con e-parent\" data-id=\"2720a3e\" data-element_type=\"container\" data-e-type=\"container\">\n\t\t\t\t\t<div class=\"e-con-inner\">\n\t\t\t\t<div class=\"elementor-element elementor-element-16b9324 elementor-widget elementor-widget-image\" data-id=\"16b9324\" data-element_type=\"widget\" data-e-type=\"widget\" data-widget_type=\"image.default\">\n\t\t\t\t\t\t\t\t\t\t\t\t\t\t\t<img fetchpriority=\"high\" decoding=\"async\" width=\"640\" height=\"360\" src=\"https:\/\/www.gites-dordogne-sarlat.fr\/wp-content\/uploads\/2025\/01\/equipe-pour-page-web-scaled-1024x576.jpg\" class=\"attachment-large size-large wp-image-7449\" alt=\"\" srcset=\"https:\/\/www.gites-dordogne-sarlat.fr\/wp-content\/uploads\/2025\/01\/equipe-pour-page-web-scaled-1024x576.jpg 1024w, https:\/\/www.gites-dordogne-sarlat.fr\/wp-content\/uploads\/2025\/01\/equipe-pour-page-web-scaled-300x169.jpg 300w, https:\/\/www.gites-dordogne-sarlat.fr\/wp-content\/uploads\/2025\/01\/equipe-pour-page-web-768x432.jpg 768w, https:\/\/www.gites-dordogne-sarlat.fr\/wp-content\/uploads\/2025\/01\/equipe-pour-page-web-scaled-1536x864.jpg 1536w, https:\/\/www.gites-dordogne-sarlat.fr\/wp-content\/uploads\/2025\/01\/equipe-pour-page-web-scaled-2048x1152.jpg 2048w\" sizes=\"(max-width: 640px) 100vw, 640px\" \/>\t\t\t\t\t\t\t\t\t\t\t\t\t\t\t<\/div>\n\t\t\t\t\t<\/div>\n\t\t\t\t<\/div>\n\t\t\t\t<section class=\"elementor-section elementor-top-section elementor-element elementor-element-288d6020 elementor-section-boxed elementor-section-height-default elementor-section-height-default\" data-id=\"288d6020\" data-element_type=\"section\" data-e-type=\"section\">\n\t\t\t\t\t\t<div class=\"elementor-container elementor-column-gap-default\">\n\t\t\t\t\t<div class=\"elementor-column elementor-col-100 elementor-top-column elementor-element elementor-element-6968897e\" data-id=\"6968897e\" data-element_type=\"column\" data-e-type=\"column\">\n\t\t\t<div class=\"elementor-widget-wrap elementor-element-populated\">\n\t\t\t\t\t\t<div class=\"elementor-element elementor-element-4bfb6660 elementor-widget__width-initial elementor-widget elementor-widget-text-editor\" data-id=\"4bfb6660\" data-element_type=\"widget\" data-e-type=\"widget\" data-widget_type=\"text-editor.default\">\n\t\t\t\t\t\t\t\t\t<h2>Welcome at Ventoulines !<\/h2><p>When you stay at Les Ventoulines in Domme, you&#8217;re putting your trust in a team of accommodation professionals in the P\u00e9rigord Noir. You have access, without intermediaries, to the best conditions of service and price.<\/p><p>Nous vous accueillons de <strong>d\u00e9but avril jusqu&#8217;\u00e0 la fin des vacances de Toussain<\/strong>t.<\/p><p><span style=\"color: #ffcc00;\"><b><i>Rates<\/i><\/b><\/span><\/p><p><span style=\"color: var( --e-global-color-text ); font-family: var( --e-global-typography-text-font-family ), Sans-serif; font-weight: var( --e-global-typography-text-font-weight ); background-color: var(--thim_body_bg_color); font-size: var(--thim_font_body-font-size);\">Family rates can be viewed by entering your dates of interest on any page of the site, in the white \u201cadd dates\u201d field (f<em>or groups, see bottom of page<\/em>).<\/span><\/p><p><span style=\"color: var( --e-global-color-text ); font-family: var( --e-global-typography-text-font-family ), Sans-serif; font-weight: var( --e-global-typography-text-font-weight ); background-color: var(--thim_body_bg_color); font-size: var(--thim_font_body-font-size);\">Here are some price ideas for a<strong> family of up to 5 people<\/strong>:<\/span><\/p><p><span style=\"color: var( --e-global-color-text ); font-family: var( --e-global-typography-text-font-family ), Sans-serif; font-weight: var( --e-global-typography-text-font-weight ); background-color: var(--thim_body_bg_color); font-size: var(--thim_font_body-font-size);\">-Our classic chalets are priced at 380 euros per week excluding summer vacations and bank holidays, and in July and August the weekly price ranges from 495 euros to 1240 euros.<\/span><\/p><p>&#8211;<span style=\"color: var( --e-global-color-text ); font-family: var( --e-global-typography-text-font-family ), Sans-serif; font-weight: var( --e-global-typography-text-font-weight ); background-color: var(--thim_body_bg_color); font-size: var(--thim_font_body-font-size);\">Our comfort chalets and Kwest mobile homes are priced at 440 euros per week, excluding summer vacations and bank holidays<\/span>, and <span style=\"color: var( --e-global-color-text ); font-family: var( --e-global-typography-text-font-family ), Sans-serif; font-weight: var( --e-global-typography-text-font-weight ); background-color: var(--thim_body_bg_color); font-size: var(--thim_font_body-font-size);\">in July and August, weekly rates range from 690 euros to 1440 euros.<\/span><\/p><p><span style=\"color: var( --e-global-color-text ); font-family: var( --e-global-typography-text-font-family ), Sans-serif; font-weight: var( --e-global-typography-text-font-weight ); background-color: var(--thim_body_bg_color); font-size: var(--thim_font_body-font-size);\"> Out of summer, we rent for a minimum of 2 nights, from 95 euros per night, then a sliding scale of charges.<\/span><\/p><p><em style=\"color: var( --e-global-color-text ); font-family: var( --e-global-typography-text-font-family ), Sans-serif; font-weight: var( --e-global-typography-text-font-weight ); background-color: var(--thim_body_bg_color); font-size: var(--thim_font_body-font-size);\"><a href=\"https:\/\/www.gites-dordogne-sarlat.fr\/sites\/les-ventoulines\/files\/fichiers\/conditions_generales_de_reservation.pdf\"><strong>Way of payment <\/strong><\/a><\/em><\/p><p>&#8211; By cheque<\/p><p><span style=\"color: var( --e-global-color-text ); font-family: var( --e-global-typography-text-font-family ), Sans-serif; font-weight: var( --e-global-typography-text-font-weight ); background-color: var(--thim_body_bg_color); font-size: var(--thim_font_body-font-size);\">&#8211; By credit card on our secure site<\/span><\/p><p>&#8211; By vacation cheque or e-ancv (balance due on arrival only)<\/p><p>&#8211; By bank transfer<\/p><p><span style=\"color: var( --e-global-color-text ); font-family: var( --e-global-typography-text-font-family ), Sans-serif; font-weight: var( --e-global-typography-text-font-weight ); background-color: var(--thim_body_bg_color); font-size: var(--thim_font_body-font-size);\">&#8211; with VACAF<\/span><\/p><p><em><a href=\"https:\/\/www.gites-dordogne-sarlat.fr\/sites\/les-ventoulines\/files\/fichiers\/conditions_generales_de_reservation.pdf\" target=\"_blank\" rel=\"noreferrer noopener\"><strong>Services included<\/strong><\/a><\/em><\/p><p><span style=\"color: var( --e-global-color-text ); font-family: var( --e-global-typography-text-font-family ), Sans-serif; font-weight: var( --e-global-typography-text-font-weight ); background-color: var(--thim_body_bg_color); font-size: var(--thim_font_body-font-size);\">&#8211; Choice of arrival day (Saturday or Sunday imperative in summer)<\/span><\/p><p>&#8211; Sheets, towels and bath mats<\/p><p>&#8211; Access to the heated indoor swimming pool<\/p><p>&#8211; Access to the infinity pool (heated from mid-June to mid-September)<\/p><p>&#8211; Access to the paddling pool (heated from mid-June to mid-September)<\/p><p>&#8211; Boules pitch, table soccer, outdoor games, fitness area, table tennis (equipment on loan)<\/p><p>&#8211; Entertainment in July and August<\/p><p>&#8211; Unlimited wifi internet access<\/p><p>&#8211; Baby kit(s) available on request (bathtub, cot, high chair)<\/p><p>&#8211; A friendly welcome aperitif every Sunday evening during the summer school vacations<\/p><p>&#8211; Water and electricity charges (8kwh \/ day)<\/p><p>&#8211; Assistance in discovering the area (we&#8217;ve put together a small tourist guide)<\/p><p>&#8211; We have negotiated preferential rates with a bicycle rental company and a canoe rental company.<\/p><p><em style=\"color: var( --e-global-color-text ); font-family: var( --e-global-typography-text-font-family ), Sans-serif; font-weight: var( --e-global-typography-text-font-weight ); background-color: var(--thim_body_bg_color); font-size: var(--thim_font_body-font-size);\"><a href=\"https:\/\/www.gites-dordogne-sarlat.fr\/sites\/les-ventoulines\/files\/fichiers\/conditions_generales_de_reservation.pdf\"><strong>&#8211; We have negotiated preferential rates with a bicycle rental company and a canoe rental company.<\/strong><\/a><\/em><\/p><p>-Arrival time: between 4 p.m. and 9 p.m., departure between 7 a.m. and 10 a.m.<\/p><p>-Day of arrival: any day, except July-August (Saturday or Sunday imperative) and Ascension Day (Thursday imperative).<\/p><p>-Length of stay: except in July and August, stays are for a minimum of two days (except during the Ascension Bridge: 3 days minimum). From July 1 to September 15, stays are for a minimum of one week, from Saturday to Saturday or Sunday to Sunday.<\/p><p><span style=\"color: #ffcc00;\"><b><i>Taxes, options and sureties<\/i><\/b><\/span><\/p><p>&#8211; Current municipal tourist tax of \u20ac0.55 per person over 18 years of age<\/p><p>&#8211; Optional end-of-stay cleaning: \u20ac60 (\u20ac40 for 2 nights)<\/p><p>Attention, m\u00eame avec cette prestation choisie, <strong>le logement doit \u00eatre rendu avec le four, le lave-vaisselle, le r\u00e9frig\u00e9rateur propres et les poubelles vid\u00e9s et nettoy\u00e9s.<\/strong><\/p><p>&#8211; Accommodation deposit 300 \u20ac and cleaning deposit 60 \u20ac.<\/p><p><strong><em><a href=\"https:\/\/www.gites-dordogne-sarlat.fr\/sites\/les-ventoulines\/files\/fichiers\/conditions_generales_de_reservation.pdf\">Groups<\/a><\/em><\/strong><\/p><p>For groups, we can provide a quote based on your requirements. We are used to welcoming groups for discovery stays, cousinades, company seminars or sports groups. We know your quality requirements and we&#8217;ll make sure your stay is a success. Please specify in your request the number of people, even if only approximate, and the type of accommodation you would like: self-catering, half-board or full-board. Contact us for a quote on 07 87 59 94 48 or by e-mail lesventoulines@orange.fr<\/p>\t\t\t\t\t\t\t\t<\/div>\n\t\t\t\t\t<\/div>\n\t\t<\/div>\n\t\t\t\t\t<\/div>\n\t\t<\/section>\n\t\t\t\t<\/div>\n\t\t","protected":false},"excerpt":{"rendered":"<p>\nWelcome at Ventoulines !<br \/>\nWhen you stay at Les Ventoulines in Domme, you&#8217;re putting your trust in a team of accommodation professionals in the P\u00e9rigord Noir. You have access, without intermediaries, to the best conditions of service and price.<br \/>\nNous vous accueillons de d\u00e9but avril jusqu&#8217;\u00e0 la fin des vacances de Toussaint.<br \/>\nRates<br \/>\nFamily <\/p>\n","protected":false},"author":2,"featured_media":7124,"parent":7568,"menu_order":3,"comment_status":"closed","ping_status":"closed","template":"","meta":{"footnotes":""},"class_list":["post-7730","page","type-page","status-publish","has-post-thumbnail","hentry"],"yoast_head":"<!-- This site is optimized with the Yoast SEO plugin v26.0 - https:\/\/yoast.com\/wordpress\/plugins\/seo\/ -->\n<title>Contact us for our best rates!<\/title>\n<meta name=\"description\" content=\"Exceptionally well-located, the Domaine des Ventoulines allows you to visit all the major sites of the P\u00e9rigord at attractive rates.\" \/>\n<meta name=\"robots\" content=\"index, follow, max-snippet:-1, max-image-preview:large, max-video-preview:-1\" \/>\n<link rel=\"canonical\" href=\"https:\/\/www.gites-dordogne-sarlat.fr\/en\/faq-frequently-asked-questions\/rates\/\" \/>\n<meta property=\"og:locale\" content=\"en_US\" \/>\n<meta property=\"og:type\" content=\"article\" \/>\n<meta property=\"og:title\" content=\"Contact us for our best rates!\" \/>\n<meta property=\"og:description\" content=\"Exceptionally well-located, the Domaine des Ventoulines allows you to visit all the major sites of the P\u00e9rigord at attractive rates.\" \/>\n<meta property=\"og:url\" content=\"https:\/\/www.gites-dordogne-sarlat.fr\/en\/faq-frequently-asked-questions\/rates\/\" \/>\n<meta property=\"og:site_name\" content=\"gites-dordogne-sarlat.fr\" \/>\n<meta property=\"article:modified_time\" content=\"2025-06-17T16:41:58+00:00\" \/>\n<meta property=\"og:image\" content=\"https:\/\/www.gites-dordogne-sarlat.fr\/wp-content\/uploads\/2015\/09\/touron.jpg\" \/>\n\t<meta property=\"og:image:width\" content=\"667\" \/>\n\t<meta property=\"og:image:height\" content=\"500\" \/>\n\t<meta property=\"og:image:type\" content=\"image\/jpeg\" \/>\n<meta name=\"twitter:card\" content=\"summary_large_image\" \/>\n<meta name=\"twitter:label1\" content=\"Est. reading time\" \/>\n\t<meta name=\"twitter:data1\" content=\"3 minutes\" \/>\n<script type=\"application\/ld+json\" class=\"yoast-schema-graph\">{\"@context\":\"https:\/\/schema.org\",\"@graph\":[{\"@type\":\"WebPage\",\"@id\":\"https:\/\/www.gites-dordogne-sarlat.fr\/en\/faq-frequently-asked-questions\/rates\/\",\"url\":\"https:\/\/www.gites-dordogne-sarlat.fr\/en\/faq-frequently-asked-questions\/rates\/\",\"name\":\"Contact us for our best rates!\",\"isPartOf\":{\"@id\":\"https:\/\/www.gites-dordogne-sarlat.fr\/en\/#website\"},\"primaryImageOfPage\":{\"@id\":\"https:\/\/www.gites-dordogne-sarlat.fr\/en\/faq-frequently-asked-questions\/rates\/#primaryimage\"},\"image\":{\"@id\":\"https:\/\/www.gites-dordogne-sarlat.fr\/en\/faq-frequently-asked-questions\/rates\/#primaryimage\"},\"thumbnailUrl\":\"https:\/\/www.gites-dordogne-sarlat.fr\/wp-content\/uploads\/2015\/09\/touron.jpg\",\"datePublished\":\"2019-09-10T12:12:05+00:00\",\"dateModified\":\"2025-06-17T16:41:58+00:00\",\"description\":\"Exceptionally well-located, the Domaine des Ventoulines allows you to visit all the major sites of the P\u00e9rigord at attractive rates.\",\"breadcrumb\":{\"@id\":\"https:\/\/www.gites-dordogne-sarlat.fr\/en\/faq-frequently-asked-questions\/rates\/#breadcrumb\"},\"inLanguage\":\"en-US\",\"potentialAction\":[{\"@type\":\"ReadAction\",\"target\":[\"https:\/\/www.gites-dordogne-sarlat.fr\/en\/faq-frequently-asked-questions\/rates\/\"]}]},{\"@type\":\"ImageObject\",\"inLanguage\":\"en-US\",\"@id\":\"https:\/\/www.gites-dordogne-sarlat.fr\/en\/faq-frequently-asked-questions\/rates\/#primaryimage\",\"url\":\"https:\/\/www.gites-dordogne-sarlat.fr\/wp-content\/uploads\/2015\/09\/touron.jpg\",\"contentUrl\":\"https:\/\/www.gites-dordogne-sarlat.fr\/wp-content\/uploads\/2015\/09\/touron.jpg\",\"width\":667,\"height\":500},{\"@type\":\"BreadcrumbList\",\"@id\":\"https:\/\/www.gites-dordogne-sarlat.fr\/en\/faq-frequently-asked-questions\/rates\/#breadcrumb\",\"itemListElement\":[{\"@type\":\"ListItem\",\"position\":1,\"name\":\"Accueil\",\"item\":\"https:\/\/www.gites-dordogne-sarlat.fr\/en\/\"},{\"@type\":\"ListItem\",\"position\":2,\"name\":\"FAQ : Frequently asked questions\",\"item\":\"https:\/\/www.gites-dordogne-sarlat.fr\/en\/faq-frequently-asked-questions\/\"},{\"@type\":\"ListItem\",\"position\":3,\"name\":\"Rates\"}]},{\"@type\":\"WebSite\",\"@id\":\"https:\/\/www.gites-dordogne-sarlat.fr\/en\/#website\",\"url\":\"https:\/\/www.gites-dordogne-sarlat.fr\/en\/\",\"name\":\"gites-dordogne-sarlat.fr\",\"description\":\"\",\"potentialAction\":[{\"@type\":\"SearchAction\",\"target\":{\"@type\":\"EntryPoint\",\"urlTemplate\":\"https:\/\/www.gites-dordogne-sarlat.fr\/en\/?s={search_term_string}\"},\"query-input\":{\"@type\":\"PropertyValueSpecification\",\"valueRequired\":true,\"valueName\":\"search_term_string\"}}],\"inLanguage\":\"en-US\"}]}<\/script>\n<!-- \/ Yoast SEO plugin. -->","yoast_head_json":{"title":"Contact us for our best rates!","description":"Exceptionally well-located, the Domaine des Ventoulines allows you to visit all the major sites of the P\u00e9rigord at attractive rates.","robots":{"index":"index","follow":"follow","max-snippet":"max-snippet:-1","max-image-preview":"max-image-preview:large","max-video-preview":"max-video-preview:-1"},"canonical":"https:\/\/www.gites-dordogne-sarlat.fr\/en\/faq-frequently-asked-questions\/rates\/","og_locale":"en_US","og_type":"article","og_title":"Contact us for our best rates!","og_description":"Exceptionally well-located, the Domaine des Ventoulines allows you to visit all the major sites of the P\u00e9rigord at attractive rates.","og_url":"https:\/\/www.gites-dordogne-sarlat.fr\/en\/faq-frequently-asked-questions\/rates\/","og_site_name":"gites-dordogne-sarlat.fr","article_modified_time":"2025-06-17T16:41:58+00:00","og_image":[{"width":667,"height":500,"url":"https:\/\/www.gites-dordogne-sarlat.fr\/wp-content\/uploads\/2015\/09\/touron.jpg","type":"image\/jpeg"}],"twitter_card":"summary_large_image","twitter_misc":{"Est. reading time":"3 minutes"},"schema":{"@context":"https:\/\/schema.org","@graph":[{"@type":"WebPage","@id":"https:\/\/www.gites-dordogne-sarlat.fr\/en\/faq-frequently-asked-questions\/rates\/","url":"https:\/\/www.gites-dordogne-sarlat.fr\/en\/faq-frequently-asked-questions\/rates\/","name":"Contact us for our best rates!","isPartOf":{"@id":"https:\/\/www.gites-dordogne-sarlat.fr\/en\/#website"},"primaryImageOfPage":{"@id":"https:\/\/www.gites-dordogne-sarlat.fr\/en\/faq-frequently-asked-questions\/rates\/#primaryimage"},"image":{"@id":"https:\/\/www.gites-dordogne-sarlat.fr\/en\/faq-frequently-asked-questions\/rates\/#primaryimage"},"thumbnailUrl":"https:\/\/www.gites-dordogne-sarlat.fr\/wp-content\/uploads\/2015\/09\/touron.jpg","datePublished":"2019-09-10T12:12:05+00:00","dateModified":"2025-06-17T16:41:58+00:00","description":"Exceptionally well-located, the Domaine des Ventoulines allows you to visit all the major sites of the P\u00e9rigord at attractive rates.","breadcrumb":{"@id":"https:\/\/www.gites-dordogne-sarlat.fr\/en\/faq-frequently-asked-questions\/rates\/#breadcrumb"},"inLanguage":"en-US","potentialAction":[{"@type":"ReadAction","target":["https:\/\/www.gites-dordogne-sarlat.fr\/en\/faq-frequently-asked-questions\/rates\/"]}]},{"@type":"ImageObject","inLanguage":"en-US","@id":"https:\/\/www.gites-dordogne-sarlat.fr\/en\/faq-frequently-asked-questions\/rates\/#primaryimage","url":"https:\/\/www.gites-dordogne-sarlat.fr\/wp-content\/uploads\/2015\/09\/touron.jpg","contentUrl":"https:\/\/www.gites-dordogne-sarlat.fr\/wp-content\/uploads\/2015\/09\/touron.jpg","width":667,"height":500},{"@type":"BreadcrumbList","@id":"https:\/\/www.gites-dordogne-sarlat.fr\/en\/faq-frequently-asked-questions\/rates\/#breadcrumb","itemListElement":[{"@type":"ListItem","position":1,"name":"Accueil","item":"https:\/\/www.gites-dordogne-sarlat.fr\/en\/"},{"@type":"ListItem","position":2,"name":"FAQ : Frequently asked questions","item":"https:\/\/www.gites-dordogne-sarlat.fr\/en\/faq-frequently-asked-questions\/"},{"@type":"ListItem","position":3,"name":"Rates"}]},{"@type":"WebSite","@id":"https:\/\/www.gites-dordogne-sarlat.fr\/en\/#website","url":"https:\/\/www.gites-dordogne-sarlat.fr\/en\/","name":"gites-dordogne-sarlat.fr","description":"","potentialAction":[{"@type":"SearchAction","target":{"@type":"EntryPoint","urlTemplate":"https:\/\/www.gites-dordogne-sarlat.fr\/en\/?s={search_term_string}"},"query-input":{"@type":"PropertyValueSpecification","valueRequired":true,"valueName":"search_term_string"}}],"inLanguage":"en-US"}]}},"_links":{"self":[{"href":"https:\/\/www.gites-dordogne-sarlat.fr\/en\/wp-json\/wp\/v2\/pages\/7730","targetHints":{"allow":["GET"]}}],"collection":[{"href":"https:\/\/www.gites-dordogne-sarlat.fr\/en\/wp-json\/wp\/v2\/pages"}],"about":[{"href":"https:\/\/www.gites-dordogne-sarlat.fr\/en\/wp-json\/wp\/v2\/types\/page"}],"author":[{"embeddable":true,"href":"https:\/\/www.gites-dordogne-sarlat.fr\/en\/wp-json\/wp\/v2\/users\/2"}],"replies":[{"embeddable":true,"href":"https:\/\/www.gites-dordogne-sarlat.fr\/en\/wp-json\/wp\/v2\/comments?post=7730"}],"version-history":[{"count":4,"href":"https:\/\/www.gites-dordogne-sarlat.fr\/en\/wp-json\/wp\/v2\/pages\/7730\/revisions"}],"predecessor-version":[{"id":8333,"href":"https:\/\/www.gites-dordogne-sarlat.fr\/en\/wp-json\/wp\/v2\/pages\/7730\/revisions\/8333"}],"up":[{"embeddable":true,"href":"https:\/\/www.gites-dordogne-sarlat.fr\/en\/wp-json\/wp\/v2\/pages\/7568"}],"wp:featuredmedia":[{"embeddable":true,"href":"https:\/\/www.gites-dordogne-sarlat.fr\/en\/wp-json\/wp\/v2\/media\/7124"}],"wp:attachment":[{"href":"https:\/\/www.gites-dordogne-sarlat.fr\/en\/wp-json\/wp\/v2\/media?parent=7730"}],"curies":[{"name":"wp","href":"https:\/\/api.w.org\/{rel}","templated":true}]}}