{"id":7732,"date":"2016-01-13T12:20:56","date_gmt":"2016-01-13T12:20:56","guid":{"rendered":"https:\/\/www.gites-dordogne-sarlat.fr\/group-gite-in-dordogne-domme-near-sarlat\/"},"modified":"2025-06-17T16:13:34","modified_gmt":"2025-06-17T16:13:34","slug":"group-gite-in-dordogne-domme-near-sarlat","status":"publish","type":"page","link":"https:\/\/www.gites-dordogne-sarlat.fr\/en\/group-gite-in-dordogne-domme-near-sarlat\/","title":{"rendered":"Group g\u00eete in Dordogne near Sarlat"},"content":{"rendered":"\t\t<div data-elementor-type=\"wp-page\" data-elementor-id=\"7732\" class=\"elementor elementor-7732 elementor-74\" data-elementor-post-type=\"page\">\n\t\t\t\t\t\t<section class=\"elementor-section elementor-top-section elementor-element elementor-element-ebc3e08 elementor-section-boxed elementor-section-height-default elementor-section-height-default\" data-id=\"ebc3e08\" data-element_type=\"section\" data-e-type=\"section\">\n\t\t\t\t\t\t<div class=\"elementor-container elementor-column-gap-default\">\n\t\t\t\t\t<div class=\"elementor-column elementor-col-100 elementor-top-column elementor-element elementor-element-9e0d4c5\" data-id=\"9e0d4c5\" data-element_type=\"column\" data-e-type=\"column\">\n\t\t\t<div class=\"elementor-widget-wrap elementor-element-populated\">\n\t\t\t\t\t\t<div class=\"elementor-element elementor-element-3c11eaa elementor-arrows-position-inside elementor-pagination-position-outside elementor-widget elementor-widget-image-carousel\" data-id=\"3c11eaa\" data-element_type=\"widget\" data-e-type=\"widget\" data-settings=\"{&quot;slides_to_show&quot;:&quot;1&quot;,&quot;navigation&quot;:&quot;both&quot;,&quot;autoplay&quot;:&quot;yes&quot;,&quot;pause_on_hover&quot;:&quot;yes&quot;,&quot;pause_on_interaction&quot;:&quot;yes&quot;,&quot;autoplay_speed&quot;:5000,&quot;infinite&quot;:&quot;yes&quot;,&quot;effect&quot;:&quot;slide&quot;,&quot;speed&quot;:500}\" data-widget_type=\"image-carousel.default\">\n\t\t\t\t\t\t\t<div class=\"elementor-image-carousel-wrapper swiper\" role=\"region\" aria-roledescription=\"carousel\" aria-label=\"Image Carousel\" dir=\"ltr\">\n\t\t\t<div class=\"elementor-image-carousel swiper-wrapper\" aria-live=\"off\">\n\t\t\t\t\t\t\t\t<div class=\"swiper-slide\" role=\"group\" aria-roledescription=\"slide\" aria-label=\"1 of 6\"><figure class=\"swiper-slide-inner\"><img decoding=\"async\" class=\"swiper-slide-image\" src=\"https:\/\/www.gites-dordogne-sarlat.fr\/wp-content\/uploads\/2015\/09\/sortie-canoe-groupe-768x576.jpg\" alt=\"sortie canoe groupe\" \/><\/figure><\/div><div class=\"swiper-slide\" role=\"group\" aria-roledescription=\"slide\" aria-label=\"2 of 6\"><figure class=\"swiper-slide-inner\"><img decoding=\"async\" class=\"swiper-slide-image\" src=\"https:\/\/www.gites-dordogne-sarlat.fr\/wp-content\/uploads\/2015\/09\/soiree-DJ-768x576.jpg\" alt=\"soir\u00e9e DJ groupe restaurant\" \/><\/figure><\/div><div class=\"swiper-slide\" role=\"group\" aria-roledescription=\"slide\" aria-label=\"3 of 6\"><figure class=\"swiper-slide-inner\"><img decoding=\"async\" class=\"swiper-slide-image\" src=\"https:\/\/www.gites-dordogne-sarlat.fr\/wp-content\/uploads\/2019\/02\/restau-groupe-768x576.jpg\" alt=\"Restaurant de groupes\" \/><\/figure><\/div><div class=\"swiper-slide\" role=\"group\" aria-roledescription=\"slide\" aria-label=\"4 of 6\"><figure class=\"swiper-slide-inner\"><img decoding=\"async\" class=\"swiper-slide-image\" src=\"https:\/\/www.gites-dordogne-sarlat.fr\/wp-content\/uploads\/2015\/09\/babyfoot-collegues.jpg\" alt=\"\" \/><\/figure><\/div><div class=\"swiper-slide\" role=\"group\" aria-roledescription=\"slide\" aria-label=\"5 of 6\"><figure class=\"swiper-slide-inner\"><img decoding=\"async\" class=\"swiper-slide-image\" src=\"https:\/\/www.gites-dordogne-sarlat.fr\/wp-content\/uploads\/2015\/09\/groupe-bus.jpg\" alt=\"groupe bus\" \/><\/figure><\/div><div class=\"swiper-slide\" role=\"group\" aria-roledescription=\"slide\" aria-label=\"6 of 6\"><figure class=\"swiper-slide-inner\"><img decoding=\"async\" class=\"swiper-slide-image\" src=\"https:\/\/www.gites-dordogne-sarlat.fr\/wp-content\/uploads\/2015\/09\/IMG_0758-768x512.jpg\" alt=\"groupe cyclo\" \/><\/figure><\/div>\t\t\t<\/div>\n\t\t\t\t\t\t\t\t\t\t\t\t<div class=\"elementor-swiper-button elementor-swiper-button-prev\" role=\"button\" tabindex=\"0\">\n\t\t\t\t\t\t<svg aria-hidden=\"true\" class=\"e-font-icon-svg e-eicon-chevron-left\" viewBox=\"0 0 1000 1000\" xmlns=\"http:\/\/www.w3.org\/2000\/svg\"><path d=\"M646 125C629 125 613 133 604 142L308 442C296 454 292 471 292 487 292 504 296 521 308 533L604 854C617 867 629 875 646 875 663 875 679 871 692 858 704 846 713 829 713 812 713 796 708 779 692 767L438 487 692 225C700 217 708 204 708 187 708 171 704 154 692 142 675 129 663 125 646 125Z\"><\/path><\/svg>\t\t\t\t\t<\/div>\n\t\t\t\t\t<div class=\"elementor-swiper-button elementor-swiper-button-next\" role=\"button\" tabindex=\"0\">\n\t\t\t\t\t\t<svg aria-hidden=\"true\" class=\"e-font-icon-svg e-eicon-chevron-right\" viewBox=\"0 0 1000 1000\" xmlns=\"http:\/\/www.w3.org\/2000\/svg\"><path d=\"M696 533C708 521 713 504 713 487 713 471 708 454 696 446L400 146C388 133 375 125 354 125 338 125 325 129 313 142 300 154 292 171 292 187 292 204 296 221 308 233L563 492 304 771C292 783 288 800 288 817 288 833 296 850 308 863 321 871 338 875 354 875 371 875 388 867 400 854L696 533Z\"><\/path><\/svg>\t\t\t\t\t<\/div>\n\t\t\t\t\n\t\t\t\t\t\t\t\t\t<div class=\"swiper-pagination\"><\/div>\n\t\t\t\t\t\t\t\t\t<\/div>\n\t\t\t\t\t\t<\/div>\n\t\t\t\t\t<\/div>\n\t\t<\/div>\n\t\t\t\t\t<\/div>\n\t\t<\/section>\n\t\t\t\t<section class=\"elementor-section elementor-top-section elementor-element elementor-element-657219e6 elementor-section-boxed elementor-section-height-default elementor-section-height-default\" data-id=\"657219e6\" data-element_type=\"section\" data-e-type=\"section\">\n\t\t\t\t\t\t<div class=\"elementor-container elementor-column-gap-default\">\n\t\t\t\t\t<div class=\"elementor-column elementor-col-100 elementor-top-column elementor-element elementor-element-18f001fa\" data-id=\"18f001fa\" data-element_type=\"column\" data-e-type=\"column\">\n\t\t\t<div class=\"elementor-widget-wrap elementor-element-populated\">\n\t\t\t\t\t\t<div class=\"elementor-element elementor-element-311d883e elementor-widget elementor-widget-text-editor\" data-id=\"311d883e\" data-element_type=\"widget\" data-e-type=\"widget\" data-widget_type=\"text-editor.default\">\n\t\t\t\t\t\t\t\t\t<h2>Group g\u00eete in Dordogne<\/h2><p>Are you an association, a group of hikers or cyclists, a company or a large family looking to get together? Would you like to bring your members together in a natural setting equipped with all the logistics needed to host and animate this event? Then you&#8217;ve come to the right place!<\/p><h2>Groups from 15 to 55 people<\/h2><p>The estate is a self-catering village that includes an aquatic area with two heated swimming pools, sauna and spa jacuzzi, as well as a restaurant, bar and children&#8217;s play area&#8230; It&#8217;s perfect for groups!<\/p><p>Les Ventoulines offers the perfect setting and infrastructure for your events, in the heart of the P\u00e9rigord Noir and just 15 km from Sarlat town center.<\/p><p>Together, we can make your meeting a real success!<\/p><h2>Catering or self-catering?<\/h2><p>Self cattering till 50 people<\/p><p>Repas fournis par les Ventoulines : entre 20 et 55 personnes. Plusieurs formules sont possibles : pension compl\u00e8te avec pique-nique \u00e0 midi, formule petit-d\u00e9jeuner, ou demi-pension.<\/p><p>Call us on 07 87 59 94 48 for prices and availability.<\/p><p>Availability for bridges 2025: <span style=\"color: var( --e-global-color-text ); font-family: var( --e-global-typography-text-font-family ), Sans-serif; font-weight: var( --e-global-typography-text-font-weight ); background-color: var(--thim_body_bg_color); font-size: var(--thim_font_body-font-size);\">the self-catering g\u00eete is already booked for Ascension Day (29\/05 &#8211; 10\/06), and the half-board option is fully booked for the May 8 weekend.<\/span><\/p><h2>Sports circuits, accompaniment, evening entertainment&#8230;<\/h2><p>We have partnerships with a variety of organizations for events to suit your taste, either on or off the estate.<\/p><p>Contact us for any question!<\/p><h2>Testimonials<\/h2><p>\u201cI&#8217;d been to Les Ventoulines previously with my family, and the welcome had been excellent so I was keen to return, especially as Domme is close to many tourist sites. The swimming pools have won over the other club members.\u201d<br \/><br \/>Claude V.<\/p><p>\u201cChoosing a destination is always a bit risky. But here, there&#8217;s everything we need to make it work: prepared tours for all levels and lots for our spouses to see and do! The pools are great and the people pleasant.\u201d<br \/><br \/>William R.<\/p><h2>Do you know that?<\/h2><p>&#8211; Large-capacity gites: in the P\u00e9rigord Noir, the average capacity of a gite is 25 beds.<\/p><p>&#8211; Swimming pools: in the Dordogne, only 10% of vacation resorts offer a heated, covered swimming pool.<\/p><div><p>\u00a0<\/p><\/div>\t\t\t\t\t\t\t\t<\/div>\n\t\t\t\t\t<\/div>\n\t\t<\/div>\n\t\t\t\t\t<\/div>\n\t\t<\/section>\n\t\t\t\t<\/div>\n\t\t","protected":false},"excerpt":{"rendered":"<p>\t\t\t\t\t\t\t\t\t\t\t\tPrevious<br \/>\n\t\t\t\t\t\t\t\t\t\t\t\tNext<br \/>\nGroup g\u00eete in Dordogne<br \/>\nAre you an association, a group of hikers or cyclists, a company or a large family looking to get together? Would you like to bring your members together in a natural setting equipped with all the logistics needed to host and animate this <\/p>\n","protected":false},"author":2,"featured_media":0,"parent":0,"menu_order":0,"comment_status":"open","ping_status":"closed","template":"","meta":{"footnotes":""},"class_list":["post-7732","page","type-page","status-publish","hentry"],"yoast_head":"<!-- This site is optimized with the Yoast SEO plugin v26.0 - https:\/\/yoast.com\/wordpress\/plugins\/seo\/ -->\n<title>Self-catering or catered groups<\/title>\n<meta name=\"description\" content=\"Groups from 15 to 55 people. Several options are available, including self-catering, board and breakfast.\" \/>\n<meta name=\"robots\" content=\"index, follow, max-snippet:-1, max-image-preview:large, max-video-preview:-1\" \/>\n<link rel=\"canonical\" href=\"https:\/\/www.gites-dordogne-sarlat.fr\/en\/group-gite-in-dordogne-domme-near-sarlat\/\" \/>\n<meta property=\"og:locale\" content=\"en_US\" \/>\n<meta property=\"og:type\" content=\"article\" \/>\n<meta property=\"og:title\" content=\"Self-catering or catered groups\" \/>\n<meta property=\"og:description\" content=\"Groups from 15 to 55 people. Several options are available, including self-catering, board and breakfast.\" \/>\n<meta property=\"og:url\" content=\"https:\/\/www.gites-dordogne-sarlat.fr\/en\/group-gite-in-dordogne-domme-near-sarlat\/\" \/>\n<meta property=\"og:site_name\" content=\"gites-dordogne-sarlat.fr\" \/>\n<meta property=\"article:modified_time\" content=\"2025-06-17T16:13:34+00:00\" \/>\n<meta property=\"og:image\" content=\"https:\/\/www.gites-dordogne-sarlat.fr\/wp-content\/uploads\/2015\/09\/sortie-canoe-groupe-768x576.jpg\" \/>\n<meta name=\"twitter:card\" content=\"summary_large_image\" \/>\n<meta name=\"twitter:label1\" content=\"Est. reading time\" \/>\n\t<meta name=\"twitter:data1\" content=\"4 minutes\" \/>\n<script type=\"application\/ld+json\" class=\"yoast-schema-graph\">{\"@context\":\"https:\/\/schema.org\",\"@graph\":[{\"@type\":\"WebPage\",\"@id\":\"https:\/\/www.gites-dordogne-sarlat.fr\/en\/group-gite-in-dordogne-domme-near-sarlat\/\",\"url\":\"https:\/\/www.gites-dordogne-sarlat.fr\/en\/group-gite-in-dordogne-domme-near-sarlat\/\",\"name\":\"Self-catering or catered groups\",\"isPartOf\":{\"@id\":\"https:\/\/www.gites-dordogne-sarlat.fr\/en\/#website\"},\"primaryImageOfPage\":{\"@id\":\"https:\/\/www.gites-dordogne-sarlat.fr\/en\/group-gite-in-dordogne-domme-near-sarlat\/#primaryimage\"},\"image\":{\"@id\":\"https:\/\/www.gites-dordogne-sarlat.fr\/en\/group-gite-in-dordogne-domme-near-sarlat\/#primaryimage\"},\"thumbnailUrl\":\"https:\/\/www.gites-dordogne-sarlat.fr\/wp-content\/uploads\/2015\/09\/sortie-canoe-groupe-768x576.jpg\",\"datePublished\":\"2016-01-13T12:20:56+00:00\",\"dateModified\":\"2025-06-17T16:13:34+00:00\",\"description\":\"Groups from 15 to 55 people. Several options are available, including self-catering, board and breakfast.\",\"breadcrumb\":{\"@id\":\"https:\/\/www.gites-dordogne-sarlat.fr\/en\/group-gite-in-dordogne-domme-near-sarlat\/#breadcrumb\"},\"inLanguage\":\"en-US\",\"potentialAction\":[{\"@type\":\"ReadAction\",\"target\":[\"https:\/\/www.gites-dordogne-sarlat.fr\/en\/group-gite-in-dordogne-domme-near-sarlat\/\"]}]},{\"@type\":\"ImageObject\",\"inLanguage\":\"en-US\",\"@id\":\"https:\/\/www.gites-dordogne-sarlat.fr\/en\/group-gite-in-dordogne-domme-near-sarlat\/#primaryimage\",\"url\":\"https:\/\/www.gites-dordogne-sarlat.fr\/wp-content\/uploads\/2015\/09\/sortie-canoe-groupe-768x576.jpg\",\"contentUrl\":\"https:\/\/www.gites-dordogne-sarlat.fr\/wp-content\/uploads\/2015\/09\/sortie-canoe-groupe-768x576.jpg\"},{\"@type\":\"BreadcrumbList\",\"@id\":\"https:\/\/www.gites-dordogne-sarlat.fr\/en\/group-gite-in-dordogne-domme-near-sarlat\/#breadcrumb\",\"itemListElement\":[{\"@type\":\"ListItem\",\"position\":1,\"name\":\"Accueil\",\"item\":\"https:\/\/www.gites-dordogne-sarlat.fr\/en\/\"},{\"@type\":\"ListItem\",\"position\":2,\"name\":\"Group g\u00eete in Dordogne near Sarlat\"}]},{\"@type\":\"WebSite\",\"@id\":\"https:\/\/www.gites-dordogne-sarlat.fr\/en\/#website\",\"url\":\"https:\/\/www.gites-dordogne-sarlat.fr\/en\/\",\"name\":\"gites-dordogne-sarlat.fr\",\"description\":\"\",\"potentialAction\":[{\"@type\":\"SearchAction\",\"target\":{\"@type\":\"EntryPoint\",\"urlTemplate\":\"https:\/\/www.gites-dordogne-sarlat.fr\/en\/?s={search_term_string}\"},\"query-input\":{\"@type\":\"PropertyValueSpecification\",\"valueRequired\":true,\"valueName\":\"search_term_string\"}}],\"inLanguage\":\"en-US\"}]}<\/script>\n<!-- \/ Yoast SEO plugin. -->","yoast_head_json":{"title":"Self-catering or catered groups","description":"Groups from 15 to 55 people. Several options are available, including self-catering, board and breakfast.","robots":{"index":"index","follow":"follow","max-snippet":"max-snippet:-1","max-image-preview":"max-image-preview:large","max-video-preview":"max-video-preview:-1"},"canonical":"https:\/\/www.gites-dordogne-sarlat.fr\/en\/group-gite-in-dordogne-domme-near-sarlat\/","og_locale":"en_US","og_type":"article","og_title":"Self-catering or catered groups","og_description":"Groups from 15 to 55 people. Several options are available, including self-catering, board and breakfast.","og_url":"https:\/\/www.gites-dordogne-sarlat.fr\/en\/group-gite-in-dordogne-domme-near-sarlat\/","og_site_name":"gites-dordogne-sarlat.fr","article_modified_time":"2025-06-17T16:13:34+00:00","og_image":[{"url":"https:\/\/www.gites-dordogne-sarlat.fr\/wp-content\/uploads\/2015\/09\/sortie-canoe-groupe-768x576.jpg","type":"","width":"","height":""}],"twitter_card":"summary_large_image","twitter_misc":{"Est. reading time":"4 minutes"},"schema":{"@context":"https:\/\/schema.org","@graph":[{"@type":"WebPage","@id":"https:\/\/www.gites-dordogne-sarlat.fr\/en\/group-gite-in-dordogne-domme-near-sarlat\/","url":"https:\/\/www.gites-dordogne-sarlat.fr\/en\/group-gite-in-dordogne-domme-near-sarlat\/","name":"Self-catering or catered groups","isPartOf":{"@id":"https:\/\/www.gites-dordogne-sarlat.fr\/en\/#website"},"primaryImageOfPage":{"@id":"https:\/\/www.gites-dordogne-sarlat.fr\/en\/group-gite-in-dordogne-domme-near-sarlat\/#primaryimage"},"image":{"@id":"https:\/\/www.gites-dordogne-sarlat.fr\/en\/group-gite-in-dordogne-domme-near-sarlat\/#primaryimage"},"thumbnailUrl":"https:\/\/www.gites-dordogne-sarlat.fr\/wp-content\/uploads\/2015\/09\/sortie-canoe-groupe-768x576.jpg","datePublished":"2016-01-13T12:20:56+00:00","dateModified":"2025-06-17T16:13:34+00:00","description":"Groups from 15 to 55 people. Several options are available, including self-catering, board and breakfast.","breadcrumb":{"@id":"https:\/\/www.gites-dordogne-sarlat.fr\/en\/group-gite-in-dordogne-domme-near-sarlat\/#breadcrumb"},"inLanguage":"en-US","potentialAction":[{"@type":"ReadAction","target":["https:\/\/www.gites-dordogne-sarlat.fr\/en\/group-gite-in-dordogne-domme-near-sarlat\/"]}]},{"@type":"ImageObject","inLanguage":"en-US","@id":"https:\/\/www.gites-dordogne-sarlat.fr\/en\/group-gite-in-dordogne-domme-near-sarlat\/#primaryimage","url":"https:\/\/www.gites-dordogne-sarlat.fr\/wp-content\/uploads\/2015\/09\/sortie-canoe-groupe-768x576.jpg","contentUrl":"https:\/\/www.gites-dordogne-sarlat.fr\/wp-content\/uploads\/2015\/09\/sortie-canoe-groupe-768x576.jpg"},{"@type":"BreadcrumbList","@id":"https:\/\/www.gites-dordogne-sarlat.fr\/en\/group-gite-in-dordogne-domme-near-sarlat\/#breadcrumb","itemListElement":[{"@type":"ListItem","position":1,"name":"Accueil","item":"https:\/\/www.gites-dordogne-sarlat.fr\/en\/"},{"@type":"ListItem","position":2,"name":"Group g\u00eete in Dordogne near Sarlat"}]},{"@type":"WebSite","@id":"https:\/\/www.gites-dordogne-sarlat.fr\/en\/#website","url":"https:\/\/www.gites-dordogne-sarlat.fr\/en\/","name":"gites-dordogne-sarlat.fr","description":"","potentialAction":[{"@type":"SearchAction","target":{"@type":"EntryPoint","urlTemplate":"https:\/\/www.gites-dordogne-sarlat.fr\/en\/?s={search_term_string}"},"query-input":{"@type":"PropertyValueSpecification","valueRequired":true,"valueName":"search_term_string"}}],"inLanguage":"en-US"}]}},"_links":{"self":[{"href":"https:\/\/www.gites-dordogne-sarlat.fr\/en\/wp-json\/wp\/v2\/pages\/7732","targetHints":{"allow":["GET"]}}],"collection":[{"href":"https:\/\/www.gites-dordogne-sarlat.fr\/en\/wp-json\/wp\/v2\/pages"}],"about":[{"href":"https:\/\/www.gites-dordogne-sarlat.fr\/en\/wp-json\/wp\/v2\/types\/page"}],"author":[{"embeddable":true,"href":"https:\/\/www.gites-dordogne-sarlat.fr\/en\/wp-json\/wp\/v2\/users\/2"}],"replies":[{"embeddable":true,"href":"https:\/\/www.gites-dordogne-sarlat.fr\/en\/wp-json\/wp\/v2\/comments?post=7732"}],"version-history":[{"count":5,"href":"https:\/\/www.gites-dordogne-sarlat.fr\/en\/wp-json\/wp\/v2\/pages\/7732\/revisions"}],"predecessor-version":[{"id":8322,"href":"https:\/\/www.gites-dordogne-sarlat.fr\/en\/wp-json\/wp\/v2\/pages\/7732\/revisions\/8322"}],"wp:attachment":[{"href":"https:\/\/www.gites-dordogne-sarlat.fr\/en\/wp-json\/wp\/v2\/media?parent=7732"}],"curies":[{"name":"wp","href":"https:\/\/api.w.org\/{rel}","templated":true}]}}