{"id":7734,"date":"2016-01-21T16:18:29","date_gmt":"2016-01-21T16:18:29","guid":{"rendered":"https:\/\/www.gites-dordogne-sarlat.fr\/group-gite-in-dordogne-domme-near-sarlat\/cousinades\/"},"modified":"2025-06-17T16:00:46","modified_gmt":"2025-06-17T16:00:46","slug":"cousinades","status":"publish","type":"page","link":"https:\/\/www.gites-dordogne-sarlat.fr\/en\/group-gite-in-dordogne-domme-near-sarlat\/cousinades\/","title":{"rendered":"Cousin party"},"content":{"rendered":"\t\t<div data-elementor-type=\"wp-page\" data-elementor-id=\"7734\" class=\"elementor elementor-7734 elementor-162\" data-elementor-post-type=\"page\">\n\t\t\t\t\t\t<section class=\"elementor-section elementor-top-section elementor-element elementor-element-127c886 elementor-section-boxed elementor-section-height-default elementor-section-height-default\" data-id=\"127c886\" data-element_type=\"section\" data-e-type=\"section\">\n\t\t\t\t\t\t<div class=\"elementor-container elementor-column-gap-default\">\n\t\t\t\t\t<div class=\"elementor-column elementor-col-100 elementor-top-column elementor-element elementor-element-b82b702\" data-id=\"b82b702\" data-element_type=\"column\" data-e-type=\"column\">\n\t\t\t<div class=\"elementor-widget-wrap elementor-element-populated\">\n\t\t\t\t\t\t<div class=\"elementor-element elementor-element-339fd5d elementor-arrows-position-inside elementor-pagination-position-outside elementor-widget elementor-widget-image-carousel\" data-id=\"339fd5d\" data-element_type=\"widget\" data-e-type=\"widget\" data-settings=\"{&quot;slides_to_show&quot;:&quot;1&quot;,&quot;effect&quot;:&quot;fade&quot;,&quot;navigation&quot;:&quot;both&quot;,&quot;autoplay&quot;:&quot;yes&quot;,&quot;pause_on_hover&quot;:&quot;yes&quot;,&quot;pause_on_interaction&quot;:&quot;yes&quot;,&quot;autoplay_speed&quot;:5000,&quot;infinite&quot;:&quot;yes&quot;,&quot;speed&quot;:500}\" data-widget_type=\"image-carousel.default\">\n\t\t\t\t\t\t\t<div class=\"elementor-image-carousel-wrapper swiper\" role=\"region\" aria-roledescription=\"carousel\" aria-label=\"Image Carousel\" dir=\"ltr\">\n\t\t\t<div class=\"elementor-image-carousel swiper-wrapper\" aria-live=\"off\">\n\t\t\t\t\t\t\t\t<div class=\"swiper-slide\" role=\"group\" aria-roledescription=\"slide\" aria-label=\"1 of 8\"><figure class=\"swiper-slide-inner\"><img decoding=\"async\" class=\"swiper-slide-image\" src=\"https:\/\/www.gites-dordogne-sarlat.fr\/wp-content\/uploads\/2019\/01\/animation-babyfoot-ados-768x576.jpg\" alt=\"Baby foot\" \/><\/figure><\/div><div class=\"swiper-slide\" role=\"group\" aria-roledescription=\"slide\" aria-label=\"2 of 8\"><figure class=\"swiper-slide-inner\"><img decoding=\"async\" class=\"swiper-slide-image\" src=\"https:\/\/www.gites-dordogne-sarlat.fr\/wp-content\/uploads\/2015\/09\/teuf-768x576.jpg\" alt=\"f\u00eate groupe disco\" \/><\/figure><\/div><div class=\"swiper-slide\" role=\"group\" aria-roledescription=\"slide\" aria-label=\"3 of 8\"><figure class=\"swiper-slide-inner\"><img decoding=\"async\" class=\"swiper-slide-image\" src=\"https:\/\/www.gites-dordogne-sarlat.fr\/wp-content\/uploads\/2023\/01\/salle-scaled-1-768x576.jpg\" alt=\"T\u00e9l\u00e9 connect\u00e9e\" \/><\/figure><\/div><div class=\"swiper-slide\" role=\"group\" aria-roledescription=\"slide\" aria-label=\"4 of 8\"><figure class=\"swiper-slide-inner\"><img decoding=\"async\" class=\"swiper-slide-image\" src=\"https:\/\/www.gites-dordogne-sarlat.fr\/wp-content\/uploads\/2015\/09\/restaurant-gateau-fraises-1-768x551.jpg\" alt=\"Merveilleuses fraises du P\u00e9rigord\" \/><\/figure><\/div><div class=\"swiper-slide\" role=\"group\" aria-roledescription=\"slide\" aria-label=\"5 of 8\"><figure class=\"swiper-slide-inner\"><img decoding=\"async\" class=\"swiper-slide-image\" src=\"https:\/\/www.gites-dordogne-sarlat.fr\/wp-content\/uploads\/2015\/09\/restaurant-paella-piscine-768x576.jpg\" alt=\"restaurant paella piscine\" \/><\/figure><\/div><div class=\"swiper-slide\" role=\"group\" aria-roledescription=\"slide\" aria-label=\"6 of 8\"><figure class=\"swiper-slide-inner\"><img decoding=\"async\" class=\"swiper-slide-image\" src=\"https:\/\/www.gites-dordogne-sarlat.fr\/wp-content\/uploads\/2019\/02\/animation-canoe-768x432.jpg\" alt=\"Animation canoe\" \/><\/figure><\/div><div class=\"swiper-slide\" role=\"group\" aria-roledescription=\"slide\" aria-label=\"7 of 8\"><figure class=\"swiper-slide-inner\"><img decoding=\"async\" class=\"swiper-slide-image\" src=\"https:\/\/www.gites-dordogne-sarlat.fr\/wp-content\/uploads\/2015\/09\/animation-balade-1-768x432.jpg\" alt=\"animation balade 1\" \/><\/figure><\/div><div class=\"swiper-slide\" role=\"group\" aria-roledescription=\"slide\" aria-label=\"8 of 8\"><figure class=\"swiper-slide-inner\"><img decoding=\"async\" class=\"swiper-slide-image\" src=\"https:\/\/www.gites-dordogne-sarlat.fr\/wp-content\/uploads\/2015\/09\/velo-famille-768x576.jpg\" alt=\"velo famille groupe\" \/><\/figure><\/div>\t\t\t<\/div>\n\t\t\t\t\t\t\t\t\t\t\t\t<div class=\"elementor-swiper-button elementor-swiper-button-prev\" role=\"button\" tabindex=\"0\">\n\t\t\t\t\t\t<svg aria-hidden=\"true\" class=\"e-font-icon-svg e-eicon-chevron-left\" viewBox=\"0 0 1000 1000\" xmlns=\"http:\/\/www.w3.org\/2000\/svg\"><path d=\"M646 125C629 125 613 133 604 142L308 442C296 454 292 471 292 487 292 504 296 521 308 533L604 854C617 867 629 875 646 875 663 875 679 871 692 858 704 846 713 829 713 812 713 796 708 779 692 767L438 487 692 225C700 217 708 204 708 187 708 171 704 154 692 142 675 129 663 125 646 125Z\"><\/path><\/svg>\t\t\t\t\t<\/div>\n\t\t\t\t\t<div class=\"elementor-swiper-button elementor-swiper-button-next\" role=\"button\" tabindex=\"0\">\n\t\t\t\t\t\t<svg aria-hidden=\"true\" class=\"e-font-icon-svg e-eicon-chevron-right\" viewBox=\"0 0 1000 1000\" xmlns=\"http:\/\/www.w3.org\/2000\/svg\"><path d=\"M696 533C708 521 713 504 713 487 713 471 708 454 696 446L400 146C388 133 375 125 354 125 338 125 325 129 313 142 300 154 292 171 292 187 292 204 296 221 308 233L563 492 304 771C292 783 288 800 288 817 288 833 296 850 308 863 321 871 338 875 354 875 371 875 388 867 400 854L696 533Z\"><\/path><\/svg>\t\t\t\t\t<\/div>\n\t\t\t\t\n\t\t\t\t\t\t\t\t\t<div class=\"swiper-pagination\"><\/div>\n\t\t\t\t\t\t\t\t\t<\/div>\n\t\t\t\t\t\t<\/div>\n\t\t\t\t\t<\/div>\n\t\t<\/div>\n\t\t\t\t\t<\/div>\n\t\t<\/section>\n\t\t\t\t<section class=\"elementor-section elementor-top-section elementor-element elementor-element-5714dc4f elementor-section-boxed elementor-section-height-default elementor-section-height-default\" data-id=\"5714dc4f\" data-element_type=\"section\" data-e-type=\"section\">\n\t\t\t\t\t\t<div class=\"elementor-container elementor-column-gap-default\">\n\t\t\t\t\t<div class=\"elementor-column elementor-col-100 elementor-top-column elementor-element elementor-element-5a49d1a7\" data-id=\"5a49d1a7\" data-element_type=\"column\" data-e-type=\"column\">\n\t\t\t<div class=\"elementor-widget-wrap elementor-element-populated\">\n\t\t\t\t\t\t<div class=\"elementor-element elementor-element-6317981b elementor-widget elementor-widget-text-editor\" data-id=\"6317981b\" data-element_type=\"widget\" data-e-type=\"widget\" data-widget_type=\"text-editor.default\">\n\t\t\t\t\t\t\t\t\t<div><h2>Organise your cousin party<\/h2><h2>For an unforgettable cousinade<\/h2><\/div><p>Your family has been getting together on a specific date for a long time, and this year it&#8217;s up to you to choose the venue for this festive occasion?<\/p><p>Don&#8217;t worry, you&#8217;ve come to the right place, as we&#8217;re used to hosting this type of event. The ambience of the estate, the view and the surrounding nature all contribute to the success of every gathering, and families leave with big smiles and shared memories!<\/p><p>We&#8217;ll help you organize accommodation, catering and activities. Give us a call on 07 87 59 94 48!<\/p><h2>\u00a0<\/h2><h2>Choose your formula!<\/h2><p>Several options are available: self-catering, half-board or full-board.<\/p><p>For self-catering, if your group numbers up to 50: the <a href=\"https:\/\/www.gites-dordogne-sarlat.fr\/gite-de-groupe\/gestion-libre\/\">\u201ctribe\u201d gite <\/a>has a fully-equipped kitchen, a room for 40 seated guests adjoining a room for 10 seated guests. Of course, tables, chairs and cutlery are provided.<\/p><p>Pour la demi-pension ou la pension compl\u00e8te : cela concerne les groupes entre de 25 et 55 personnes. Nous vous accueillons dans la salle de restaurant de 100 m2 avec nos menus p\u00e9rigourdins. La pension compl\u00e8te\u00a0 comprend un pique nique \u00e0 midi (et si la m\u00e9t\u00e9o est trop mauvaise, vous pouvez consommer le pique nique dans la salle de restaurant). A noter que cette salle ferme au plus tard \u00e0 1h (arr\u00eat\u00e9 communal).<\/p><p>Availability May and June 2025 :<\/p><p><b>Last availability: 30 half-board places on Ascension Day<\/b><\/p><p>\u00a0<\/p>\t\t\t\t\t\t\t\t<\/div>\n\t\t\t\t\t<\/div>\n\t\t<\/div>\n\t\t\t\t\t<\/div>\n\t\t<\/section>\n\t\t\t\t<\/div>\n\t\t","protected":false},"excerpt":{"rendered":"<p>Previous<br \/>\nNext<br \/>\nOrganise your cousin party<br \/>\nFor an unforgettable cousinade<br \/>\nYour family has been getting together on a specific date for a long time, and this year it&#8217;s up to you to choose the venue for this festive occasion?<br \/>\nDon&#8217;t worry, you&#8217;ve come to the right place, <\/p>\n","protected":false},"author":2,"featured_media":0,"parent":7732,"menu_order":0,"comment_status":"closed","ping_status":"closed","template":"","meta":{"footnotes":""},"class_list":["post-7734","page","type-page","status-publish","hentry"],"yoast_head":"<!-- This site is optimized with the Yoast SEO plugin v26.0 - https:\/\/yoast.com\/wordpress\/plugins\/seo\/ -->\n<title>Hosting cousinades and parties for up to 55 people<\/title>\n<meta name=\"description\" content=\"Self-catering or catered, ideal for getting together with friends from all over France for a cousinade or family party.\" \/>\n<meta name=\"robots\" content=\"index, follow, max-snippet:-1, max-image-preview:large, max-video-preview:-1\" \/>\n<link rel=\"canonical\" href=\"https:\/\/www.gites-dordogne-sarlat.fr\/en\/group-gite-in-dordogne-domme-near-sarlat\/cousinades\/\" \/>\n<meta property=\"og:locale\" content=\"en_US\" \/>\n<meta property=\"og:type\" content=\"article\" \/>\n<meta property=\"og:title\" content=\"Hosting cousinades and parties for up to 55 people\" \/>\n<meta property=\"og:description\" content=\"Self-catering or catered, ideal for getting together with friends from all over France for a cousinade or family party.\" \/>\n<meta property=\"og:url\" content=\"https:\/\/www.gites-dordogne-sarlat.fr\/en\/group-gite-in-dordogne-domme-near-sarlat\/cousinades\/\" \/>\n<meta property=\"og:site_name\" content=\"gites-dordogne-sarlat.fr\" \/>\n<meta property=\"article:modified_time\" content=\"2025-06-17T16:00:46+00:00\" \/>\n<meta property=\"og:image\" content=\"https:\/\/www.gites-dordogne-sarlat.fr\/wp-content\/uploads\/2019\/01\/animation-babyfoot-ados-768x576.jpg\" \/>\n<meta name=\"twitter:card\" content=\"summary_large_image\" \/>\n<meta name=\"twitter:label1\" content=\"Est. reading time\" \/>\n\t<meta name=\"twitter:data1\" content=\"3 minutes\" \/>\n<script type=\"application\/ld+json\" class=\"yoast-schema-graph\">{\"@context\":\"https:\/\/schema.org\",\"@graph\":[{\"@type\":\"WebPage\",\"@id\":\"https:\/\/www.gites-dordogne-sarlat.fr\/en\/group-gite-in-dordogne-domme-near-sarlat\/cousinades\/\",\"url\":\"https:\/\/www.gites-dordogne-sarlat.fr\/en\/group-gite-in-dordogne-domme-near-sarlat\/cousinades\/\",\"name\":\"Hosting cousinades and parties for up to 55 people\",\"isPartOf\":{\"@id\":\"https:\/\/www.gites-dordogne-sarlat.fr\/en\/#website\"},\"primaryImageOfPage\":{\"@id\":\"https:\/\/www.gites-dordogne-sarlat.fr\/en\/group-gite-in-dordogne-domme-near-sarlat\/cousinades\/#primaryimage\"},\"image\":{\"@id\":\"https:\/\/www.gites-dordogne-sarlat.fr\/en\/group-gite-in-dordogne-domme-near-sarlat\/cousinades\/#primaryimage\"},\"thumbnailUrl\":\"https:\/\/www.gites-dordogne-sarlat.fr\/wp-content\/uploads\/2019\/01\/animation-babyfoot-ados-768x576.jpg\",\"datePublished\":\"2016-01-21T16:18:29+00:00\",\"dateModified\":\"2025-06-17T16:00:46+00:00\",\"description\":\"Self-catering or catered, ideal for getting together with friends from all over France for a cousinade or family party.\",\"breadcrumb\":{\"@id\":\"https:\/\/www.gites-dordogne-sarlat.fr\/en\/group-gite-in-dordogne-domme-near-sarlat\/cousinades\/#breadcrumb\"},\"inLanguage\":\"en-US\",\"potentialAction\":[{\"@type\":\"ReadAction\",\"target\":[\"https:\/\/www.gites-dordogne-sarlat.fr\/en\/group-gite-in-dordogne-domme-near-sarlat\/cousinades\/\"]}]},{\"@type\":\"ImageObject\",\"inLanguage\":\"en-US\",\"@id\":\"https:\/\/www.gites-dordogne-sarlat.fr\/en\/group-gite-in-dordogne-domme-near-sarlat\/cousinades\/#primaryimage\",\"url\":\"https:\/\/www.gites-dordogne-sarlat.fr\/wp-content\/uploads\/2019\/01\/animation-babyfoot-ados-768x576.jpg\",\"contentUrl\":\"https:\/\/www.gites-dordogne-sarlat.fr\/wp-content\/uploads\/2019\/01\/animation-babyfoot-ados-768x576.jpg\"},{\"@type\":\"BreadcrumbList\",\"@id\":\"https:\/\/www.gites-dordogne-sarlat.fr\/en\/group-gite-in-dordogne-domme-near-sarlat\/cousinades\/#breadcrumb\",\"itemListElement\":[{\"@type\":\"ListItem\",\"position\":1,\"name\":\"Accueil\",\"item\":\"https:\/\/www.gites-dordogne-sarlat.fr\/en\/\"},{\"@type\":\"ListItem\",\"position\":2,\"name\":\"Group g\u00eete in Dordogne near Sarlat\",\"item\":\"https:\/\/www.gites-dordogne-sarlat.fr\/en\/group-gite-in-dordogne-domme-near-sarlat\/\"},{\"@type\":\"ListItem\",\"position\":3,\"name\":\"Cousin party\"}]},{\"@type\":\"WebSite\",\"@id\":\"https:\/\/www.gites-dordogne-sarlat.fr\/en\/#website\",\"url\":\"https:\/\/www.gites-dordogne-sarlat.fr\/en\/\",\"name\":\"gites-dordogne-sarlat.fr\",\"description\":\"\",\"potentialAction\":[{\"@type\":\"SearchAction\",\"target\":{\"@type\":\"EntryPoint\",\"urlTemplate\":\"https:\/\/www.gites-dordogne-sarlat.fr\/en\/?s={search_term_string}\"},\"query-input\":{\"@type\":\"PropertyValueSpecification\",\"valueRequired\":true,\"valueName\":\"search_term_string\"}}],\"inLanguage\":\"en-US\"}]}<\/script>\n<!-- \/ Yoast SEO plugin. -->","yoast_head_json":{"title":"Hosting cousinades and parties for up to 55 people","description":"Self-catering or catered, ideal for getting together with friends from all over France for a cousinade or family party.","robots":{"index":"index","follow":"follow","max-snippet":"max-snippet:-1","max-image-preview":"max-image-preview:large","max-video-preview":"max-video-preview:-1"},"canonical":"https:\/\/www.gites-dordogne-sarlat.fr\/en\/group-gite-in-dordogne-domme-near-sarlat\/cousinades\/","og_locale":"en_US","og_type":"article","og_title":"Hosting cousinades and parties for up to 55 people","og_description":"Self-catering or catered, ideal for getting together with friends from all over France for a cousinade or family party.","og_url":"https:\/\/www.gites-dordogne-sarlat.fr\/en\/group-gite-in-dordogne-domme-near-sarlat\/cousinades\/","og_site_name":"gites-dordogne-sarlat.fr","article_modified_time":"2025-06-17T16:00:46+00:00","og_image":[{"url":"https:\/\/www.gites-dordogne-sarlat.fr\/wp-content\/uploads\/2019\/01\/animation-babyfoot-ados-768x576.jpg","type":"","width":"","height":""}],"twitter_card":"summary_large_image","twitter_misc":{"Est. reading time":"3 minutes"},"schema":{"@context":"https:\/\/schema.org","@graph":[{"@type":"WebPage","@id":"https:\/\/www.gites-dordogne-sarlat.fr\/en\/group-gite-in-dordogne-domme-near-sarlat\/cousinades\/","url":"https:\/\/www.gites-dordogne-sarlat.fr\/en\/group-gite-in-dordogne-domme-near-sarlat\/cousinades\/","name":"Hosting cousinades and parties for up to 55 people","isPartOf":{"@id":"https:\/\/www.gites-dordogne-sarlat.fr\/en\/#website"},"primaryImageOfPage":{"@id":"https:\/\/www.gites-dordogne-sarlat.fr\/en\/group-gite-in-dordogne-domme-near-sarlat\/cousinades\/#primaryimage"},"image":{"@id":"https:\/\/www.gites-dordogne-sarlat.fr\/en\/group-gite-in-dordogne-domme-near-sarlat\/cousinades\/#primaryimage"},"thumbnailUrl":"https:\/\/www.gites-dordogne-sarlat.fr\/wp-content\/uploads\/2019\/01\/animation-babyfoot-ados-768x576.jpg","datePublished":"2016-01-21T16:18:29+00:00","dateModified":"2025-06-17T16:00:46+00:00","description":"Self-catering or catered, ideal for getting together with friends from all over France for a cousinade or family party.","breadcrumb":{"@id":"https:\/\/www.gites-dordogne-sarlat.fr\/en\/group-gite-in-dordogne-domme-near-sarlat\/cousinades\/#breadcrumb"},"inLanguage":"en-US","potentialAction":[{"@type":"ReadAction","target":["https:\/\/www.gites-dordogne-sarlat.fr\/en\/group-gite-in-dordogne-domme-near-sarlat\/cousinades\/"]}]},{"@type":"ImageObject","inLanguage":"en-US","@id":"https:\/\/www.gites-dordogne-sarlat.fr\/en\/group-gite-in-dordogne-domme-near-sarlat\/cousinades\/#primaryimage","url":"https:\/\/www.gites-dordogne-sarlat.fr\/wp-content\/uploads\/2019\/01\/animation-babyfoot-ados-768x576.jpg","contentUrl":"https:\/\/www.gites-dordogne-sarlat.fr\/wp-content\/uploads\/2019\/01\/animation-babyfoot-ados-768x576.jpg"},{"@type":"BreadcrumbList","@id":"https:\/\/www.gites-dordogne-sarlat.fr\/en\/group-gite-in-dordogne-domme-near-sarlat\/cousinades\/#breadcrumb","itemListElement":[{"@type":"ListItem","position":1,"name":"Accueil","item":"https:\/\/www.gites-dordogne-sarlat.fr\/en\/"},{"@type":"ListItem","position":2,"name":"Group g\u00eete in Dordogne near Sarlat","item":"https:\/\/www.gites-dordogne-sarlat.fr\/en\/group-gite-in-dordogne-domme-near-sarlat\/"},{"@type":"ListItem","position":3,"name":"Cousin party"}]},{"@type":"WebSite","@id":"https:\/\/www.gites-dordogne-sarlat.fr\/en\/#website","url":"https:\/\/www.gites-dordogne-sarlat.fr\/en\/","name":"gites-dordogne-sarlat.fr","description":"","potentialAction":[{"@type":"SearchAction","target":{"@type":"EntryPoint","urlTemplate":"https:\/\/www.gites-dordogne-sarlat.fr\/en\/?s={search_term_string}"},"query-input":{"@type":"PropertyValueSpecification","valueRequired":true,"valueName":"search_term_string"}}],"inLanguage":"en-US"}]}},"_links":{"self":[{"href":"https:\/\/www.gites-dordogne-sarlat.fr\/en\/wp-json\/wp\/v2\/pages\/7734","targetHints":{"allow":["GET"]}}],"collection":[{"href":"https:\/\/www.gites-dordogne-sarlat.fr\/en\/wp-json\/wp\/v2\/pages"}],"about":[{"href":"https:\/\/www.gites-dordogne-sarlat.fr\/en\/wp-json\/wp\/v2\/types\/page"}],"author":[{"embeddable":true,"href":"https:\/\/www.gites-dordogne-sarlat.fr\/en\/wp-json\/wp\/v2\/users\/2"}],"replies":[{"embeddable":true,"href":"https:\/\/www.gites-dordogne-sarlat.fr\/en\/wp-json\/wp\/v2\/comments?post=7734"}],"version-history":[{"count":8,"href":"https:\/\/www.gites-dordogne-sarlat.fr\/en\/wp-json\/wp\/v2\/pages\/7734\/revisions"}],"predecessor-version":[{"id":8318,"href":"https:\/\/www.gites-dordogne-sarlat.fr\/en\/wp-json\/wp\/v2\/pages\/7734\/revisions\/8318"}],"up":[{"embeddable":true,"href":"https:\/\/www.gites-dordogne-sarlat.fr\/en\/wp-json\/wp\/v2\/pages\/7732"}],"wp:attachment":[{"href":"https:\/\/www.gites-dordogne-sarlat.fr\/en\/wp-json\/wp\/v2\/media?parent=7734"}],"curies":[{"name":"wp","href":"https:\/\/api.w.org\/{rel}","templated":true}]}}