{"id":7738,"date":"2018-10-15T12:05:53","date_gmt":"2018-10-15T12:05:53","guid":{"rendered":"https:\/\/www.gites-dordogne-sarlat.fr\/informations\/discover-the-village-de-gites-association\/"},"modified":"2025-01-23T15:44:01","modified_gmt":"2025-01-23T15:44:01","slug":"discover-the-village-de-gites-association","status":"publish","type":"page","link":"https:\/\/www.gites-dordogne-sarlat.fr\/en\/informations\/discover-the-village-de-gites-association\/","title":{"rendered":"Discover the Village de g\u00eetes association"},"content":{"rendered":"\t\t<div data-elementor-type=\"wp-page\" data-elementor-id=\"7738\" class=\"elementor elementor-7738 elementor-908\" data-elementor-post-type=\"page\">\n\t\t\t\t\t\t<section class=\"elementor-section elementor-top-section elementor-element elementor-element-61d94bc elementor-section-boxed elementor-section-height-default elementor-section-height-default\" data-id=\"61d94bc\" data-element_type=\"section\" data-e-type=\"section\">\n\t\t\t\t\t\t<div class=\"elementor-container elementor-column-gap-default\">\n\t\t\t\t\t<div class=\"elementor-column elementor-col-100 elementor-top-column elementor-element elementor-element-e5b875b\" data-id=\"e5b875b\" data-element_type=\"column\" data-e-type=\"column\">\n\t\t\t<div class=\"elementor-widget-wrap elementor-element-populated\">\n\t\t\t\t\t\t<div class=\"elementor-element elementor-element-c27bbd2 elementor-arrows-position-inside elementor-pagination-position-outside elementor-widget elementor-widget-image-carousel\" data-id=\"c27bbd2\" data-element_type=\"widget\" data-e-type=\"widget\" data-settings=\"{&quot;slides_to_show&quot;:&quot;1&quot;,&quot;effect&quot;:&quot;fade&quot;,&quot;navigation&quot;:&quot;both&quot;,&quot;autoplay&quot;:&quot;yes&quot;,&quot;pause_on_hover&quot;:&quot;yes&quot;,&quot;pause_on_interaction&quot;:&quot;yes&quot;,&quot;autoplay_speed&quot;:5000,&quot;infinite&quot;:&quot;yes&quot;,&quot;speed&quot;:500}\" data-widget_type=\"image-carousel.default\">\n\t\t\t\t\t\t\t<div class=\"elementor-image-carousel-wrapper swiper\" role=\"region\" aria-roledescription=\"carousel\" aria-label=\"Image Carousel\" dir=\"ltr\">\n\t\t\t<div class=\"elementor-image-carousel swiper-wrapper\" aria-live=\"off\">\n\t\t\t\t\t\t\t\t<div class=\"swiper-slide\" role=\"group\" aria-roledescription=\"slide\" aria-label=\"1 of 1\"><figure class=\"swiper-slide-inner\"><img decoding=\"async\" class=\"swiper-slide-image\" src=\"https:\/\/www.gites-dordogne-sarlat.fr\/wp-content\/uploads\/2019\/09\/logo-villages_de_gites.png\" alt=\"logo villages de gites\" \/><\/figure><\/div>\t\t\t<\/div>\n\t\t\t\t\t<\/div>\n\t\t\t\t\t\t<\/div>\n\t\t\t\t\t<\/div>\n\t\t<\/div>\n\t\t\t\t\t<\/div>\n\t\t<\/section>\n\t\t\t\t<section class=\"elementor-section elementor-top-section elementor-element elementor-element-30c9fdf5 elementor-section-boxed elementor-section-height-default elementor-section-height-default\" data-id=\"30c9fdf5\" data-element_type=\"section\" data-e-type=\"section\">\n\t\t\t\t\t\t<div class=\"elementor-container elementor-column-gap-default\">\n\t\t\t\t\t<div class=\"elementor-column elementor-col-100 elementor-top-column elementor-element elementor-element-1b0aca04\" data-id=\"1b0aca04\" data-element_type=\"column\" data-e-type=\"column\">\n\t\t\t<div class=\"elementor-widget-wrap elementor-element-populated\">\n\t\t\t\t\t\t<div class=\"elementor-element elementor-element-5b548b81 elementor-widget elementor-widget-text-editor\" data-id=\"5b548b81\" data-element_type=\"widget\" data-e-type=\"widget\" data-widget_type=\"text-editor.default\">\n\t\t\t\t\t\t\t\t\t<h1>Gite villages in Dordogne<\/h1>\nYou have decided to do some rural tourism in the Dordogne<i> <\/i>(or a lot, it&#8217;s possible too!), but between hotel, rental or campsite, your heart is unsettling&#8230; Which accommodation to choose? What if you tried a concept that combines the comfort of one, the autonomy of the other and the conviviality of the last? It exists, but yes! It\u2019s renting a holiday cottage, but not just any holiday cottage: in the village!    \n<h2>How exactly does a holiday in a gite village work?<\/h2>\nThe key concept is family spirit. This spirit is a two-way street: we promote family vacations, and we are committed to doing it in a family way! Most gite villages are run by couples, or couples with their children. Vacationers are truly our guests, before being customers. We look forward to welcoming them and meeting them, as we would expect friends&#8230; It&#8217;s ultimately like a guest room, plus a cottage: conviviality, warmth, with real independence since each family has its own separate accommodation. of others. Just like on a campsite, children make friends very quickly, and have much more fun than if they were in an isolated holiday home or in a hotel. Because we ensure that everyone can meet and appreciate each other in good conditions. Some weeks the mayonnaise sets so well that at the end it feels like a happy family celebration! What are the strong points compared to a classic holiday village? Reception, with a capital A, is the priority, whatever the destination! It is made to measure, by people who are passionate about their profession and their region. Each welcoming couple offers quality services, with great rigor. A single objective, simple and well-defined: that you have the best possible vacation. This requires excellent information, beautiful aquatic equipment, comfort, great services. The vast majority offer at least one swimming pool. The managers of these structures are all independents who have come together in an association, with one thing in common: authenticity. Finally, our estates have another point in common: nature, omnipresent, whether it is a countryside, mountain, or seaside destination. Nature, therefore the calm and beauty of the landscapes. Note that some villages also welcome groups, for example for hiking accommodation, or for family reunions. This collective accommodation loses none of its comfort and qualities.    \n\n\n\n \n\n   \n\n\n\n \n\n \n<h2>It&#8217;s a really cool concept, where can you find it?<\/h2>\nHolidaymakers who&#8217;ve tried it once come back for more! So as our facilities are located all over France, they can try out other destinations. You&#8217;ll find us mainly in the central south, specifically in Nouvelle Aquitaine, Occitanie and Auverge Rh\u00f4ne Alpes. You&#8217;ll also find us in Corsica, Alsace, Brittany and Normandy. You&#8217;ll find a map of the relevant d\u00e9partements on the <a href=\"http:\/\/www.villagesdegites.fr\/\" target=\"\" rel=\"noopener\">Villages de gites<\/a> website. A paper catalog is also available, so don&#8217;t hesitate to ask!     \n<h2>I want to go sightseeing in Dordogne, how many gite villages are there?<\/h2>\nSStaying in the Dordogne in a gite village is an excellent idea, because it is really a good way to discover this very rich territory, and also very dense with vacationers in the summer. It is the assurance of being accompanied in your discovery, whether of P\u00e9rigord Noir, or of P\u00e9rigord Vert, or even of Purple, or of White! And it&#8217;s the pleasure, after a day of visiting the most tourist sites, to return to the calm of your chalet or mobile home. And that\u2019s good, there are many gite villages in P\u00e9rigord! For all tastes! Exactly eighteen structures, 15 of which are located in the heart of P\u00e9rigord Noir, a destination of choice for lovers of history and gastronomy, such as &#8220;Combas, village of g\u00eetes&#8221; in Saint Crepin Carlucet, or &#8220;Le village des sources&#8221; in Hautefort or \u201cLe Hameau du Sentier des Sources\u201d in Sarlat. Our village is located in the major site &#8220;Triangle d&#8217;Or valley of the Dordogne&#8221; labeled by the Aquitaine Region. This Golden Triangle is made up in particular of the communes of Beynac, Castelnaud, La Roque Gageac on the banks of the Dordogne, and&#8230; Domme of course where Les Ventoulines are located. And once the Dordogne will no longer have any secrets for you, right next door, Quercy, also has members of the association!  \n\n  \n\n  \n\n\t\t\t\t\t\t\t\t<\/div>\n\t\t\t\t\t<\/div>\n\t\t<\/div>\n\t\t\t\t\t<\/div>\n\t\t<\/section>\n\t\t\t\t<\/div>\n\t\t","protected":false},"excerpt":{"rendered":"<p>\/*! elementor &#8211; v3.12.2 &#8211; 23-04-2023 *\/<br \/>\n.elementor-widget-image-carousel .swiper,.elementor-widget-image-carousel .swiper-container{position:static}.elementor-widget-image-carousel .swiper-container .swiper-slide figure,.elementor-widget-image-carousel .swiper .swiper-slide figure{line-height:inherit}.elementor-widget-image-carousel .swiper-slide{text-align:center}.elementor-image-carousel-wrapper:not(.swiper-container-initialized) .swiper-slide,.elementor-image-carousel-wrapper:not(.swiper-initialized) .swiper-slide{max-width:calc(100% \/ var(&#8211;e-image-carousel-slides-to-show, 3))}<\/p>\n<p>Gite villages in Dordogne<br \/>\nYou have decided to do some rural tourism in the Dordogne (or a lot, it&#8217;s possible too!), but between hotel, rental or campsite, your heart is unsettling&#8230; Which <\/p>\n","protected":false},"author":2,"featured_media":0,"parent":7598,"menu_order":0,"comment_status":"closed","ping_status":"closed","template":"","meta":{"footnotes":""},"class_list":["post-7738","page","type-page","status-publish","hentry"],"yoast_head":"<!-- This site is optimized with the Yoast SEO plugin v26.0 - https:\/\/yoast.com\/wordpress\/plugins\/seo\/ -->\n<title>Gite village association: holidays on a human scale<\/title>\n<meta name=\"description\" content=\"Quality accommodation in small structures, to discover a region in the best possible way!\" \/>\n<meta name=\"robots\" content=\"index, follow, max-snippet:-1, max-image-preview:large, max-video-preview:-1\" \/>\n<link rel=\"canonical\" href=\"https:\/\/www.gites-dordogne-sarlat.fr\/en\/informations\/discover-the-village-de-gites-association\/\" \/>\n<meta property=\"og:locale\" content=\"en_US\" \/>\n<meta property=\"og:type\" content=\"article\" \/>\n<meta property=\"og:title\" content=\"Gite village association: holidays on a human scale\" \/>\n<meta property=\"og:description\" content=\"Quality accommodation in small structures, to discover a region in the best possible way!\" \/>\n<meta property=\"og:url\" content=\"https:\/\/www.gites-dordogne-sarlat.fr\/en\/informations\/discover-the-village-de-gites-association\/\" \/>\n<meta property=\"og:site_name\" content=\"gites-dordogne-sarlat.fr\" \/>\n<meta property=\"article:modified_time\" content=\"2025-01-23T15:44:01+00:00\" \/>\n<meta property=\"og:image\" content=\"https:\/\/www.gites-dordogne-sarlat.fr\/wp-content\/uploads\/2019\/09\/logo-villages_de_gites.png\" \/>\n<meta name=\"twitter:card\" content=\"summary_large_image\" \/>\n<meta name=\"twitter:label1\" content=\"Est. reading time\" \/>\n\t<meta name=\"twitter:data1\" content=\"4 minutes\" \/>\n<script type=\"application\/ld+json\" class=\"yoast-schema-graph\">{\"@context\":\"https:\/\/schema.org\",\"@graph\":[{\"@type\":\"WebPage\",\"@id\":\"https:\/\/www.gites-dordogne-sarlat.fr\/en\/informations\/discover-the-village-de-gites-association\/\",\"url\":\"https:\/\/www.gites-dordogne-sarlat.fr\/en\/informations\/discover-the-village-de-gites-association\/\",\"name\":\"Gite village association: holidays on a human scale\",\"isPartOf\":{\"@id\":\"https:\/\/www.gites-dordogne-sarlat.fr\/en\/#website\"},\"primaryImageOfPage\":{\"@id\":\"https:\/\/www.gites-dordogne-sarlat.fr\/en\/informations\/discover-the-village-de-gites-association\/#primaryimage\"},\"image\":{\"@id\":\"https:\/\/www.gites-dordogne-sarlat.fr\/en\/informations\/discover-the-village-de-gites-association\/#primaryimage\"},\"thumbnailUrl\":\"https:\/\/www.gites-dordogne-sarlat.fr\/wp-content\/uploads\/2019\/09\/logo-villages_de_gites.png\",\"datePublished\":\"2018-10-15T12:05:53+00:00\",\"dateModified\":\"2025-01-23T15:44:01+00:00\",\"description\":\"Quality accommodation in small structures, to discover a region in the best possible way!\",\"breadcrumb\":{\"@id\":\"https:\/\/www.gites-dordogne-sarlat.fr\/en\/informations\/discover-the-village-de-gites-association\/#breadcrumb\"},\"inLanguage\":\"en-US\",\"potentialAction\":[{\"@type\":\"ReadAction\",\"target\":[\"https:\/\/www.gites-dordogne-sarlat.fr\/en\/informations\/discover-the-village-de-gites-association\/\"]}]},{\"@type\":\"ImageObject\",\"inLanguage\":\"en-US\",\"@id\":\"https:\/\/www.gites-dordogne-sarlat.fr\/en\/informations\/discover-the-village-de-gites-association\/#primaryimage\",\"url\":\"https:\/\/www.gites-dordogne-sarlat.fr\/wp-content\/uploads\/2019\/09\/logo-villages_de_gites.png\",\"contentUrl\":\"https:\/\/www.gites-dordogne-sarlat.fr\/wp-content\/uploads\/2019\/09\/logo-villages_de_gites.png\"},{\"@type\":\"BreadcrumbList\",\"@id\":\"https:\/\/www.gites-dordogne-sarlat.fr\/en\/informations\/discover-the-village-de-gites-association\/#breadcrumb\",\"itemListElement\":[{\"@type\":\"ListItem\",\"position\":1,\"name\":\"Accueil\",\"item\":\"https:\/\/www.gites-dordogne-sarlat.fr\/en\/\"},{\"@type\":\"ListItem\",\"position\":2,\"name\":\"Informations\",\"item\":\"https:\/\/www.gites-dordogne-sarlat.fr\/en\/informations\/\"},{\"@type\":\"ListItem\",\"position\":3,\"name\":\"Discover the Village de g\u00eetes association\"}]},{\"@type\":\"WebSite\",\"@id\":\"https:\/\/www.gites-dordogne-sarlat.fr\/en\/#website\",\"url\":\"https:\/\/www.gites-dordogne-sarlat.fr\/en\/\",\"name\":\"gites-dordogne-sarlat.fr\",\"description\":\"\",\"potentialAction\":[{\"@type\":\"SearchAction\",\"target\":{\"@type\":\"EntryPoint\",\"urlTemplate\":\"https:\/\/www.gites-dordogne-sarlat.fr\/en\/?s={search_term_string}\"},\"query-input\":{\"@type\":\"PropertyValueSpecification\",\"valueRequired\":true,\"valueName\":\"search_term_string\"}}],\"inLanguage\":\"en-US\"}]}<\/script>\n<!-- \/ Yoast SEO plugin. -->","yoast_head_json":{"title":"Gite village association: holidays on a human scale","description":"Quality accommodation in small structures, to discover a region in the best possible way!","robots":{"index":"index","follow":"follow","max-snippet":"max-snippet:-1","max-image-preview":"max-image-preview:large","max-video-preview":"max-video-preview:-1"},"canonical":"https:\/\/www.gites-dordogne-sarlat.fr\/en\/informations\/discover-the-village-de-gites-association\/","og_locale":"en_US","og_type":"article","og_title":"Gite village association: holidays on a human scale","og_description":"Quality accommodation in small structures, to discover a region in the best possible way!","og_url":"https:\/\/www.gites-dordogne-sarlat.fr\/en\/informations\/discover-the-village-de-gites-association\/","og_site_name":"gites-dordogne-sarlat.fr","article_modified_time":"2025-01-23T15:44:01+00:00","og_image":[{"url":"https:\/\/www.gites-dordogne-sarlat.fr\/wp-content\/uploads\/2019\/09\/logo-villages_de_gites.png","type":"","width":"","height":""}],"twitter_card":"summary_large_image","twitter_misc":{"Est. reading time":"4 minutes"},"schema":{"@context":"https:\/\/schema.org","@graph":[{"@type":"WebPage","@id":"https:\/\/www.gites-dordogne-sarlat.fr\/en\/informations\/discover-the-village-de-gites-association\/","url":"https:\/\/www.gites-dordogne-sarlat.fr\/en\/informations\/discover-the-village-de-gites-association\/","name":"Gite village association: holidays on a human scale","isPartOf":{"@id":"https:\/\/www.gites-dordogne-sarlat.fr\/en\/#website"},"primaryImageOfPage":{"@id":"https:\/\/www.gites-dordogne-sarlat.fr\/en\/informations\/discover-the-village-de-gites-association\/#primaryimage"},"image":{"@id":"https:\/\/www.gites-dordogne-sarlat.fr\/en\/informations\/discover-the-village-de-gites-association\/#primaryimage"},"thumbnailUrl":"https:\/\/www.gites-dordogne-sarlat.fr\/wp-content\/uploads\/2019\/09\/logo-villages_de_gites.png","datePublished":"2018-10-15T12:05:53+00:00","dateModified":"2025-01-23T15:44:01+00:00","description":"Quality accommodation in small structures, to discover a region in the best possible way!","breadcrumb":{"@id":"https:\/\/www.gites-dordogne-sarlat.fr\/en\/informations\/discover-the-village-de-gites-association\/#breadcrumb"},"inLanguage":"en-US","potentialAction":[{"@type":"ReadAction","target":["https:\/\/www.gites-dordogne-sarlat.fr\/en\/informations\/discover-the-village-de-gites-association\/"]}]},{"@type":"ImageObject","inLanguage":"en-US","@id":"https:\/\/www.gites-dordogne-sarlat.fr\/en\/informations\/discover-the-village-de-gites-association\/#primaryimage","url":"https:\/\/www.gites-dordogne-sarlat.fr\/wp-content\/uploads\/2019\/09\/logo-villages_de_gites.png","contentUrl":"https:\/\/www.gites-dordogne-sarlat.fr\/wp-content\/uploads\/2019\/09\/logo-villages_de_gites.png"},{"@type":"BreadcrumbList","@id":"https:\/\/www.gites-dordogne-sarlat.fr\/en\/informations\/discover-the-village-de-gites-association\/#breadcrumb","itemListElement":[{"@type":"ListItem","position":1,"name":"Accueil","item":"https:\/\/www.gites-dordogne-sarlat.fr\/en\/"},{"@type":"ListItem","position":2,"name":"Informations","item":"https:\/\/www.gites-dordogne-sarlat.fr\/en\/informations\/"},{"@type":"ListItem","position":3,"name":"Discover the Village de g\u00eetes association"}]},{"@type":"WebSite","@id":"https:\/\/www.gites-dordogne-sarlat.fr\/en\/#website","url":"https:\/\/www.gites-dordogne-sarlat.fr\/en\/","name":"gites-dordogne-sarlat.fr","description":"","potentialAction":[{"@type":"SearchAction","target":{"@type":"EntryPoint","urlTemplate":"https:\/\/www.gites-dordogne-sarlat.fr\/en\/?s={search_term_string}"},"query-input":{"@type":"PropertyValueSpecification","valueRequired":true,"valueName":"search_term_string"}}],"inLanguage":"en-US"}]}},"_links":{"self":[{"href":"https:\/\/www.gites-dordogne-sarlat.fr\/en\/wp-json\/wp\/v2\/pages\/7738","targetHints":{"allow":["GET"]}}],"collection":[{"href":"https:\/\/www.gites-dordogne-sarlat.fr\/en\/wp-json\/wp\/v2\/pages"}],"about":[{"href":"https:\/\/www.gites-dordogne-sarlat.fr\/en\/wp-json\/wp\/v2\/types\/page"}],"author":[{"embeddable":true,"href":"https:\/\/www.gites-dordogne-sarlat.fr\/en\/wp-json\/wp\/v2\/users\/2"}],"replies":[{"embeddable":true,"href":"https:\/\/www.gites-dordogne-sarlat.fr\/en\/wp-json\/wp\/v2\/comments?post=7738"}],"version-history":[{"count":1,"href":"https:\/\/www.gites-dordogne-sarlat.fr\/en\/wp-json\/wp\/v2\/pages\/7738\/revisions"}],"predecessor-version":[{"id":7739,"href":"https:\/\/www.gites-dordogne-sarlat.fr\/en\/wp-json\/wp\/v2\/pages\/7738\/revisions\/7739"}],"up":[{"embeddable":true,"href":"https:\/\/www.gites-dordogne-sarlat.fr\/en\/wp-json\/wp\/v2\/pages\/7598"}],"wp:attachment":[{"href":"https:\/\/www.gites-dordogne-sarlat.fr\/en\/wp-json\/wp\/v2\/media?parent=7738"}],"curies":[{"name":"wp","href":"https:\/\/api.w.org\/{rel}","templated":true}]}}