{"id":7742,"date":"2016-03-02T12:01:07","date_gmt":"2016-03-02T12:01:07","guid":{"rendered":"https:\/\/www.gites-dordogne-sarlat.fr\/heated-outdoor-pool\/"},"modified":"2025-01-24T11:50:34","modified_gmt":"2025-01-24T11:50:34","slug":"heated-outdoor-pool","status":"publish","type":"page","link":"https:\/\/www.gites-dordogne-sarlat.fr\/en\/heated-outdoor-pool\/","title":{"rendered":"Heated outdoor pool"},"content":{"rendered":"\t\t<div data-elementor-type=\"wp-page\" data-elementor-id=\"7742\" class=\"elementor elementor-7742 elementor-167\" data-elementor-post-type=\"page\">\n\t\t\t\t\t\t<section class=\"elementor-section elementor-top-section elementor-element elementor-element-38a9818 elementor-section-boxed elementor-section-height-default elementor-section-height-default\" data-id=\"38a9818\" data-element_type=\"section\" data-e-type=\"section\">\n\t\t\t\t\t\t<div class=\"elementor-container elementor-column-gap-default\">\n\t\t\t\t\t<div class=\"elementor-column elementor-col-100 elementor-top-column elementor-element elementor-element-d59e4fc\" data-id=\"d59e4fc\" data-element_type=\"column\" data-e-type=\"column\">\n\t\t\t<div class=\"elementor-widget-wrap elementor-element-populated\">\n\t\t\t\t\t\t<div class=\"elementor-element elementor-element-4e2510d elementor-arrows-position-inside elementor-pagination-position-outside elementor-widget elementor-widget-image-carousel\" data-id=\"4e2510d\" data-element_type=\"widget\" data-e-type=\"widget\" data-settings=\"{&quot;slides_to_show&quot;:&quot;1&quot;,&quot;effect&quot;:&quot;fade&quot;,&quot;navigation&quot;:&quot;both&quot;,&quot;autoplay&quot;:&quot;yes&quot;,&quot;pause_on_hover&quot;:&quot;yes&quot;,&quot;pause_on_interaction&quot;:&quot;yes&quot;,&quot;autoplay_speed&quot;:5000,&quot;infinite&quot;:&quot;yes&quot;,&quot;speed&quot;:500}\" data-widget_type=\"image-carousel.default\">\n\t\t\t\t\t\t\t<div class=\"elementor-image-carousel-wrapper swiper\" role=\"region\" aria-roledescription=\"carousel\" aria-label=\"Image Carousel\" dir=\"ltr\">\n\t\t\t<div class=\"elementor-image-carousel swiper-wrapper\" aria-live=\"off\">\n\t\t\t\t\t\t\t\t<div class=\"swiper-slide\" role=\"group\" aria-roledescription=\"slide\" aria-label=\"1 of 6\"><figure class=\"swiper-slide-inner\"><img decoding=\"async\" class=\"swiper-slide-image\" src=\"https:\/\/www.gites-dordogne-sarlat.fr\/wp-content\/uploads\/2015\/09\/piscine-et-terrasse-768x512.jpg\" alt=\"La piscine \u00e0 d\u00e9bordement\" \/><\/figure><\/div><div class=\"swiper-slide\" role=\"group\" aria-roledescription=\"slide\" aria-label=\"2 of 6\"><figure class=\"swiper-slide-inner\"><img decoding=\"async\" class=\"swiper-slide-image\" src=\"https:\/\/www.gites-dordogne-sarlat.fr\/wp-content\/uploads\/2024\/09\/debordement-768x436.jpg\" alt=\"d\u00e9bordement\" \/><\/figure><\/div><div class=\"swiper-slide\" role=\"group\" aria-roledescription=\"slide\" aria-label=\"3 of 6\"><figure class=\"swiper-slide-inner\"><img decoding=\"async\" class=\"swiper-slide-image\" src=\"https:\/\/www.gites-dordogne-sarlat.fr\/wp-content\/uploads\/2015\/09\/DSC_3242-768x512.jpg\" alt=\"Un moment de tranquilit\u00e9\" \/><\/figure><\/div><div class=\"swiper-slide\" role=\"group\" aria-roledescription=\"slide\" aria-label=\"4 of 6\"><figure class=\"swiper-slide-inner\"><img decoding=\"async\" class=\"swiper-slide-image\" src=\"https:\/\/www.gites-dordogne-sarlat.fr\/wp-content\/uploads\/2024\/09\/flaner-au-bord-de-la-piscine-768x507.jpg\" alt=\"flaner au bord de la piscine\" \/><\/figure><\/div><div class=\"swiper-slide\" role=\"group\" aria-roledescription=\"slide\" aria-label=\"5 of 6\"><figure class=\"swiper-slide-inner\"><img decoding=\"async\" class=\"swiper-slide-image\" src=\"https:\/\/www.gites-dordogne-sarlat.fr\/wp-content\/uploads\/2015\/09\/piscine-nuit-768x431.jpg\" alt=\"Nocturne\" \/><\/figure><\/div><div class=\"swiper-slide\" role=\"group\" aria-roledescription=\"slide\" aria-label=\"6 of 6\"><figure class=\"swiper-slide-inner\"><img decoding=\"async\" class=\"swiper-slide-image\" src=\"https:\/\/www.gites-dordogne-sarlat.fr\/wp-content\/uploads\/2025\/01\/terrasse-pleine-dactivite-768x432.jpg\" alt=\"terrasse pleine d&#039;activit\u00e9\" \/><\/figure><\/div>\t\t\t<\/div>\n\t\t\t\t\t\t\t\t\t\t\t\t<div class=\"elementor-swiper-button elementor-swiper-button-prev\" role=\"button\" tabindex=\"0\">\n\t\t\t\t\t\t<svg aria-hidden=\"true\" class=\"e-font-icon-svg e-eicon-chevron-left\" viewBox=\"0 0 1000 1000\" xmlns=\"http:\/\/www.w3.org\/2000\/svg\"><path d=\"M646 125C629 125 613 133 604 142L308 442C296 454 292 471 292 487 292 504 296 521 308 533L604 854C617 867 629 875 646 875 663 875 679 871 692 858 704 846 713 829 713 812 713 796 708 779 692 767L438 487 692 225C700 217 708 204 708 187 708 171 704 154 692 142 675 129 663 125 646 125Z\"><\/path><\/svg>\t\t\t\t\t<\/div>\n\t\t\t\t\t<div class=\"elementor-swiper-button elementor-swiper-button-next\" role=\"button\" tabindex=\"0\">\n\t\t\t\t\t\t<svg aria-hidden=\"true\" class=\"e-font-icon-svg e-eicon-chevron-right\" viewBox=\"0 0 1000 1000\" xmlns=\"http:\/\/www.w3.org\/2000\/svg\"><path d=\"M696 533C708 521 713 504 713 487 713 471 708 454 696 446L400 146C388 133 375 125 354 125 338 125 325 129 313 142 300 154 292 171 292 187 292 204 296 221 308 233L563 492 304 771C292 783 288 800 288 817 288 833 296 850 308 863 321 871 338 875 354 875 371 875 388 867 400 854L696 533Z\"><\/path><\/svg>\t\t\t\t\t<\/div>\n\t\t\t\t\n\t\t\t\t\t\t\t\t\t<div class=\"swiper-pagination\"><\/div>\n\t\t\t\t\t\t\t\t\t<\/div>\n\t\t\t\t\t\t<\/div>\n\t\t\t\t\t<\/div>\n\t\t<\/div>\n\t\t\t\t\t<\/div>\n\t\t<\/section>\n\t\t\t\t<section class=\"elementor-section elementor-top-section elementor-element elementor-element-380c0c68 elementor-section-boxed elementor-section-height-default elementor-section-height-default\" data-id=\"380c0c68\" data-element_type=\"section\" data-e-type=\"section\">\n\t\t\t\t\t\t<div class=\"elementor-container elementor-column-gap-default\">\n\t\t\t\t\t<div class=\"elementor-column elementor-col-100 elementor-top-column elementor-element elementor-element-6391040a\" data-id=\"6391040a\" data-element_type=\"column\" data-e-type=\"column\">\n\t\t\t<div class=\"elementor-widget-wrap elementor-element-populated\">\n\t\t\t\t\t\t<div class=\"elementor-element elementor-element-70ab4f88 elementor-widget elementor-widget-text-editor\" data-id=\"70ab4f88\" data-element_type=\"widget\" data-e-type=\"widget\" data-widget_type=\"text-editor.default\">\n\t\t\t\t\t\t\t\t\t<div id=\"content-header\">\n<div id=\"titre\">\n<div id=\"content-header\">\n<div id=\"titre\">\n<h1 class=\"title\">Our outdoor infinity pool overlooking the Bastide de Domme<\/h1>\n<\/div>\n<\/div>\n<div id=\"content-area\">\n<div id=\"node-181\" class=\"node node-type-page\">\n<div class=\"node-inner\">\n<div class=\"content\">\n<h2>A real pleasure!<\/h2>\n<p>The outdoor pool is <strong>heated from June 15 to September 15<\/strong>, but not too hot: just enough to keep you cool in summer! Here, you can relax while admiring the medieval town of Domme on the hill opposite. It&#8217;s an infinity pool, so you can let yourself drift off into daydreams&#8230;  <\/p>\n<p>You&#8217;ll also enjoy swimming in it, as it measures 12m by 8m, with a depth of 1.5m. And if you&#8217;re not too cold, you can use it outside the heating season, of course! <\/p>\n<p>Opening hours: 10 a.m. to 8 p.m.<\/p>\n<p>All around the pool are deckchairs, in the shade or in the sun, as you prefer! The wooden deck is beautiful and comfortable. <\/p>\n<p>Les plus petits trouveront leur bonheur dans la <a href=\"\/equipements-piscines-spa-sauna-restaurant\/pataugeoire-chauffee\/\">pataugeoire<\/a> qui jouxte la piscine \u00e0 d\u00e9bordement. Cette pataugeoire est elle aussi chauff\u00e9e en \u00e9t\u00e9! <\/p>\n<\/div>\n<p>Both pools are located on a lovely terrace from which, after the beautiful orange colors of sunset, you can enjoy the blues, greens and purples of the pool lighting!<\/p>\n<\/div>\n<\/div>\n<\/div>\n<\/div>\n<\/div>\t\t\t\t\t\t\t\t<\/div>\n\t\t\t\t\t<\/div>\n\t\t<\/div>\n\t\t\t\t\t<\/div>\n\t\t<\/section>\n\t\t\t\t<\/div>\n\t\t","protected":false},"excerpt":{"rendered":"<p>\t\t\t\t\t\t\t\t\t\t\t\tPr\u00e9c\u00e9dent<br \/>\n\t\t\t\t\t\t\t\t\t\t\t\tSuivant<br \/>\nOur outdoor infinity pool overlooking the Bastide de Domme<br \/>\nA real pleasure!<br \/>\nThe outdoor pool is heated from June 15 to September 15, but not too hot: just enough to keep you cool in summer! Here, you can relax while admiring the medieval town of Domme on <\/p>\n","protected":false},"author":2,"featured_media":0,"parent":0,"menu_order":0,"comment_status":"open","ping_status":"closed","template":"","meta":{"footnotes":""},"class_list":["post-7742","page","type-page","status-publish","hentry"],"yoast_head":"<!-- This site is optimized with the Yoast SEO plugin v26.0 - https:\/\/yoast.com\/wordpress\/plugins\/seo\/ -->\n<title>Infinity pool with panoramic view, heated in summer<\/title>\n<meta name=\"description\" content=\"A very pleasant swimming pool, as much for relaxing as for swimming, it is beautiful with its wooden terrace and its wooded surroundings.\" \/>\n<meta name=\"robots\" content=\"index, follow, max-snippet:-1, max-image-preview:large, max-video-preview:-1\" \/>\n<link rel=\"canonical\" href=\"https:\/\/www.gites-dordogne-sarlat.fr\/en\/heated-outdoor-pool\/\" \/>\n<meta property=\"og:locale\" content=\"en_US\" \/>\n<meta property=\"og:type\" content=\"article\" \/>\n<meta property=\"og:title\" content=\"Infinity pool with panoramic view, heated in summer\" \/>\n<meta property=\"og:description\" content=\"A very pleasant swimming pool, as much for relaxing as for swimming, it is beautiful with its wooden terrace and its wooded surroundings.\" \/>\n<meta property=\"og:url\" content=\"https:\/\/www.gites-dordogne-sarlat.fr\/en\/heated-outdoor-pool\/\" \/>\n<meta property=\"og:site_name\" content=\"gites-dordogne-sarlat.fr\" \/>\n<meta property=\"article:modified_time\" content=\"2025-01-24T11:50:34+00:00\" \/>\n<meta property=\"og:image\" content=\"https:\/\/www.gites-dordogne-sarlat.fr\/wp-content\/uploads\/2015\/09\/piscine-et-terrasse-768x512.jpg\" \/>\n<meta name=\"twitter:card\" content=\"summary_large_image\" \/>\n<meta name=\"twitter:label1\" content=\"Est. reading time\" \/>\n\t<meta name=\"twitter:data1\" content=\"1 minute\" \/>\n<script type=\"application\/ld+json\" class=\"yoast-schema-graph\">{\"@context\":\"https:\/\/schema.org\",\"@graph\":[{\"@type\":\"WebPage\",\"@id\":\"https:\/\/www.gites-dordogne-sarlat.fr\/en\/heated-outdoor-pool\/\",\"url\":\"https:\/\/www.gites-dordogne-sarlat.fr\/en\/heated-outdoor-pool\/\",\"name\":\"Infinity pool with panoramic view, heated in summer\",\"isPartOf\":{\"@id\":\"https:\/\/www.gites-dordogne-sarlat.fr\/en\/#website\"},\"primaryImageOfPage\":{\"@id\":\"https:\/\/www.gites-dordogne-sarlat.fr\/en\/heated-outdoor-pool\/#primaryimage\"},\"image\":{\"@id\":\"https:\/\/www.gites-dordogne-sarlat.fr\/en\/heated-outdoor-pool\/#primaryimage\"},\"thumbnailUrl\":\"https:\/\/www.gites-dordogne-sarlat.fr\/wp-content\/uploads\/2015\/09\/piscine-et-terrasse-768x512.jpg\",\"datePublished\":\"2016-03-02T12:01:07+00:00\",\"dateModified\":\"2025-01-24T11:50:34+00:00\",\"description\":\"A very pleasant swimming pool, as much for relaxing as for swimming, it is beautiful with its wooden terrace and its wooded surroundings.\",\"breadcrumb\":{\"@id\":\"https:\/\/www.gites-dordogne-sarlat.fr\/en\/heated-outdoor-pool\/#breadcrumb\"},\"inLanguage\":\"en-US\",\"potentialAction\":[{\"@type\":\"ReadAction\",\"target\":[\"https:\/\/www.gites-dordogne-sarlat.fr\/en\/heated-outdoor-pool\/\"]}]},{\"@type\":\"ImageObject\",\"inLanguage\":\"en-US\",\"@id\":\"https:\/\/www.gites-dordogne-sarlat.fr\/en\/heated-outdoor-pool\/#primaryimage\",\"url\":\"https:\/\/www.gites-dordogne-sarlat.fr\/wp-content\/uploads\/2015\/09\/piscine-et-terrasse-768x512.jpg\",\"contentUrl\":\"https:\/\/www.gites-dordogne-sarlat.fr\/wp-content\/uploads\/2015\/09\/piscine-et-terrasse-768x512.jpg\"},{\"@type\":\"BreadcrumbList\",\"@id\":\"https:\/\/www.gites-dordogne-sarlat.fr\/en\/heated-outdoor-pool\/#breadcrumb\",\"itemListElement\":[{\"@type\":\"ListItem\",\"position\":1,\"name\":\"Accueil\",\"item\":\"https:\/\/www.gites-dordogne-sarlat.fr\/en\/\"},{\"@type\":\"ListItem\",\"position\":2,\"name\":\"Heated outdoor pool\"}]},{\"@type\":\"WebSite\",\"@id\":\"https:\/\/www.gites-dordogne-sarlat.fr\/en\/#website\",\"url\":\"https:\/\/www.gites-dordogne-sarlat.fr\/en\/\",\"name\":\"gites-dordogne-sarlat.fr\",\"description\":\"\",\"potentialAction\":[{\"@type\":\"SearchAction\",\"target\":{\"@type\":\"EntryPoint\",\"urlTemplate\":\"https:\/\/www.gites-dordogne-sarlat.fr\/en\/?s={search_term_string}\"},\"query-input\":{\"@type\":\"PropertyValueSpecification\",\"valueRequired\":true,\"valueName\":\"search_term_string\"}}],\"inLanguage\":\"en-US\"}]}<\/script>\n<!-- \/ Yoast SEO plugin. -->","yoast_head_json":{"title":"Infinity pool with panoramic view, heated in summer","description":"A very pleasant swimming pool, as much for relaxing as for swimming, it is beautiful with its wooden terrace and its wooded surroundings.","robots":{"index":"index","follow":"follow","max-snippet":"max-snippet:-1","max-image-preview":"max-image-preview:large","max-video-preview":"max-video-preview:-1"},"canonical":"https:\/\/www.gites-dordogne-sarlat.fr\/en\/heated-outdoor-pool\/","og_locale":"en_US","og_type":"article","og_title":"Infinity pool with panoramic view, heated in summer","og_description":"A very pleasant swimming pool, as much for relaxing as for swimming, it is beautiful with its wooden terrace and its wooded surroundings.","og_url":"https:\/\/www.gites-dordogne-sarlat.fr\/en\/heated-outdoor-pool\/","og_site_name":"gites-dordogne-sarlat.fr","article_modified_time":"2025-01-24T11:50:34+00:00","og_image":[{"url":"https:\/\/www.gites-dordogne-sarlat.fr\/wp-content\/uploads\/2015\/09\/piscine-et-terrasse-768x512.jpg","type":"","width":"","height":""}],"twitter_card":"summary_large_image","twitter_misc":{"Est. reading time":"1 minute"},"schema":{"@context":"https:\/\/schema.org","@graph":[{"@type":"WebPage","@id":"https:\/\/www.gites-dordogne-sarlat.fr\/en\/heated-outdoor-pool\/","url":"https:\/\/www.gites-dordogne-sarlat.fr\/en\/heated-outdoor-pool\/","name":"Infinity pool with panoramic view, heated in summer","isPartOf":{"@id":"https:\/\/www.gites-dordogne-sarlat.fr\/en\/#website"},"primaryImageOfPage":{"@id":"https:\/\/www.gites-dordogne-sarlat.fr\/en\/heated-outdoor-pool\/#primaryimage"},"image":{"@id":"https:\/\/www.gites-dordogne-sarlat.fr\/en\/heated-outdoor-pool\/#primaryimage"},"thumbnailUrl":"https:\/\/www.gites-dordogne-sarlat.fr\/wp-content\/uploads\/2015\/09\/piscine-et-terrasse-768x512.jpg","datePublished":"2016-03-02T12:01:07+00:00","dateModified":"2025-01-24T11:50:34+00:00","description":"A very pleasant swimming pool, as much for relaxing as for swimming, it is beautiful with its wooden terrace and its wooded surroundings.","breadcrumb":{"@id":"https:\/\/www.gites-dordogne-sarlat.fr\/en\/heated-outdoor-pool\/#breadcrumb"},"inLanguage":"en-US","potentialAction":[{"@type":"ReadAction","target":["https:\/\/www.gites-dordogne-sarlat.fr\/en\/heated-outdoor-pool\/"]}]},{"@type":"ImageObject","inLanguage":"en-US","@id":"https:\/\/www.gites-dordogne-sarlat.fr\/en\/heated-outdoor-pool\/#primaryimage","url":"https:\/\/www.gites-dordogne-sarlat.fr\/wp-content\/uploads\/2015\/09\/piscine-et-terrasse-768x512.jpg","contentUrl":"https:\/\/www.gites-dordogne-sarlat.fr\/wp-content\/uploads\/2015\/09\/piscine-et-terrasse-768x512.jpg"},{"@type":"BreadcrumbList","@id":"https:\/\/www.gites-dordogne-sarlat.fr\/en\/heated-outdoor-pool\/#breadcrumb","itemListElement":[{"@type":"ListItem","position":1,"name":"Accueil","item":"https:\/\/www.gites-dordogne-sarlat.fr\/en\/"},{"@type":"ListItem","position":2,"name":"Heated outdoor pool"}]},{"@type":"WebSite","@id":"https:\/\/www.gites-dordogne-sarlat.fr\/en\/#website","url":"https:\/\/www.gites-dordogne-sarlat.fr\/en\/","name":"gites-dordogne-sarlat.fr","description":"","potentialAction":[{"@type":"SearchAction","target":{"@type":"EntryPoint","urlTemplate":"https:\/\/www.gites-dordogne-sarlat.fr\/en\/?s={search_term_string}"},"query-input":{"@type":"PropertyValueSpecification","valueRequired":true,"valueName":"search_term_string"}}],"inLanguage":"en-US"}]}},"_links":{"self":[{"href":"https:\/\/www.gites-dordogne-sarlat.fr\/en\/wp-json\/wp\/v2\/pages\/7742","targetHints":{"allow":["GET"]}}],"collection":[{"href":"https:\/\/www.gites-dordogne-sarlat.fr\/en\/wp-json\/wp\/v2\/pages"}],"about":[{"href":"https:\/\/www.gites-dordogne-sarlat.fr\/en\/wp-json\/wp\/v2\/types\/page"}],"author":[{"embeddable":true,"href":"https:\/\/www.gites-dordogne-sarlat.fr\/en\/wp-json\/wp\/v2\/users\/2"}],"replies":[{"embeddable":true,"href":"https:\/\/www.gites-dordogne-sarlat.fr\/en\/wp-json\/wp\/v2\/comments?post=7742"}],"version-history":[{"count":2,"href":"https:\/\/www.gites-dordogne-sarlat.fr\/en\/wp-json\/wp\/v2\/pages\/7742\/revisions"}],"predecessor-version":[{"id":7802,"href":"https:\/\/www.gites-dordogne-sarlat.fr\/en\/wp-json\/wp\/v2\/pages\/7742\/revisions\/7802"}],"wp:attachment":[{"href":"https:\/\/www.gites-dordogne-sarlat.fr\/en\/wp-json\/wp\/v2\/media?parent=7742"}],"curies":[{"name":"wp","href":"https:\/\/api.w.org\/{rel}","templated":true}]}}