{"id":7812,"date":"2016-07-04T16:31:58","date_gmt":"2016-07-04T16:31:58","guid":{"rendered":"https:\/\/www.gites-dordogne-sarlat.fr\/terms-of-use\/"},"modified":"2025-07-03T15:47:27","modified_gmt":"2025-07-03T15:47:27","slug":"terms-of-use","status":"publish","type":"page","link":"https:\/\/www.gites-dordogne-sarlat.fr\/en\/terms-of-use\/","title":{"rendered":"Terms of use"},"content":{"rendered":"\t\t<div data-elementor-type=\"wp-page\" data-elementor-id=\"7812\" class=\"elementor elementor-7812 elementor-94\" data-elementor-post-type=\"page\">\n\t\t\t\t\t\t<section class=\"elementor-section elementor-top-section elementor-element elementor-element-618611fa elementor-section-boxed elementor-section-height-default elementor-section-height-default\" data-id=\"618611fa\" data-element_type=\"section\" data-e-type=\"section\">\n\t\t\t\t\t\t<div class=\"elementor-container elementor-column-gap-default\">\n\t\t\t\t\t<div class=\"elementor-column elementor-col-100 elementor-top-column elementor-element elementor-element-210cb6fc\" data-id=\"210cb6fc\" data-element_type=\"column\" data-e-type=\"column\">\n\t\t\t<div class=\"elementor-widget-wrap elementor-element-populated\">\n\t\t\t\t\t\t<div class=\"elementor-element elementor-element-2faf4706 elementor-widget elementor-widget-text-editor\" data-id=\"2faf4706\" data-element_type=\"widget\" data-e-type=\"widget\" data-widget_type=\"text-editor.default\">\n\t\t\t\t\t\t\t\t\t<div><div><div><div><div><h2>Terms<\/h2><\/div><\/div><div><div><div><div><p>Le pr\u00e9sent site est la propri\u00e9t\u00e9 de la soci\u00e9t\u00e9 <strong>La Plaine, Les Ventoulines, 24250 DOMME<\/strong>.<\/p><p>The director of the publication of the website is <strong>M. Lacroix.<\/strong><br \/>The photos on this site are not free of copyright.<\/p><p>SARL La plaine : SIRET : 81810875500021<\/p><p>The site was set up and put online by the <a href=\"https:\/\/www.infolien.com\/\">agency \u00a0<\/a> Infolien.<\/p><p>H\u00e9bergement OVH &#8211; 2 rue Kellermann &#8211; 59100 Roubaix &#8211; France<\/p><h2>1. Technical information.<\/h2><p>Users of this site acknowledge that they have the necessary skills and resources to access and use this site, and that they have checked that the computer configuration used does not contain any viruses and is in perfect working order.<br \/>The user acknowledges having been informed that the present site is accessible 24 hours a day, 7 days a week, except in cases of force majeure, difficulties linked to the structure of communication networks or technical difficulties.<br \/>For maintenance reasons, M. Lacroix may interrupt the site and will endeavor to inform users beforehand.<br \/>M. Lacroix makes every effort to provide users with available and verified information and\/or tools, but cannot be held responsible for errors, lack of availability of information and\/or the presence of viruses on its site.<\/p><h2>2. Data Protection Act<\/h2><p>The user is informed, in accordance with article 27 of the French Data Protection Act of January 6, 1978, that the optional information that he\/she communicates by answering, if he\/she so wishes, to the forms present on the site enables his\/her request to be answered, and is intended for M. Lacroix, responsible for processing, for administrative and commercial management purposes as well as, unless he\/she objects, to other companies in the group or to partner companies of M. Lacroix.<br \/>The user is informed that he has the right to access and rectify all personal data concerning him by writing to M. Lacroix.<\/p><h2>3. Property, Copyright<\/h2><p>The general structure, as well as the software, texts, images animated or not are know-how, and all other elements composing the site are the exclusive property of M. Lacroix.<br \/>Any total or partial representation of this site by any process whatsoever, without the express permission of Mr. Lacroix is prohibited and would constitute an infringement punishable by articles L.335-2 et seq. of the Code of Intellectual Property.<\/p><p>The same applies to the databases appearing on the website, which are protected by the provisions of the French Intellectual Property Code transposing the European Directive of March 11, 1996 on the legal protection of databases, and of which M. Lacroix is the producer.<br \/>Any user of or visitor to the website may not set up a hyperlink to this site without the express prior authorization of M. Lacroix.<\/p><\/div><h2>4. Mediator<\/h2><p>In accordance with Article L. 152-1 of the French Consumer Code, you may have free recourse to the MEDICYS mediation service, to which we belong:<\/p><p>by email :\u00a0www.medicys.fr,\u00a0or by regular mail : MEDICYS 73, Boulevard de Clichy 75009 Paris81810875500021<\/p><\/div><\/div><\/div><\/div><\/div><\/div><div>\u00a0<\/div><div>\u00a0<\/div><div>\u00a0<\/div>\t\t\t\t\t\t\t\t<\/div>\n\t\t\t\t\t<\/div>\n\t\t<\/div>\n\t\t\t\t\t<\/div>\n\t\t<\/section>\n\t\t\t\t<\/div>\n\t\t","protected":false},"excerpt":{"rendered":"<p>Terms<br \/>\nLe pr\u00e9sent site est la propri\u00e9t\u00e9 de la soci\u00e9t\u00e9 La Plaine, Les Ventoulines, 24250 DOMME.<br \/>\nThe director of the publication of the website is M. Lacroix.The photos on this site are not free of copyright.<br \/>\nSARL La plaine : SIRET : 81810875500021<br \/>\nThe site was set up and put online by the agency \u00a0 <\/p>\n","protected":false},"author":2,"featured_media":0,"parent":0,"menu_order":0,"comment_status":"open","ping_status":"closed","template":"","meta":{"footnotes":""},"class_list":["post-7812","page","type-page","status-publish","hentry"],"yoast_head":"<!-- This site is optimized with the Yoast SEO plugin v26.0 - https:\/\/yoast.com\/wordpress\/plugins\/seo\/ -->\n<title>Les Ventoulines holiday village legal notices<\/title>\n<meta name=\"description\" content=\"The Ventoulines vacation village is located in Domme in the Dordogne and comprises 28 chalets and mobile homes.\" \/>\n<meta name=\"robots\" content=\"index, follow, max-snippet:-1, max-image-preview:large, max-video-preview:-1\" \/>\n<link rel=\"canonical\" href=\"https:\/\/www.gites-dordogne-sarlat.fr\/en\/terms-of-use\/\" \/>\n<meta property=\"og:locale\" content=\"en_US\" \/>\n<meta property=\"og:type\" content=\"article\" \/>\n<meta property=\"og:title\" content=\"Les Ventoulines holiday village legal notices\" \/>\n<meta property=\"og:description\" content=\"The Ventoulines vacation village is located in Domme in the Dordogne and comprises 28 chalets and mobile homes.\" \/>\n<meta property=\"og:url\" content=\"https:\/\/www.gites-dordogne-sarlat.fr\/en\/terms-of-use\/\" \/>\n<meta property=\"og:site_name\" content=\"gites-dordogne-sarlat.fr\" \/>\n<meta property=\"article:modified_time\" content=\"2025-07-03T15:47:27+00:00\" \/>\n<meta name=\"twitter:card\" content=\"summary_large_image\" \/>\n<meta name=\"twitter:label1\" content=\"Est. reading time\" \/>\n\t<meta name=\"twitter:data1\" content=\"3 minutes\" \/>\n<script type=\"application\/ld+json\" class=\"yoast-schema-graph\">{\"@context\":\"https:\/\/schema.org\",\"@graph\":[{\"@type\":\"WebPage\",\"@id\":\"https:\/\/www.gites-dordogne-sarlat.fr\/en\/terms-of-use\/\",\"url\":\"https:\/\/www.gites-dordogne-sarlat.fr\/en\/terms-of-use\/\",\"name\":\"Les Ventoulines holiday village legal notices\",\"isPartOf\":{\"@id\":\"https:\/\/www.gites-dordogne-sarlat.fr\/en\/#website\"},\"datePublished\":\"2016-07-04T16:31:58+00:00\",\"dateModified\":\"2025-07-03T15:47:27+00:00\",\"description\":\"The Ventoulines vacation village is located in Domme in the Dordogne and comprises 28 chalets and mobile homes.\",\"breadcrumb\":{\"@id\":\"https:\/\/www.gites-dordogne-sarlat.fr\/en\/terms-of-use\/#breadcrumb\"},\"inLanguage\":\"en-US\",\"potentialAction\":[{\"@type\":\"ReadAction\",\"target\":[\"https:\/\/www.gites-dordogne-sarlat.fr\/en\/terms-of-use\/\"]}]},{\"@type\":\"BreadcrumbList\",\"@id\":\"https:\/\/www.gites-dordogne-sarlat.fr\/en\/terms-of-use\/#breadcrumb\",\"itemListElement\":[{\"@type\":\"ListItem\",\"position\":1,\"name\":\"Accueil\",\"item\":\"https:\/\/www.gites-dordogne-sarlat.fr\/en\/\"},{\"@type\":\"ListItem\",\"position\":2,\"name\":\"Terms of use\"}]},{\"@type\":\"WebSite\",\"@id\":\"https:\/\/www.gites-dordogne-sarlat.fr\/en\/#website\",\"url\":\"https:\/\/www.gites-dordogne-sarlat.fr\/en\/\",\"name\":\"gites-dordogne-sarlat.fr\",\"description\":\"\",\"potentialAction\":[{\"@type\":\"SearchAction\",\"target\":{\"@type\":\"EntryPoint\",\"urlTemplate\":\"https:\/\/www.gites-dordogne-sarlat.fr\/en\/?s={search_term_string}\"},\"query-input\":{\"@type\":\"PropertyValueSpecification\",\"valueRequired\":true,\"valueName\":\"search_term_string\"}}],\"inLanguage\":\"en-US\"}]}<\/script>\n<!-- \/ Yoast SEO plugin. -->","yoast_head_json":{"title":"Les Ventoulines holiday village legal notices","description":"The Ventoulines vacation village is located in Domme in the Dordogne and comprises 28 chalets and mobile homes.","robots":{"index":"index","follow":"follow","max-snippet":"max-snippet:-1","max-image-preview":"max-image-preview:large","max-video-preview":"max-video-preview:-1"},"canonical":"https:\/\/www.gites-dordogne-sarlat.fr\/en\/terms-of-use\/","og_locale":"en_US","og_type":"article","og_title":"Les Ventoulines holiday village legal notices","og_description":"The Ventoulines vacation village is located in Domme in the Dordogne and comprises 28 chalets and mobile homes.","og_url":"https:\/\/www.gites-dordogne-sarlat.fr\/en\/terms-of-use\/","og_site_name":"gites-dordogne-sarlat.fr","article_modified_time":"2025-07-03T15:47:27+00:00","twitter_card":"summary_large_image","twitter_misc":{"Est. reading time":"3 minutes"},"schema":{"@context":"https:\/\/schema.org","@graph":[{"@type":"WebPage","@id":"https:\/\/www.gites-dordogne-sarlat.fr\/en\/terms-of-use\/","url":"https:\/\/www.gites-dordogne-sarlat.fr\/en\/terms-of-use\/","name":"Les Ventoulines holiday village legal notices","isPartOf":{"@id":"https:\/\/www.gites-dordogne-sarlat.fr\/en\/#website"},"datePublished":"2016-07-04T16:31:58+00:00","dateModified":"2025-07-03T15:47:27+00:00","description":"The Ventoulines vacation village is located in Domme in the Dordogne and comprises 28 chalets and mobile homes.","breadcrumb":{"@id":"https:\/\/www.gites-dordogne-sarlat.fr\/en\/terms-of-use\/#breadcrumb"},"inLanguage":"en-US","potentialAction":[{"@type":"ReadAction","target":["https:\/\/www.gites-dordogne-sarlat.fr\/en\/terms-of-use\/"]}]},{"@type":"BreadcrumbList","@id":"https:\/\/www.gites-dordogne-sarlat.fr\/en\/terms-of-use\/#breadcrumb","itemListElement":[{"@type":"ListItem","position":1,"name":"Accueil","item":"https:\/\/www.gites-dordogne-sarlat.fr\/en\/"},{"@type":"ListItem","position":2,"name":"Terms of use"}]},{"@type":"WebSite","@id":"https:\/\/www.gites-dordogne-sarlat.fr\/en\/#website","url":"https:\/\/www.gites-dordogne-sarlat.fr\/en\/","name":"gites-dordogne-sarlat.fr","description":"","potentialAction":[{"@type":"SearchAction","target":{"@type":"EntryPoint","urlTemplate":"https:\/\/www.gites-dordogne-sarlat.fr\/en\/?s={search_term_string}"},"query-input":{"@type":"PropertyValueSpecification","valueRequired":true,"valueName":"search_term_string"}}],"inLanguage":"en-US"}]}},"_links":{"self":[{"href":"https:\/\/www.gites-dordogne-sarlat.fr\/en\/wp-json\/wp\/v2\/pages\/7812","targetHints":{"allow":["GET"]}}],"collection":[{"href":"https:\/\/www.gites-dordogne-sarlat.fr\/en\/wp-json\/wp\/v2\/pages"}],"about":[{"href":"https:\/\/www.gites-dordogne-sarlat.fr\/en\/wp-json\/wp\/v2\/types\/page"}],"author":[{"embeddable":true,"href":"https:\/\/www.gites-dordogne-sarlat.fr\/en\/wp-json\/wp\/v2\/users\/2"}],"replies":[{"embeddable":true,"href":"https:\/\/www.gites-dordogne-sarlat.fr\/en\/wp-json\/wp\/v2\/comments?post=7812"}],"version-history":[{"count":4,"href":"https:\/\/www.gites-dordogne-sarlat.fr\/en\/wp-json\/wp\/v2\/pages\/7812\/revisions"}],"predecessor-version":[{"id":8372,"href":"https:\/\/www.gites-dordogne-sarlat.fr\/en\/wp-json\/wp\/v2\/pages\/7812\/revisions\/8372"}],"wp:attachment":[{"href":"https:\/\/www.gites-dordogne-sarlat.fr\/en\/wp-json\/wp\/v2\/media?parent=7812"}],"curies":[{"name":"wp","href":"https:\/\/api.w.org\/{rel}","templated":true}]}}